{"id":94,"date":"2011-10-20T09:46:26","date_gmt":"2011-10-20T09:46:26","guid":{"rendered":"http:\/\/www.goemuergen.de\/wordpress\/?page_id=94"},"modified":"2014-02-10T23:46:19","modified_gmt":"2014-02-10T22:46:19","slug":"unterseite-gemeinde","status":"publish","type":"page","link":"https:\/\/www.goemuergen.de\/?page_id=94","title":{"rendered":"Beschreibung des Dorfes"},"content":{"rendered":"<p><span style=\"color: #000000;\"><strong>\u00a0\u00a0<\/strong><\/span><\/p>\n<p><strong>Geographie <\/strong><\/p>\n<p>G\u00f6m\u00fcrgen geh\u00f6rt zum Landkreis Akk\u0131\u015fla, der wiederum zur Provinz Kayseri geh\u00f6rt. Es liegt 6 Kilometer von Akk\u0131\u015fla und 86 Kilometer von Kayseri entfernt. Im Osten und S\u00fcdosten befinden sich der H\u0131nz\u0131r Berg und das Dorf Ortak\u00f6y.<\/p>\n<p>Akk\u0131\u015fla liegt westlich von G\u00f6m\u00fcrgen. S\u00fcdlich von G\u00f6m\u00fcrgen, ebenfalls dem Landkreis Akk\u0131\u015fla zugeh\u00f6rig liegt deer Bezirk U\u011furlu und das Dorf Gan\u0131\u015feh.<\/p>\n<p>G\u00f6m\u00fcrgen, das \u00fcber 1400-1500m \u00fcber dem Meeresspiegel liegt verf\u00fcgt ein Landklima. Die Vegetation erinnert an eine W\u00fcste. Der Grund daf\u00fcr liegt in der stetigen \u00dcberweidung und dem unverh\u00e4ltnism\u00e4\u00dfigen Roden um das Land in Acker-und Weideland umzuwandeln. Dies wiederum ist der Grund f\u00fcr die Erosionsgefahr in und um G\u00f6m\u00fcrgen.<\/p>\n<p><strong>Wohnraum und Bodenstruktur <\/strong><\/p>\n<p>Aufgrund der steigenden Einwohnerzahl, der zusammengew\u00fcrfelten Bebauung und der Tatsache das auf die Bed\u00fcrfnisse des Dorfes nicht eingegangen worden ist, sind neue Siedlungsgebiete gerade erst entstanden. Diese Siedlungsgebiete sind jedoch ohne Plan erreichtet worden und nehmen unn\u00f6tig ein weites Gebiet ein, wodurch eine Bildung der Infrastruktur in diese Gebiete erschwert wird. Eine Abwasserversorgung gibt es im Dorf nicht.<\/p>\n<p><strong>Soziale Struktur, Br\u00e4uche und sportliche Aktivit\u00e4ten <\/strong><\/p>\n<p>Ein sehr gro\u00dfer Teil der Bev\u00f6lkerung ist nicht Sozialversichert. Das Leben der Alten, Armen und Behinderten wird immer schwieriger. Die jungen Leute sind meist ohne Ausbildung und Beruf und ihre Zukunft ist ungewiss. Sportliche Aktivit\u00e4ten oder Vereine gibt es wenig.<br \/>\n<strong>Die Probleme des Dorfes <\/strong><br \/>\n&nbsp;<\/p>\n<p>Wie oben schon aufgezeigt hat die Gemeinde viele Probleme, die sich in der ganzen T\u00fcrkei widerspiegeln<\/p>\n<p>Die Hauptprobleme sind folgende:<br \/>\n1.Die landwirtschaftliche Produktion ist nicht zeitgem\u00e4\u00df und die Erwirtschaftung ungen\u00fcgend<br \/>\n2.Das Bildungssystem ist von unterdurchschnittlicher Qualit\u00e4t<br \/>\n3.Das Dorf hat Trinkwasser- und Bew\u00e4sserungsprobleme<br \/>\n4.Das Dorf ist stark von Erosion betroffen<br \/>\n5.Die Dorfjugend ist ohne Halt und ihrer eigene Zukunft unsicher.<\/p>\n<p>&nbsp;<\/p>\n","protected":false},"excerpt":{"rendered":"<p>\u00a0\u00a0 Geographie G\u00f6m\u00fcrgen geh\u00f6rt zum Landkreis Akk\u0131\u015fla, der wiederum zur Provinz Kayseri geh\u00f6rt. Es liegt 6 Kilometer von Akk\u0131\u015fla und 86 Kilometer von Kayseri entfernt. Im Osten und S\u00fcdosten befinden sich der H\u0131nz\u0131r Berg und das Dorf Ortak\u00f6y. Akk\u0131\u015fla liegt westlich von G\u00f6m\u00fcrgen. S\u00fcdlich von G\u00f6m\u00fcrgen, ebenfalls dem Landkreis Akk\u0131\u015fla zugeh\u00f6rig liegt deer Bezirk U\u011furlu [&hellip;]<\/p>\n","protected":false},"author":1,"featured_media":0,"parent":87,"menu_order":0,"comment_status":"closed","ping_status":"closed","template":"","meta":{"ngg_post_thumbnail":0,"footnotes":""},"class_list":["post-94","page","type-page","status-publish","hentry"],"_links":{"self":[{"href":"https:\/\/www.goemuergen.de\/index.php?rest_route=\/wp\/v2\/pages\/94","targetHints":{"allow":["GET"]}}],"collection":[{"href":"https:\/\/www.goemuergen.de\/index.php?rest_route=\/wp\/v2\/pages"}],"about":[{"href":"https:\/\/www.goemuergen.de\/index.php?rest_route=\/wp\/v2\/types\/page"}],"author":[{"embeddable":true,"href":"https:\/\/www.goemuergen.de\/index.php?rest_route=\/wp\/v2\/users\/1"}],"replies":[{"embeddable":true,"href":"https:\/\/www.goemuergen.de\/index.php?rest_route=%2Fwp%2Fv2%2Fcomments&post=94"}],"version-history":[{"count":0,"href":"https:\/\/www.goemuergen.de\/index.php?rest_route=\/wp\/v2\/pages\/94\/revisions"}],"up":[{"embeddable":true,"href":"https:\/\/www.goemuergen.de\/index.php?rest_route=\/wp\/v2\/pages\/87"}],"wp:attachment":[{"href":"https:\/\/www.goemuergen.de\/index.php?rest_route=%2Fwp%2Fv2%2Fmedia&parent=94"}],"curies":[{"name":"wp","href":"https:\/\/api.w.org\/{rel}","templated":true}]}}