{"id":2957,"date":"2014-06-22T16:37:13","date_gmt":"2014-06-22T14:37:13","guid":{"rendered":"http:\/\/www.goemuergen.de\/?page_id=2957"},"modified":"2014-06-22T16:37:13","modified_gmt":"2014-06-22T14:37:13","slug":"%d8%a7%d9%85%d9%be%d8%b1%d9%86%d9%b9","status":"publish","type":"page","link":"https:\/\/www.goemuergen.de\/?page_id=2957&lang=ur","title":{"rendered":"\u0627\u0645\u067e\u0631\u0646\u0679"},"content":{"rendered":"<p>Gem\u00e4\u00df \u00a7 28 BDSG widerspreche ich jeder kommerziellen Verwendung und Weitergabe meiner Daten.<\/p>\n<p>Verantwortungsbereich<br \/>\nDas Impressum gilt nur f\u00fcr die Internetpr\u00e4senz unter der Adresse: www.goemuergen.de<\/p>\n<p>Verantwortliche Ansprechperson:<br \/>\n\u00d6mer Adig\u00fczel<\/p>\n<p>Anschrift:<br \/>\nKaiserstr. 19, 58332 Schwelm<\/p>\n<p>Elektronische Postadresse:oemer.adiguezel [bitte ersetzen mit einem at] goemuergen [bitte ersetzen mit einem punkt] de<\/p>\n<p>Zweck dieses Webprojektes:<br \/>\nInformationen rund um den Verein G\u00f6m\u00fcrgen.<\/p>\n<p>Urheberschutz und Nutzung<br \/>\nDer Urheber r\u00e4umt Ihnen ganz konkret das Nutzungsrecht ein, sich eine private Kopie f\u00fcr pers\u00f6nliche Zwecke anzufertigen. Nicht berechtigt sind Sie dagegen, die Materialien zu ver\u00e4ndern und \/oder weiter zu geben oder gar selbst zu ver\u00f6ffentlichen.<br \/>\nWenn nicht ausdr\u00fccklich anders vermerkt, liegen die Urheberrechte f\u00fcr Texte bei G\u00f6m\u00fcrgen e.V.<\/p>\n<p>Datenschutz<br \/>\nPersonenbezogene Daten werden nur mit Ihrem Wissen und Ihrer Einwilligung erhoben. Auf Antrag erhalten Sie unentgeltlich Auskunft zu den \u00fcber Sie gespeicherten personenbezogenen Daten. Wenden Sie sich dazu bitte an: \u00d6mer Adig\u00fczel (oemer.adiguezel [bitte ersetzen mit einem at] goemuergen [bitte ersetzen mit einem punkt] de)<\/p>\n<p>Keine Haftung<br \/>\nDie Inhalte dieses Webprojektes wurden sorgf\u00e4ltig gepr\u00fcft und nach bestem Wissen erstellt. Aber f\u00fcr die hier dargebotenen Informationen wird kein Anspruch auf Vollst\u00e4ndigkeit, Aktualit\u00e4t, Qualit\u00e4t und Richtigkeit erhoben. Es kann keine Verantwortung f\u00fcr Sch\u00e4den \u00fcbernommen werden, die durch das Vertrauen auf die Inhalte dieser Website oder deren Gebrauch entstehen.<\/p>\n<p>Schutzrechtsverletzung<br \/>\nFalls Sie vermuten, dass von dieser Website aus eines Ihrer Schutzrechte verletzt wird, teilen Sie das bitte umgehend per elektronischer Post mit, damit z\u00fcgig Abhilfe geschafft werden kann. Bitte nehmen Sie zur Kenntnis: Die zeitaufw\u00e4ndigere Einschaltung eines Anwaltes zur f\u00fcr den Diensteanbieter kostenpflichtigen Abmahnung entspricht nicht dessen wirklichen oder mutma\u00dflichen Willen.<\/p>\n<p>Askimet<br \/>\nDiese Website benutzt den Askimet Anti Spam Filter um m\u00f6gliche Spam Kommentare abzuwehren. Dieser untersucht den abgegebenen Kommentar, in dem er folgende Inhalte an einen Server in den USA sendet und dort mit einer langen Liste von gesperrten W\u00f6rtern, IP Adressen, E-Mail Adressen, Domains usw. abgleicht.<\/p>\n<p>\u2022Author des Kommentars (comment_author)<br \/>\n\u2022E-Mail Adresse des Kommentators (comment_author_email)<br \/>\n\u2022ggf. Homepage Adresse des Kommentators (comment_author_url)<br \/>\n\u2022ggf. die User ID bei eingeloggten Usern (user_ID)<br \/>\n\u2022IP Adresse des Kommentators (user_ip)<br \/>\n\u2022Webbrowserdaten des Kommentators(user_agent)<br \/>\n\u2022Vorher besuchte Webseite (referrer)<br \/>\nSollte Ihre Kommentar durch den Abgleich mit der Akismet Datenbank als Spam erkannt werden gibt der Akismet Anti Spam Filter eine Spam Meldung zur\u00fcck. Damit der Filter lernen kann, werden die Daten auf den Servern in den USA speichert. Ich habe keinerlei Einflu\u00df darauf welche Informationen dort dauerhaft gespeichert werden und kann diese auch nicht einsehen! Wenn Sie damit nicht einverstanden sind, d\u00fcrfen Sie hier auf diesen Seiten keinen Kommentar abgeben.<\/p>\n","protected":false},"excerpt":{"rendered":"<p>Gem\u00e4\u00df \u00a7 28 BDSG widerspreche ich jeder kommerziellen Verwendung und Weitergabe meiner Daten. Verantwortungsbereich Das Impressum gilt nur f\u00fcr die Internetpr\u00e4senz unter der Adresse: www.goemuergen.de Verantwortliche Ansprechperson: \u00d6mer Adig\u00fczel Anschrift: Kaiserstr. 19, 58332 Schwelm Elektronische Postadresse:oemer.adiguezel [bitte ersetzen mit einem at] goemuergen [bitte ersetzen mit einem punkt] de Zweck dieses Webprojektes: Informationen rund um den [&hellip;]<\/p>\n","protected":false},"author":1,"featured_media":0,"parent":0,"menu_order":73,"comment_status":"closed","ping_status":"open","template":"","meta":{"ngg_post_thumbnail":0,"footnotes":""},"class_list":["post-2957","page","type-page","status-publish","hentry"],"_links":{"self":[{"href":"https:\/\/www.goemuergen.de\/index.php?rest_route=\/wp\/v2\/pages\/2957","targetHints":{"allow":["GET"]}}],"collection":[{"href":"https:\/\/www.goemuergen.de\/index.php?rest_route=\/wp\/v2\/pages"}],"about":[{"href":"https:\/\/www.goemuergen.de\/index.php?rest_route=\/wp\/v2\/types\/page"}],"author":[{"embeddable":true,"href":"https:\/\/www.goemuergen.de\/index.php?rest_route=\/wp\/v2\/users\/1"}],"replies":[{"embeddable":true,"href":"https:\/\/www.goemuergen.de\/index.php?rest_route=%2Fwp%2Fv2%2Fcomments&post=2957"}],"version-history":[{"count":0,"href":"https:\/\/www.goemuergen.de\/index.php?rest_route=\/wp\/v2\/pages\/2957\/revisions"}],"wp:attachment":[{"href":"https:\/\/www.goemuergen.de\/index.php?rest_route=%2Fwp%2Fv2%2Fmedia&parent=2957"}],"curies":[{"name":"wp","href":"https:\/\/api.w.org\/{rel}","templated":true}]}}