{"id":2913,"date":"2014-06-22T16:13:37","date_gmt":"2014-06-22T14:13:37","guid":{"rendered":"http:\/\/www.goemuergen.de\/?page_id=2913"},"modified":"2014-12-15T13:13:15","modified_gmt":"2014-12-15T12:13:15","slug":"%d8%b9%d8%b7%db%8c%db%81-%d9%85%d8%b9%d9%84%d9%88%d9%85%d8%a7%d8%aa","status":"publish","type":"page","link":"https:\/\/www.goemuergen.de\/?page_id=2913&lang=ur","title":{"rendered":"\u0639\u0637\u06cc\u06c1 \u0645\u0639\u0644\u0648\u0645\u0627\u062a"},"content":{"rendered":"<p>Hilfswerk G\u00f6m\u00fcrgen e.V.<br \/>\nSt\u00e4dtische Sparkasse zu Schwelm<br \/>\nKontonummer: 15172<br \/>\nBLZ: 454 51 555<br \/>\nIBAN: DE83 4545 1555 0000 0151 72<br \/>\nBIC: WELADED1SLM<\/p>\n","protected":false},"excerpt":{"rendered":"<p>Hilfswerk G\u00f6m\u00fcrgen e.V. St\u00e4dtische Sparkasse zu Schwelm Kontonummer: 15172 BLZ: 454 51 555 IBAN: DE83 4545 1555 0000 0151 72 BIC: WELADED1SLM<\/p>\n","protected":false},"author":1,"featured_media":0,"parent":2904,"menu_order":3,"comment_status":"closed","ping_status":"open","template":"","meta":{"ngg_post_thumbnail":0,"footnotes":""},"class_list":["post-2913","page","type-page","status-publish","hentry"],"_links":{"self":[{"href":"https:\/\/www.goemuergen.de\/index.php?rest_route=\/wp\/v2\/pages\/2913","targetHints":{"allow":["GET"]}}],"collection":[{"href":"https:\/\/www.goemuergen.de\/index.php?rest_route=\/wp\/v2\/pages"}],"about":[{"href":"https:\/\/www.goemuergen.de\/index.php?rest_route=\/wp\/v2\/types\/page"}],"author":[{"embeddable":true,"href":"https:\/\/www.goemuergen.de\/index.php?rest_route=\/wp\/v2\/users\/1"}],"replies":[{"embeddable":true,"href":"https:\/\/www.goemuergen.de\/index.php?rest_route=%2Fwp%2Fv2%2Fcomments&post=2913"}],"version-history":[{"count":0,"href":"https:\/\/www.goemuergen.de\/index.php?rest_route=\/wp\/v2\/pages\/2913\/revisions"}],"up":[{"embeddable":true,"href":"https:\/\/www.goemuergen.de\/index.php?rest_route=\/wp\/v2\/pages\/2904"}],"wp:attachment":[{"href":"https:\/\/www.goemuergen.de\/index.php?rest_route=%2Fwp%2Fv2%2Fmedia&parent=2913"}],"curies":[{"name":"wp","href":"https:\/\/api.w.org\/{rel}","templated":true}]}}