{"id":2900,"date":"2014-06-22T16:04:41","date_gmt":"2014-06-22T14:04:41","guid":{"rendered":"http:\/\/www.goemuergen.de\/?page_id=2900"},"modified":"2014-06-22T16:04:41","modified_gmt":"2014-06-22T14:04:41","slug":"reforestation-%d9%85%d9%86%d8%b5%d9%88%d8%a8%d9%88%da%ba","status":"publish","type":"page","link":"https:\/\/www.goemuergen.de\/?page_id=2900&lang=ur","title":{"rendered":"Reforestation \u0645\u0646\u0635\u0648\u0628\u0648\u06ba"},"content":{"rendered":"<p>Projekt 1: Zirebelik<br \/>\n\n<table id=\"tablepress-9\" class=\"tablepress tablepress-id-9\">\n<thead>\n<tr class=\"row-1\">\n\t<th class=\"column-1\">Jahr<\/th><th class=\"column-2\">Arial [Hektar]<\/th><th class=\"column-3\">Setzling Gr\u00f6\u00dfe<\/th><th class=\"column-4\">Setzlinge<\/th>\n<\/tr>\n<\/thead>\n<tbody>\n<tr class=\"row-2\">\n\t<td class=\"column-1\">2009\t<\/td><td class=\"column-2\">2<\/td><td class=\"column-3\">50 cm \u2013 1 mt<\/td><td class=\"column-4\">Walnuss : 250 St\u00fcck<br \/>\r\nKiefer : 800 St\u00fcck<br \/>\r\nMandel  : 350 St\u00fcck<br \/>\r\nAkazie : 300 St\u00fcck<br \/>\r\nFelsenkirsche (Mahlab)  : 100 St\u00fcck <br \/>\r\n<\/td>\n<\/tr>\n<tr class=\"row-3\">\n\t<td class=\"column-1\">2011<\/td><td class=\"column-2\">4<\/td><td class=\"column-3\">50 cm \u2013 1 mt\t<\/td><td class=\"column-4\">Mandeln : 200 St\u00fcck<br \/>\r\nWalnus    : 200 St\u00fcck<br \/>\r\nWeide    : 100 St\u00fcck<br \/>\r\nEiche     : 300 St\u00fcck<br \/>\r\n<\/td>\n<\/tr>\n<\/tbody>\n<\/table>\n<!-- #tablepress-9 from cache --><br \/>\n<div id=\"map_27ae1\" class=\"wpmaps\" style=\"width:600px; height:300px; overflow:hidden\"><\/div><script type=\"text\/javascript\">\/* <![CDATA[ *\/jQuery(document).ready(function($) {if (GBrowserIsCompatible()) {var map_27ae1 = new GMap2($(\"#map_27ae1\").get(0));var lat_27ae1 = new GLatLng(39.029111, 36.231236);map_27ae1.setCenter(lat_27ae1, 17);map_27ae1.setMapType(G_SATELLITE_MAP);map_27ae1.addControl(new GLargeMapControl());map_27ae1.addControl(new GMapTypeControl());map_27ae1.addOverlay(new GMarker(lat_27ae1));map_27ae1.openInfoWindowHtml(lat_27ae1, \"G\u00f6m\u00fcrgen <br \/>Zirebelik\");}});\/* ]]> *\/<\/script><\/p>\n<p>Projekt:\u00a02 D\u00fcz Pinar<br \/>\n\n<table id=\"tablepress-10\" class=\"tablepress tablepress-id-10\">\n<thead>\n<tr class=\"row-1\">\n\t<th class=\"column-1\">Jahr<\/th><th class=\"column-2\">Arial [Hektar]<\/th><th class=\"column-3\">Setzling Gr\u00f6sse<\/th><th class=\"column-4\">Setzlinge<\/th>\n<\/tr>\n<\/thead>\n<tbody>\n<tr class=\"row-2\">\n\t<td class=\"column-1\">2009<\/td><td class=\"column-2\">3<\/td><td class=\"column-3\">1 mt \u2013 1 mt<\/td><td class=\"column-4\">Walnuss     : 350 St\u00fcck<br \/>\r\nKorkeiche : 250 St\u00fcck<br \/>\r\nAkazie  : 200 St\u00fcck<\/td>\n<\/tr>\n<tr class=\"row-3\">\n\t<td class=\"column-1\">2010<\/td><td class=\"column-2\">3,5<\/td><td class=\"column-3\">1 mt \u2013 1 mt<\/td><td class=\"column-4\">Palamut        : 250 St\u00fcck<br \/>\r\nWaldkiefer        : 500 St\u00fcck<br \/>\r\nRosskastanie  : 200 St\u00fcck<br \/>\r\nWeide             : 100 St\u00fcck<br \/>\r\nSchwarzkiefer  : 700 St\u00fcck<\/td>\n<\/tr>\n<\/tbody>\n<\/table>\n<!-- #tablepress-10 from cache --><br \/>\n<div id=\"map_28d1d\" class=\"wpmaps\" style=\"width:600px; height:300px; overflow:hidden\"><\/div><script type=\"text\/javascript\">\/* <![CDATA[ *\/jQuery(document).ready(function($) {if (GBrowserIsCompatible()) {var map_28d1d = new GMap2($(\"#map_28d1d\").get(0));var lat_28d1d = new GLatLng(39.044019, 36.21436);map_28d1d.setCenter(lat_28d1d, 17);map_28d1d.setMapType(G_SATELLITE_MAP);map_28d1d.addControl(new GLargeMapControl());map_28d1d.addControl(new GMapTypeControl());map_28d1d.addOverlay(new GMarker(lat_28d1d));map_28d1d.openInfoWindowHtml(lat_28d1d, \"G\u00f6m\u00fcrgen <br \/>D\u00fcz Pinar\");}});\/* ]]> *\/<\/script><\/p>\n<p>Projekt: 3 B\u00fcy\u00fck Tepe<br \/>\n\n<table id=\"tablepress-11\" class=\"tablepress tablepress-id-11\">\n<thead>\n<tr class=\"row-1\">\n\t<th class=\"column-1\">Jahr<\/th><th class=\"column-2\">Arial [Hektar]<\/th><th class=\"column-3\">Setzling Gr\u00f6sse<\/th><th class=\"column-4\">Setzlinge<\/th>\n<\/tr>\n<\/thead>\n<tbody>\n<tr class=\"row-2\">\n\t<td class=\"column-1\">2011<\/td><td class=\"column-2\">3<\/td><td class=\"column-3\">1 mt \u2013 2 mt<\/td><td class=\"column-4\">Kiefer \t : 250 St\u00fcck<br \/>\r\nGelb-Kiefer : 350 St\u00fcck<br \/>\r\nZeder         : 250 St\u00fcck<br \/>\r\nKugelakazie :  50 St\u00fcck<br \/>\r\nFelsenkirsche (mahlep): 100 St\u00fcck<br \/>\r\n<\/td>\n<\/tr>\n<\/tbody>\n<\/table>\n<!-- #tablepress-11 from cache --><br \/>\n<div id=\"map_8b975\" class=\"wpmaps\" style=\"width:600px; height:300px; overflow:hidden\"><\/div><script type=\"text\/javascript\">\/* <![CDATA[ *\/jQuery(document).ready(function($) {if (GBrowserIsCompatible()) {var map_8b975 = new GMap2($(\"#map_8b975\").get(0));var lat_8b975 = new GLatLng(39.026535, 36.242641);map_8b975.setCenter(lat_8b975, 17);map_8b975.setMapType(G_SATELLITE_MAP);map_8b975.addControl(new GLargeMapControl());map_8b975.addControl(new GMapTypeControl());map_8b975.addOverlay(new GMarker(lat_8b975));map_8b975.openInfoWindowHtml(lat_8b975, \"G\u00f6m\u00fcrgen <br \/>K\u00fcl\u00fc Tepe\");}});\/* ]]> *\/<\/script><\/p>\n<p>Projekt: 4 P\u00f6rek<br \/>\n\n<table id=\"tablepress-12\" class=\"tablepress tablepress-id-12\">\n<thead>\n<tr class=\"row-1\">\n\t<th class=\"column-1\">Jahr<\/th><th class=\"column-2\">Arial [Hektar]<\/th><th class=\"column-3\">Setzling Gr\u00f6sse<\/th><th class=\"column-4\">Setzlinge<\/th>\n<\/tr>\n<\/thead>\n<tbody>\n<tr class=\"row-2\">\n\t<td class=\"column-1\">2010<\/td><td class=\"column-2\">3<\/td><td class=\"column-3\">50 cm \u2013 1 mt<\/td><td class=\"column-4\">Waldkiefer: 250 St\u00fcck<br \/>\r\nFelsenkirsche (Mahlep) : 150 St\u00fcck<br \/>\r\nEiche       : 250 St\u00fcck<br \/>\r\nAkazie   : 75 St\u00fcck<br \/>\r\nWeide      : 40 St\u00fcck<\/td>\n<\/tr>\n<tr class=\"row-3\">\n\t<td class=\"column-1\">2011<\/td><td class=\"column-2\">2<\/td><td class=\"column-3\">50 cm \u2013 1 mt<\/td><td class=\"column-4\">Gelb-Kiefer  : 100 St\u00fcck<br \/>\r\nFelsenkirsche (Mahlep)      : 200 St\u00fcck<br \/>\r\nEiche       : 200 St\u00fcck<br \/>\r\n<\/td>\n<\/tr>\n<\/tbody>\n<\/table>\n<!-- #tablepress-12 from cache --><br \/>\n<div id=\"map_06a19\" class=\"wpmaps\" style=\"width:600px; height:300px; overflow:hidden\"><\/div><script type=\"text\/javascript\">\/* <![CDATA[ *\/jQuery(document).ready(function($) {if (GBrowserIsCompatible()) {var map_06a19 = new GMap2($(\"#map_06a19\").get(0));var lat_06a19 = new GLatLng(39.009751, 36.27597);map_06a19.setCenter(lat_06a19, 18);map_06a19.setMapType(G_SATELLITE_MAP);map_06a19.addControl(new GLargeMapControl());map_06a19.addControl(new GMapTypeControl());map_06a19.addOverlay(new GMarker(lat_06a19));map_06a19.openInfoWindowHtml(lat_06a19, \"G\u00f6m\u00fcrgen <br \/>P\u00f6rek\");}});\/* ]]> *\/<\/script><\/p>\n<p>Projekt:\u00a05 Cerkez yolu<br \/>\n\n<table id=\"tablepress-21\" class=\"tablepress tablepress-id-21\">\n<thead>\n<tr class=\"row-1\">\n\t<th class=\"column-1\">Jahr<\/th><th class=\"column-2\">Arial [Hektar]<\/th><th class=\"column-3\">Setzling Gr\u00f6\u00dfe<\/th><th class=\"column-4\">Setzlinge<\/th>\n<\/tr>\n<\/thead>\n<tbody>\n<tr class=\"row-2\">\n\t<td class=\"column-1\">2009\t<\/td><td class=\"column-2\">3<\/td><td class=\"column-3\">1mt \u2013 2 mt<\/td><td class=\"column-4\">Walnuss  \t : 200 St\u00fcck<br \/>\r\nKiefer \t : 550 St\u00fcck<br \/>\r\nMandel       : 350 St\u00fcck<br \/>\r\nAkazie     : 100 St\u00fcck<br \/>\r\nFelsenkirsche (mahlep) : 400 St\u00fcck<br \/>\r\nGelb-Kiefer    : 400 St\u00fcck<br \/>\r\nZeder          :   50 St\u00fcck<br \/>\r\nWeide\t  :   75 St\u00fcck<\/td>\n<\/tr>\n<\/tbody>\n<\/table>\n<!-- #tablepress-21 from cache --><br \/>\n<div id=\"map_74df3\" class=\"wpmaps\" style=\"width:600px; height:300px; overflow:hidden\"><\/div><script type=\"text\/javascript\">\/* <![CDATA[ *\/jQuery(document).ready(function($) {if (GBrowserIsCompatible()) {var map_74df3 = new GMap2($(\"#map_74df3\").get(0));var lat_74df3 = new GLatLng(39.008105, 36.265504);map_74df3.setCenter(lat_74df3, 18);map_74df3.setMapType(G_SATELLITE_MAP);map_74df3.addControl(new GLargeMapControl());map_74df3.addControl(new GMapTypeControl());map_74df3.addOverlay(new GMarker(lat_74df3));map_74df3.openInfoWindowHtml(lat_74df3, \"G\u00f6m\u00fcrgen <br \/>Cerkezyolu\");}});\/* ]]> *\/<\/script><\/p>\n<p>Projekt:\u00a06 Yamac mevkii<br \/>\n\n<table id=\"tablepress-22\" class=\"tablepress tablepress-id-22\">\n<thead>\n<tr class=\"row-1\">\n\t<th class=\"column-1\">Jahr<\/th><th class=\"column-2\">Arial [Hektar]<\/th><th class=\"column-3\">Setzling Gr\u00f6\u00dfe<\/th><th class=\"column-4\">Setzlinge<\/th>\n<\/tr>\n<\/thead>\n<tbody>\n<tr class=\"row-2\">\n\t<td class=\"column-1\">20011<\/td><td class=\"column-2\">1<\/td><td class=\"column-3\">50 cm \u2013 1 mt<\/td><td class=\"column-4\">Mandel : 700 St\u00fcck<br \/>\r\nWalnuss   : 250 St\u00fcck<br \/>\r\nEiche : 200 St\u00fcck<br \/>\r\nWeide  : 25 St\u00fcck<\/td>\n<\/tr>\n<\/tbody>\n<\/table>\n<!-- #tablepress-22 from cache --><br \/>\n<div id=\"map_bbb2c\" class=\"wpmaps\" style=\"width:600px; height:300px; overflow:hidden\"><\/div><script type=\"text\/javascript\">\/* <![CDATA[ *\/jQuery(document).ready(function($) {if (GBrowserIsCompatible()) {var map_bbb2c = new GMap2($(\"#map_bbb2c\").get(0));var lat_bbb2c = new GLatLng(39.033686, 36.208642);map_bbb2c.setCenter(lat_bbb2c, 18);map_bbb2c.setMapType(G_SATELLITE_MAP);map_bbb2c.addControl(new GLargeMapControl());map_bbb2c.addControl(new GMapTypeControl());map_bbb2c.addOverlay(new GMarker(lat_bbb2c));map_bbb2c.openInfoWindowHtml(lat_bbb2c, \"G\u00f6m\u00fcrgen <br \/>Yamac mevkii\");}});\/* ]]> *\/<\/script><\/p>\n<p>Projekt:\u00a07 Mezarl\u0131k<br \/>\n\n<table id=\"tablepress-28\" class=\"tablepress tablepress-id-28\">\n<thead>\n<tr class=\"row-1\">\n\t<th class=\"column-1\">Jahr<\/th><th class=\"column-2\">Arial [Hektar]<\/th><th class=\"column-3\">Setzling Gr\u00f6\u00dfe<\/th><th class=\"column-4\">Setzlinge<\/th>\n<\/tr>\n<\/thead>\n<tbody>\n<tr class=\"row-2\">\n\t<td class=\"column-1\">\t<\/td><td class=\"column-2\"><\/td><td class=\"column-3\">50 cm \u2013 1 mt\t<\/td><td class=\"column-4\">\u00d6lbaum  :150 St\u00fcck<br \/>\r\nWeide\t     : 20 St\u00fcck<br \/>\r\nRosskastanie : 75 St\u00fcck<br \/>\r\nAkazie          : 20 St\u00fcck <br \/>\r\n<\/td>\n<\/tr>\n<\/tbody>\n<\/table>\n<!-- #tablepress-28 from cache --><br \/>\n<div id=\"map_58895\" class=\"wpmaps\" style=\"width:600px; height:300px; overflow:hidden\"><\/div><script type=\"text\/javascript\">\/* <![CDATA[ *\/jQuery(document).ready(function($) {if (GBrowserIsCompatible()) {var map_58895 = new GMap2($(\"#map_58895\").get(0));var lat_58895 = new GLatLng(39.03519, 36.217149);map_58895.setCenter(lat_58895, 18);map_58895.setMapType(G_SATELLITE_MAP);map_58895.addControl(new GLargeMapControl());map_58895.addControl(new GMapTypeControl());map_58895.addOverlay(new GMarker(lat_58895));map_58895.openInfoWindowHtml(lat_58895, \"G\u00f6m\u00fcrgen <br \/>Mezarl\u0131k\");}});\/* ]]> *\/<\/script><\/p>\n<p>Projekt:\u00a08 Kasaba \u0130\u00e7i Sanayi D\u00fckkanlar\u0131<br \/>\n\n<table id=\"tablepress-29\" class=\"tablepress tablepress-id-29\">\n<thead>\n<tr class=\"row-1\">\n\t<th class=\"column-1\">Jahr<\/th><th class=\"column-2\">Arial [Hektar]<\/th><th class=\"column-3\">Setzling Gr\u00f6\u00dfe<\/th><th class=\"column-4\">Setzlinge<\/th>\n<\/tr>\n<\/thead>\n<tbody>\n<tr class=\"row-2\">\n\t<td class=\"column-1\"><\/td><td class=\"column-2\"><\/td><td class=\"column-3\">1 mt \u2013 1 mt\t<\/td><td class=\"column-4\">Gelb-Kiefer : 500 St\u00fcck<br \/>\r\nEiche : 20 St\u00fcck<\/td>\n<\/tr>\n<\/tbody>\n<\/table>\n<!-- #tablepress-29 from cache --><br \/>\n<div id=\"map_de892\" class=\"wpmaps\" style=\"width:600px; height:300px; overflow:hidden\"><\/div><script type=\"text\/javascript\">\/* <![CDATA[ *\/jQuery(document).ready(function($) {if (GBrowserIsCompatible()) {var map_de892 = new GMap2($(\"#map_de892\").get(0));var lat_de892 = new GLatLng( 39.029965,  36.212453);map_de892.setCenter(lat_de892, 18);map_de892.setMapType(G_SATELLITE_MAP);map_de892.addControl(new GLargeMapControl());map_de892.addControl(new GMapTypeControl());map_de892.addOverlay(new GMarker(lat_de892));map_de892.openInfoWindowHtml(lat_de892, \"G\u00f6m\u00fcrgen <br \/>Kasaba \u0130\u00e7i Sanayi D\u00fckkanlar\u0131\");}});\/* ]]> *\/<\/script><\/p>\n<p>Projekt:\u00a09 \u00c7in\u00e7iklerin Harman\u0131<br \/>\n\n<table id=\"tablepress-30\" class=\"tablepress tablepress-id-30\">\n<thead>\n<tr class=\"row-1\">\n\t<th class=\"column-1\">Jahr<\/th><th class=\"column-2\">Arial [Hektar]<\/th><th class=\"column-3\">Setzling Gr\u00f6\u00dfe<\/th><th class=\"column-4\">Setzlinge<\/th>\n<\/tr>\n<\/thead>\n<tbody>\n<tr class=\"row-2\">\n\t<td class=\"column-1\"><\/td><td class=\"column-2\"><\/td><td class=\"column-3\">1 mt \u2013 2 mt<\/td><td class=\"column-4\">Gelb-Kiefer   : 300 St\u00fcck<br \/>\r\nZeder     : 250 St\u00fcck<br \/>\r\nSchwarzkiefer : 200 St\u00fcck<\/td>\n<\/tr>\n<\/tbody>\n<\/table>\n<!-- #tablepress-30 from cache --><br \/>\n<div id=\"map_f7d45\" class=\"wpmaps\" style=\"width:600px; height:300px; overflow:hidden\"><\/div><script type=\"text\/javascript\">\/* <![CDATA[ *\/jQuery(document).ready(function($) {if (GBrowserIsCompatible()) {var map_f7d45 = new GMap2($(\"#map_f7d45\").get(0));var lat_f7d45 = new GLatLng(39.028221, 36.212279);map_f7d45.setCenter(lat_f7d45, 18);map_f7d45.setMapType(G_SATELLITE_MAP);map_f7d45.addControl(new GLargeMapControl());map_f7d45.addControl(new GMapTypeControl());map_f7d45.addOverlay(new GMarker(lat_f7d45));map_f7d45.openInfoWindowHtml(lat_f7d45, \"G\u00f6m\u00fcrgen <br \/>\u00c7in\u00e7iklerin Harman\u0131\");}});\/* ]]> *\/<\/script><\/p>\n<p>Projekt:\u00a010 Harman\u0131ndere ve Park Yeri<br \/>\n\n<table id=\"tablepress-31\" class=\"tablepress tablepress-id-31\">\n<thead>\n<tr class=\"row-1\">\n\t<th class=\"column-1\">Jahr<\/th><th class=\"column-2\">Arial [Hektar]<\/th><th class=\"column-3\">Setzling Gr\u00f6\u00dfe<\/th><th class=\"column-4\">Setzlinge<\/th>\n<\/tr>\n<\/thead>\n<tbody>\n<tr class=\"row-2\">\n\t<td class=\"column-1\"><\/td><td class=\"column-2\"><\/td><td class=\"column-3\">50 cm \u2013 1 mt\t<\/td><td class=\"column-4\">Kiefer: 1000 St\u00fcck<\/td>\n<\/tr>\n<\/tbody>\n<\/table>\n<!-- #tablepress-31 from cache --><br \/>\n<div id=\"map_fa7dd\" class=\"wpmaps\" style=\"width:600px; height:300px; overflow:hidden\"><\/div><script type=\"text\/javascript\">\/* <![CDATA[ *\/jQuery(document).ready(function($) {if (GBrowserIsCompatible()) {var map_fa7dd = new GMap2($(\"#map_fa7dd\").get(0));var lat_fa7dd = new GLatLng(39.033686, 36.208642);map_fa7dd.setCenter(lat_fa7dd, 18);map_fa7dd.setMapType(G_SATELLITE_MAP);map_fa7dd.addControl(new GLargeMapControl());map_fa7dd.addControl(new GMapTypeControl());map_fa7dd.addOverlay(new GMarker(lat_fa7dd));map_fa7dd.openInfoWindowHtml(lat_fa7dd, \"G\u00f6m\u00fcrgen <br \/>Harman\u0131ndere ve Park Yeri\");}});\/* ]]> *\/<\/script><\/p>\n<p>Projekt:\u00a011 Sa\u011fl\u0131k Oca\u011f\u0131 Ve \u00c7evresi<br \/>\n\n<table id=\"tablepress-32\" class=\"tablepress tablepress-id-32\">\n<thead>\n<tr class=\"row-1\">\n\t<th class=\"column-1\">Jahr<\/th><th class=\"column-2\">Arial [Hektar]<\/th><th class=\"column-3\">Setzling Gr\u00f6\u00dfe<\/th><th class=\"column-4\">Setzlinge<\/th>\n<\/tr>\n<\/thead>\n<tbody>\n<tr class=\"row-2\">\n\t<td class=\"column-1\"><\/td><td class=\"column-2\"><\/td><td class=\"column-3\">1 mt \u2013 2 mt\t<\/td><td class=\"column-4\">Kiefer: 1200 Adet <\/td>\n<\/tr>\n<\/tbody>\n<\/table>\n<!-- #tablepress-32 from cache --><br \/>\n<div id=\"map_adfbc\" class=\"wpmaps\" style=\"width:600px; height:300px; overflow:hidden\"><\/div><script type=\"text\/javascript\">\/* <![CDATA[ *\/jQuery(document).ready(function($) {if (GBrowserIsCompatible()) {var map_adfbc = new GMap2($(\"#map_adfbc\").get(0));var lat_adfbc = new GLatLng(39.03647, 36.231902);map_adfbc.setCenter(lat_adfbc, 18);map_adfbc.setMapType(G_SATELLITE_MAP);map_adfbc.addControl(new GLargeMapControl());map_adfbc.addControl(new GMapTypeControl());map_adfbc.addOverlay(new GMarker(lat_adfbc));map_adfbc.openInfoWindowHtml(lat_adfbc, \"G\u00f6m\u00fcrgen <br \/>Sa\u011fl\u0131k Oca\u011f\u0131 Ve \u00c7evresi\");}});\/* ]]> *\/<\/script><\/p>\n<p>Projekt:\u00a012 Su Deposu<br \/>\n\n<table id=\"tablepress-33\" class=\"tablepress tablepress-id-33\">\n<thead>\n<tr class=\"row-1\">\n\t<th class=\"column-1\">Jahr<\/th><th class=\"column-2\">Arial [Hektar]<\/th><th class=\"column-3\">Setzling Gr\u00f6\u00dfe<\/th><th class=\"column-4\">Setzlinge<\/th>\n<\/tr>\n<\/thead>\n<tbody>\n<tr class=\"row-2\">\n\t<td class=\"column-1\"><\/td><td class=\"column-2\"><\/td><td class=\"column-3\">50 cm \u2013 1 mt<\/td><td class=\"column-4\">Gelb-Kiefer: 1000 St\u00fcck<\/td>\n<\/tr>\n<\/tbody>\n<\/table>\n<!-- #tablepress-33 from cache --><br \/>\n<div id=\"map_48a06\" class=\"wpmaps\" style=\"width:600px; height:300px; overflow:hidden\"><\/div><script type=\"text\/javascript\">\/* <![CDATA[ *\/jQuery(document).ready(function($) {if (GBrowserIsCompatible()) {var map_48a06 = new GMap2($(\"#map_48a06\").get(0));var lat_48a06 = new GLatLng(39.034503, 36.238950);map_48a06.setCenter(lat_48a06, 18);map_48a06.setMapType(G_SATELLITE_MAP);map_48a06.addControl(new GLargeMapControl());map_48a06.addControl(new GMapTypeControl());map_48a06.addOverlay(new GMarker(lat_48a06));map_48a06.openInfoWindowHtml(lat_48a06, \"G\u00f6m\u00fcrgen <br \/>Su Deposu\");}});\/* ]]> *\/<\/script><\/p>\n<p>Projekt:\u00a013 Tatar Deresi<br \/>\n\n<table id=\"tablepress-34\" class=\"tablepress tablepress-id-34\">\n<thead>\n<tr class=\"row-1\">\n\t<th class=\"column-1\">Jahr<\/th><th class=\"column-2\">Arial [Hektar]<\/th><th class=\"column-3\">Setzling Gr\u00f6\u00dfe<\/th><th class=\"column-4\">Setzlinge<\/th>\n<\/tr>\n<\/thead>\n<tbody>\n<tr class=\"row-2\">\n\t<td class=\"column-1\"><\/td><td class=\"column-2\"><\/td><td class=\"column-3\">50 cm \u2013 1 mt<\/td><td class=\"column-4\">Kiefer     : 200 St\u00fcck<br \/>\r\nFelsenkirsche (Mahlab) : 50 St\u00fcck<br \/>\r\nWeide     : 200 St\u00fcck<br \/>\r\nAkazie  : 150 St\u00fcck<\/td>\n<\/tr>\n<\/tbody>\n<\/table>\n<!-- #tablepress-34 from cache --><br \/>\n<div id=\"map_f95d3\" class=\"wpmaps\" style=\"width:600px; height:300px; overflow:hidden\"><\/div><script type=\"text\/javascript\">\/* <![CDATA[ *\/jQuery(document).ready(function($) {if (GBrowserIsCompatible()) {var map_f95d3 = new GMap2($(\"#map_f95d3\").get(0));var lat_f95d3 = new GLatLng(39.033686, 36.208642);map_f95d3.setCenter(lat_f95d3, 18);map_f95d3.setMapType(G_SATELLITE_MAP);map_f95d3.addControl(new GLargeMapControl());map_f95d3.addControl(new GMapTypeControl());map_f95d3.addOverlay(new GMarker(lat_f95d3));map_f95d3.openInfoWindowHtml(lat_f95d3, \"G\u00f6m\u00fcrgen <br \/>Tatar Deresi\");}});\/* ]]> *\/<\/script><\/p>\n<p>Projekt:\u00a014 \u00c7erkez Yolu Yol Kenar\u0131 (P\u00f6hrek Taraf\u0131)<br \/>\n\n<table id=\"tablepress-35\" class=\"tablepress tablepress-id-35\">\n<thead>\n<tr class=\"row-1\">\n\t<th class=\"column-1\">Jahr<\/th><th class=\"column-2\">Arial [Hektar]<\/th><th class=\"column-3\">Setzling Gr\u00f6\u00dfe<\/th><th class=\"column-4\">Setzlinge<\/th>\n<\/tr>\n<\/thead>\n<tbody>\n<tr class=\"row-2\">\n\t<td class=\"column-1\"><\/td><td class=\"column-2\"><\/td><td class=\"column-3\">50 cm \u2013 1 mt<\/td><td class=\"column-4\">Kiefer    : 50 St\u00fcck<br \/>\r\nWeide    : 50 St\u00fcck<\/td>\n<\/tr>\n<\/tbody>\n<\/table>\n<!-- #tablepress-35 from cache --><br \/>\n<div id=\"map_fa5fc\" class=\"wpmaps\" style=\"width:600px; height:300px; overflow:hidden\"><\/div><script type=\"text\/javascript\">\/* <![CDATA[ *\/jQuery(document).ready(function($) {if (GBrowserIsCompatible()) {var map_fa5fc = new GMap2($(\"#map_fa5fc\").get(0));var lat_fa5fc = new GLatLng(39.033686, 36.208642);map_fa5fc.setCenter(lat_fa5fc, 18);map_fa5fc.setMapType(G_SATELLITE_MAP);map_fa5fc.addControl(new GLargeMapControl());map_fa5fc.addControl(new GMapTypeControl());map_fa5fc.addOverlay(new GMarker(lat_fa5fc));map_fa5fc.openInfoWindowHtml(lat_fa5fc, \"G\u00f6m\u00fcrgen <br \/>\u00c7erkez Yolu Yol Kenar\u0131 (P\u00f6hrek Taraf\u0131)\");}});\/* ]]> *\/<\/script><\/p>\n<p>&nbsp;<\/p>\n","protected":false},"excerpt":{"rendered":"<p>Projekt 1: Zirebelik Projekt:\u00a02 D\u00fcz Pinar Projekt: 3 B\u00fcy\u00fck Tepe Projekt: 4 P\u00f6rek Projekt:\u00a05 Cerkez yolu Projekt:\u00a06 Yamac mevkii Projekt:\u00a07 Mezarl\u0131k Projekt:\u00a08 Kasaba \u0130\u00e7i Sanayi D\u00fckkanlar\u0131 Projekt:\u00a09 \u00c7in\u00e7iklerin Harman\u0131 Projekt:\u00a010 Harman\u0131ndere ve Park Yeri Projekt:\u00a011 Sa\u011fl\u0131k Oca\u011f\u0131 Ve \u00c7evresi Projekt:\u00a012 Su Deposu Projekt:\u00a013 Tatar Deresi Projekt:\u00a014 \u00c7erkez Yolu Yol Kenar\u0131 (P\u00f6hrek Taraf\u0131) &nbsp;<\/p>\n","protected":false},"author":1,"featured_media":0,"parent":2865,"menu_order":11,"comment_status":"closed","ping_status":"open","template":"","meta":{"ngg_post_thumbnail":0,"footnotes":""},"class_list":["post-2900","page","type-page","status-publish","hentry"],"_links":{"self":[{"href":"https:\/\/www.goemuergen.de\/index.php?rest_route=\/wp\/v2\/pages\/2900","targetHints":{"allow":["GET"]}}],"collection":[{"href":"https:\/\/www.goemuergen.de\/index.php?rest_route=\/wp\/v2\/pages"}],"about":[{"href":"https:\/\/www.goemuergen.de\/index.php?rest_route=\/wp\/v2\/types\/page"}],"author":[{"embeddable":true,"href":"https:\/\/www.goemuergen.de\/index.php?rest_route=\/wp\/v2\/users\/1"}],"replies":[{"embeddable":true,"href":"https:\/\/www.goemuergen.de\/index.php?rest_route=%2Fwp%2Fv2%2Fcomments&post=2900"}],"version-history":[{"count":0,"href":"https:\/\/www.goemuergen.de\/index.php?rest_route=\/wp\/v2\/pages\/2900\/revisions"}],"up":[{"embeddable":true,"href":"https:\/\/www.goemuergen.de\/index.php?rest_route=\/wp\/v2\/pages\/2865"}],"wp:attachment":[{"href":"https:\/\/www.goemuergen.de\/index.php?rest_route=%2Fwp%2Fv2%2Fmedia&parent=2900"}],"curies":[{"name":"wp","href":"https:\/\/api.w.org\/{rel}","templated":true}]}}