{"id":2806,"date":"2014-05-22T20:48:27","date_gmt":"2014-05-22T18:48:27","guid":{"rendered":"http:\/\/www.goemuergen.de\/?page_id=2806"},"modified":"2014-05-22T20:48:27","modified_gmt":"2014-05-22T18:48:27","slug":"indirizzi-links","status":"publish","type":"page","link":"https:\/\/www.goemuergen.de\/?page_id=2806&lang=it","title":{"rendered":"Indirizzi \/ Links"},"content":{"rendered":"<p><strong>Adressen \/ <\/strong><strong>Links<\/strong><\/p>\n<p><strong>G\u00d6M\u00dcRGEN K\u00dcLT\u00dcR VE YARDIMLA\u015eMA DERNE\u011e\u0130<\/strong><br \/>\nHilfswerk G\u00f6m\u00fcrgen e.V.<br \/>\nKaiserstr. 19<br \/>\n58332 Schwelm<br \/>\n<a href=\"http:\/\/www.goemuergen.de\/\">http:\/\/www.goemuergen.de\/<\/a><\/p>\n<p><strong>G\u00d6M\u00dcRGEN BELED\u0130YES\u0130<\/strong><br \/>\nG\u00f6m\u00fcrgen Belediye Ba\u015fkanl\u0131\u011f\u0131<br \/>\nAkk\u0131\u015fla-Kayseri T\u00fcrkiye<br \/>\nTelefon: +90 (0352) 595 5166<br \/>\nFaks:\u00a0\u00a0\u00a0\u00a0\u00a0\u00a0 +90 (0352) 595 5268<\/p>\n<p><strong>G\u00f6m\u00fcrgen Kasabasi Mensuplari Yardimla\u015fma Dayani\u015fma Derne\u011fi<\/strong><br \/>\n<a onclick=\"javascript:pageTracker._trackPageview('\/outgoing\/www.gomurgen.org\/');\"  href=\"http:\/\/www.gomurgen.org\/\">http:\/\/www.gomurgen.org\/<\/a><\/p>\n<p><strong>Avrupa Akkisla K\u00fclt\u00fcr ve Yardimlasma Dernegi<\/strong><br \/>\n<a onclick=\"javascript:pageTracker._trackPageview('\/outgoing\/www.akkisla.eu\/');\"  href=\"http:\/\/www.akkisla.eu\/\">http:\/\/www.akkisla.eu\/<\/a><\/p>\n<p><strong>Akk\u0131\u015fla E\u011fitim K\u00fclt\u00fcr ve Sosyal Dayan\u0131\u015fma Derne\u011fi<\/strong><br \/>\n<a onclick=\"javascript:pageTracker._trackPageview('\/outgoing\/www.akkisla.com.tr\/');\"  href=\"http:\/\/www.akkisla.com.tr\/\">http:\/\/www.akkisla.com.tr\/<\/a><\/p>\n<p><strong>Akk\u0131\u015fla ve Civar\u0131 E\u011fitim, K\u00fclt\u00fcr ve Dayan\u0131\u015fma Derne\u011fi<\/strong><br \/>\n<a onclick=\"javascript:pageTracker._trackPageview('\/outgoing\/www.akkisla.org\/');\"  href=\"http:\/\/www.akkisla.org\/\">http:\/\/www.akkisla.org\/<\/a><\/p>\n<p><strong>Kululu Belediyesi<\/strong><br \/>\n<a onclick=\"javascript:pageTracker._trackPageview('\/outgoing\/kululubelediyesi.blogspot.de\/');\"  href=\"http:\/\/kululubelediyesi.blogspot.de\/\">http:\/\/kululubelediyesi.blogspot.de\/<\/a><\/p>\n<p><strong>Alevk\u0131\u015fla K\u00f6y\u00fc<\/strong><br \/>\n<a onclick=\"javascript:pageTracker._trackPageview('\/outgoing\/www.alevkisla.de\/');\"  href=\"http:\/\/www.alevkisla.de\/\">http:\/\/www.alevkisla.de\/<\/a><\/p>\n<p><strong>T\u00dcRK KONSOLOSLU\u011eU<\/strong><br \/>\nRunge Str.9<br \/>\n10179 Berlin<br \/>\nTelefon: (49-30) 275 850<br \/>\nFaks: (49-30) 275 90 915<br \/>\n<a onclick=\"javascript:pageTracker._trackPageview('\/mailto\/turk.em.berlin@t-online.de');\"  href=\"mailto:turk.em.berlin@t-online.de\">turk.em.berlin@t-online.de<\/a><br \/>\n<a onclick=\"javascript:pageTracker._trackPageview('\/outgoing\/www.tcberlinbe.de\/');\"  href=\"http:\/\/www.tcberlinbe.de\/\">http:\/\/www.tcberlinbe.de\/<\/a><\/p>\n<p><strong>KAYSER\u0130 VAL\u0130L\u0130\u011e\u0130<\/strong><br \/>\n<a onclick=\"javascript:pageTracker._trackPageview('\/outgoing\/www.kayseri.gov.tr\/');\"  href=\"http:\/\/www.kayseri.gov.tr\/\">http:\/\/www.kayseri.gov.tr\/<\/a><\/p>\n<p><strong>KAYSER\u0130 B\u00dcY\u00dcK\u015eEH\u0130R BELED\u0130YES\u0130<\/strong><br \/>\n<a onclick=\"javascript:pageTracker._trackPageview('\/outgoing\/www.kayseri-bld.gov.tr\/');\"  href=\"http:\/\/www.kayseri-bld.gov.tr\/\">http:\/\/www.kayseri-bld.gov.tr\/<\/a><\/p>\n<p><strong>AKKI\u015eLA KAYMAKAMLI\u011eI<\/strong><br \/>\n<a onclick=\"javascript:pageTracker._trackPageview('\/outgoing\/www.akkisla.gov.tr\/');\"  href=\"http:\/\/www.akkisla.gov.tr\/\">http:\/\/www.akkisla.gov.tr\/<\/a><\/p>\n","protected":false},"excerpt":{"rendered":"<p>Adressen \/ Links G\u00d6M\u00dcRGEN K\u00dcLT\u00dcR VE YARDIMLA\u015eMA DERNE\u011e\u0130 Hilfswerk G\u00f6m\u00fcrgen e.V. Kaiserstr. 19 58332 Schwelm http:\/\/www.goemuergen.de\/ G\u00d6M\u00dcRGEN BELED\u0130YES\u0130 G\u00f6m\u00fcrgen Belediye Ba\u015fkanl\u0131\u011f\u0131 Akk\u0131\u015fla-Kayseri T\u00fcrkiye Telefon: +90 (0352) 595 5166 Faks:\u00a0\u00a0\u00a0\u00a0\u00a0\u00a0 +90 (0352) 595 5268 G\u00f6m\u00fcrgen Kasabasi Mensuplari Yardimla\u015fma Dayani\u015fma Derne\u011fi http:\/\/www.gomurgen.org\/ Avrupa Akkisla K\u00fclt\u00fcr ve Yardimlasma Dernegi http:\/\/www.akkisla.eu\/ Akk\u0131\u015fla E\u011fitim K\u00fclt\u00fcr ve Sosyal Dayan\u0131\u015fma Derne\u011fi http:\/\/www.akkisla.com.tr\/ [&hellip;]<\/p>\n","protected":false},"author":1,"featured_media":0,"parent":0,"menu_order":59,"comment_status":"closed","ping_status":"open","template":"","meta":{"ngg_post_thumbnail":0,"footnotes":""},"class_list":["post-2806","page","type-page","status-publish","hentry"],"_links":{"self":[{"href":"https:\/\/www.goemuergen.de\/index.php?rest_route=\/wp\/v2\/pages\/2806","targetHints":{"allow":["GET"]}}],"collection":[{"href":"https:\/\/www.goemuergen.de\/index.php?rest_route=\/wp\/v2\/pages"}],"about":[{"href":"https:\/\/www.goemuergen.de\/index.php?rest_route=\/wp\/v2\/types\/page"}],"author":[{"embeddable":true,"href":"https:\/\/www.goemuergen.de\/index.php?rest_route=\/wp\/v2\/users\/1"}],"replies":[{"embeddable":true,"href":"https:\/\/www.goemuergen.de\/index.php?rest_route=%2Fwp%2Fv2%2Fcomments&post=2806"}],"version-history":[{"count":0,"href":"https:\/\/www.goemuergen.de\/index.php?rest_route=\/wp\/v2\/pages\/2806\/revisions"}],"wp:attachment":[{"href":"https:\/\/www.goemuergen.de\/index.php?rest_route=%2Fwp%2Fv2%2Fmedia&parent=2806"}],"curies":[{"name":"wp","href":"https:\/\/api.w.org\/{rel}","templated":true}]}}