{"id":2767,"date":"2014-05-22T20:27:52","date_gmt":"2014-05-22T18:27:52","guid":{"rendered":"http:\/\/www.goemuergen.de\/?page_id=2767"},"modified":"2014-07-09T15:12:51","modified_gmt":"2014-07-09T13:12:51","slug":"descrizione-del-paese","status":"publish","type":"page","link":"https:\/\/www.goemuergen.de\/?page_id=2767&lang=it","title":{"rendered":"Descrizione del paese"},"content":{"rendered":"<p><strong>Geografia<\/strong><\/p>\n<p>G\u00f6m\u00fcrgen apparteine a Akkisla che appartiene alla provincia di Kayseri. Ad Akkisla sono 6 km e a Kayseri 86 km.<\/p>\n<p>La montagna die Hinzir e il villagio di Ortak\u00f6y sono a est e a sud-est.<\/p>\n<p>Akkisla si trova a ovest die G\u00f6m\u00fcrgen. Al sud di G\u00f6m\u00fcrgen anche l`appartenenza di distretto Akkisla \u00e8 cervi quartiere<\/p>\n<p>Ugurlu e il villagio Ganiseh.<\/p>\n<p>G\u00f6m\u00fcrgen che si trova a circa 1400-1500 m sopra il livello del mare ha un clima della terra. La vegetazione \u00e8 rievocativa<\/p>\n<p>di un deserto. C\u00e8 rischio di erosione in ed intorno a G\u00f6m\u00fcrgen.<\/p>\n<p><strong>Struttura edilizia e terreno<\/strong><\/p>\n<p>A causa dell`aumento della popolazione, coltivazione mista e il fatto che non sono state visto sui bisogni del villagio, sono<\/p>\n<p>stato costruito ancora poco fa nuove zone di insediamento. Queste zone per\u00f2 sono stato costruite senza organisazone.<\/p>\n<p>La creazione die una infrastruttura adesso e difficile. Non c\u00e8 neanche una fogna dentro il villagio.<\/p>\n<p><strong>Attivita sociali, tradizioni e sport<\/strong><\/p>\n<p>Una grande parte della popolazione non ha la assicurazione sociale. La vita dei vecchi, poveri e persone disabile diventa sempre piu difficile.<\/p>\n<p>I giovani sono senza studi e mistiere.<\/p>\n<p>Unione di sport non es\u00edstono nel villagio.<\/p>\n<p><strong>I problemi del villagio<\/strong><\/p>\n<p>1. La produzione agricola non \u00e8 piu attuale e la raccolta non \u00e8 insufficiente.<\/p>\n<p>2. Il sistema della scuola non ha qualit\u00e0.<\/p>\n<p>3. Il villagio ha problemi con aqua pulita e non ha la fogna.<\/p>\n<p>4. Il villagio \u00e8 fortamente influenzata da erosione.<\/p>\n<p>5. I giovani \u00e8 senza futuro.<\/p>\n","protected":false},"excerpt":{"rendered":"<p>Geografia G\u00f6m\u00fcrgen apparteine a Akkisla che appartiene alla provincia di Kayseri. Ad Akkisla sono 6 km e a Kayseri 86 km. La montagna die Hinzir e il villagio di Ortak\u00f6y sono a est e a sud-est. Akkisla si trova a ovest die G\u00f6m\u00fcrgen. Al sud di G\u00f6m\u00fcrgen anche l`appartenenza di distretto Akkisla \u00e8 cervi quartiere [&hellip;]<\/p>\n","protected":false},"author":1,"featured_media":0,"parent":2764,"menu_order":0,"comment_status":"closed","ping_status":"open","template":"","meta":{"ngg_post_thumbnail":0,"footnotes":""},"class_list":["post-2767","page","type-page","status-publish","hentry"],"_links":{"self":[{"href":"https:\/\/www.goemuergen.de\/index.php?rest_route=\/wp\/v2\/pages\/2767","targetHints":{"allow":["GET"]}}],"collection":[{"href":"https:\/\/www.goemuergen.de\/index.php?rest_route=\/wp\/v2\/pages"}],"about":[{"href":"https:\/\/www.goemuergen.de\/index.php?rest_route=\/wp\/v2\/types\/page"}],"author":[{"embeddable":true,"href":"https:\/\/www.goemuergen.de\/index.php?rest_route=\/wp\/v2\/users\/1"}],"replies":[{"embeddable":true,"href":"https:\/\/www.goemuergen.de\/index.php?rest_route=%2Fwp%2Fv2%2Fcomments&post=2767"}],"version-history":[{"count":0,"href":"https:\/\/www.goemuergen.de\/index.php?rest_route=\/wp\/v2\/pages\/2767\/revisions"}],"up":[{"embeddable":true,"href":"https:\/\/www.goemuergen.de\/index.php?rest_route=\/wp\/v2\/pages\/2764"}],"wp:attachment":[{"href":"https:\/\/www.goemuergen.de\/index.php?rest_route=%2Fwp%2Fv2%2Fmedia&parent=2767"}],"curies":[{"name":"wp","href":"https:\/\/api.w.org\/{rel}","templated":true}]}}