{"id":2759,"date":"2014-05-22T20:23:10","date_gmt":"2014-05-22T18:23:10","guid":{"rendered":"http:\/\/www.goemuergen.de\/?page_id=2759"},"modified":"2014-12-15T13:12:54","modified_gmt":"2014-12-15T12:12:54","slug":"informazioni-donazione","status":"publish","type":"page","link":"https:\/\/www.goemuergen.de\/?page_id=2759&lang=it","title":{"rendered":"Informazioni donazione"},"content":{"rendered":"<p>Hilfswerk G\u00f6m\u00fcrgen e.V.<br \/>\nSt\u00e4dtische Sparkasse zu Schwelm<br \/>\nKontonummer: 15172<br \/>\nBLZ: 454 51 555<br \/>\nIBAN: DE83 4545 1555 0000 0151 72<br \/>\nBIC: WELADED1SLM<\/p>\n","protected":false},"excerpt":{"rendered":"<p>Hilfswerk G\u00f6m\u00fcrgen e.V. St\u00e4dtische Sparkasse zu Schwelm Kontonummer: 15172 BLZ: 454 51 555 IBAN: DE83 4545 1555 0000 0151 72 BIC: WELADED1SLM<\/p>\n","protected":false},"author":1,"featured_media":0,"parent":2749,"menu_order":3,"comment_status":"closed","ping_status":"open","template":"","meta":{"ngg_post_thumbnail":0,"footnotes":""},"class_list":["post-2759","page","type-page","status-publish","hentry"],"_links":{"self":[{"href":"https:\/\/www.goemuergen.de\/index.php?rest_route=\/wp\/v2\/pages\/2759","targetHints":{"allow":["GET"]}}],"collection":[{"href":"https:\/\/www.goemuergen.de\/index.php?rest_route=\/wp\/v2\/pages"}],"about":[{"href":"https:\/\/www.goemuergen.de\/index.php?rest_route=\/wp\/v2\/types\/page"}],"author":[{"embeddable":true,"href":"https:\/\/www.goemuergen.de\/index.php?rest_route=\/wp\/v2\/users\/1"}],"replies":[{"embeddable":true,"href":"https:\/\/www.goemuergen.de\/index.php?rest_route=%2Fwp%2Fv2%2Fcomments&post=2759"}],"version-history":[{"count":0,"href":"https:\/\/www.goemuergen.de\/index.php?rest_route=\/wp\/v2\/pages\/2759\/revisions"}],"up":[{"embeddable":true,"href":"https:\/\/www.goemuergen.de\/index.php?rest_route=\/wp\/v2\/pages\/2749"}],"wp:attachment":[{"href":"https:\/\/www.goemuergen.de\/index.php?rest_route=%2Fwp%2Fv2%2Fmedia&parent=2759"}],"curies":[{"name":"wp","href":"https:\/\/api.w.org\/{rel}","templated":true}]}}