{"id":2497,"date":"2014-02-21T21:29:59","date_gmt":"2014-02-21T20:29:59","guid":{"rendered":"http:\/\/www.goemuergen.de\/?page_id=2497"},"modified":"2014-12-15T13:15:33","modified_gmt":"2014-12-15T12:15:33","slug":"informations-de-don","status":"publish","type":"page","link":"https:\/\/www.goemuergen.de\/?page_id=2497&lang=fr","title":{"rendered":"Informations de don"},"content":{"rendered":"<p>Hilfswerk G\u00f6m\u00fcrgen e.V.<br \/>\nSt\u00e4dtische Sparkasse zu Schwelm<br \/>\nKontonummer: 15172<br \/>\nBLZ: 454 51 555<br \/>\nIBAN: DE83 4545 1555 0000 0151 72<br \/>\nBIC: WELADED1SLM<\/p>\n","protected":false},"excerpt":{"rendered":"<p>Hilfswerk G\u00f6m\u00fcrgen e.V. St\u00e4dtische Sparkasse zu Schwelm Kontonummer: 15172 BLZ: 454 51 555 IBAN: DE83 4545 1555 0000 0151 72 BIC: WELADED1SLM<\/p>\n","protected":false},"author":1,"featured_media":0,"parent":2486,"menu_order":3,"comment_status":"closed","ping_status":"open","template":"","meta":{"ngg_post_thumbnail":0,"footnotes":""},"class_list":["post-2497","page","type-page","status-publish","hentry"],"_links":{"self":[{"href":"https:\/\/www.goemuergen.de\/index.php?rest_route=\/wp\/v2\/pages\/2497","targetHints":{"allow":["GET"]}}],"collection":[{"href":"https:\/\/www.goemuergen.de\/index.php?rest_route=\/wp\/v2\/pages"}],"about":[{"href":"https:\/\/www.goemuergen.de\/index.php?rest_route=\/wp\/v2\/types\/page"}],"author":[{"embeddable":true,"href":"https:\/\/www.goemuergen.de\/index.php?rest_route=\/wp\/v2\/users\/1"}],"replies":[{"embeddable":true,"href":"https:\/\/www.goemuergen.de\/index.php?rest_route=%2Fwp%2Fv2%2Fcomments&post=2497"}],"version-history":[{"count":0,"href":"https:\/\/www.goemuergen.de\/index.php?rest_route=\/wp\/v2\/pages\/2497\/revisions"}],"up":[{"embeddable":true,"href":"https:\/\/www.goemuergen.de\/index.php?rest_route=\/wp\/v2\/pages\/2486"}],"wp:attachment":[{"href":"https:\/\/www.goemuergen.de\/index.php?rest_route=%2Fwp%2Fv2%2Fmedia&parent=2497"}],"curies":[{"name":"wp","href":"https:\/\/api.w.org\/{rel}","templated":true}]}}