{"id":2492,"date":"2014-02-21T21:23:22","date_gmt":"2014-02-21T20:23:22","guid":{"rendered":"http:\/\/www.goemuergen.de\/?page_id=2492"},"modified":"2014-12-31T14:32:06","modified_gmt":"2014-12-31T13:32:06","slug":"statuts","status":"publish","type":"page","link":"https:\/\/www.goemuergen.de\/?page_id=2492&lang=fr","title":{"rendered":"Statuts"},"content":{"rendered":"<p>G\u00f6m\u00fcrgen K\u00fclt\u00fcr ve Yard\u0131mla\u015fma Derne\u011fi&#8217;nin t\u00fcz\u00fc\u011f\u00fc i\u00e7in l\u00fctfen a\u015fa\u011f\u0131daki adrese ba\u015fvurunuz:<\/p>\n<p>Hilfswerk G\u00f6m\u00fcrgen e.V.<br \/>\nc\/o\u00a0\u00d6mer\u00a0Adig\u00fczel<br \/>\nAusblick 43<br \/>\n42113 Wuppertal<br \/>\nDeutschland<\/p>\n<p>Email: <a onclick=\"javascript:pageTracker._trackPageview('\/mailto\/info@goemuergen.de');\"  href=\"mailto:info@goemuergen.de\">info@goemuergen.de<\/a><\/p>\n","protected":false},"excerpt":{"rendered":"<p>G\u00f6m\u00fcrgen K\u00fclt\u00fcr ve Yard\u0131mla\u015fma Derne\u011fi&#8217;nin t\u00fcz\u00fc\u011f\u00fc i\u00e7in l\u00fctfen a\u015fa\u011f\u0131daki adrese ba\u015fvurunuz: Hilfswerk G\u00f6m\u00fcrgen e.V. c\/o\u00a0\u00d6mer\u00a0Adig\u00fczel Ausblick 43 42113 Wuppertal Deutschland Email: info@goemuergen.de<\/p>\n","protected":false},"author":1,"featured_media":0,"parent":2486,"menu_order":1,"comment_status":"closed","ping_status":"open","template":"","meta":{"ngg_post_thumbnail":0,"footnotes":""},"class_list":["post-2492","page","type-page","status-publish","hentry"],"_links":{"self":[{"href":"https:\/\/www.goemuergen.de\/index.php?rest_route=\/wp\/v2\/pages\/2492","targetHints":{"allow":["GET"]}}],"collection":[{"href":"https:\/\/www.goemuergen.de\/index.php?rest_route=\/wp\/v2\/pages"}],"about":[{"href":"https:\/\/www.goemuergen.de\/index.php?rest_route=\/wp\/v2\/types\/page"}],"author":[{"embeddable":true,"href":"https:\/\/www.goemuergen.de\/index.php?rest_route=\/wp\/v2\/users\/1"}],"replies":[{"embeddable":true,"href":"https:\/\/www.goemuergen.de\/index.php?rest_route=%2Fwp%2Fv2%2Fcomments&post=2492"}],"version-history":[{"count":0,"href":"https:\/\/www.goemuergen.de\/index.php?rest_route=\/wp\/v2\/pages\/2492\/revisions"}],"up":[{"embeddable":true,"href":"https:\/\/www.goemuergen.de\/index.php?rest_route=\/wp\/v2\/pages\/2486"}],"wp:attachment":[{"href":"https:\/\/www.goemuergen.de\/index.php?rest_route=%2Fwp%2Fv2%2Fmedia&parent=2492"}],"curies":[{"name":"wp","href":"https:\/\/api.w.org\/{rel}","templated":true}]}}