{"id":2458,"date":"2014-02-21T20:51:24","date_gmt":"2014-02-21T19:51:24","guid":{"rendered":"http:\/\/www.goemuergen.de\/?page_id=2458"},"modified":"2014-12-16T01:18:45","modified_gmt":"2014-12-16T00:18:45","slug":"association-3","status":"publish","type":"page","link":"https:\/\/www.goemuergen.de\/?page_id=2458&lang=fr","title":{"rendered":"Association"},"content":{"rendered":"<p>Chers compatriotes et villageois, nous, les villageois de la r\u00e9gion G\u00f6m\u00fcrgen de Kayseri, forme un total de 109 familles en Allemagne. Notre association se compose actuellement de 41 membres. Notre association n&#8217;a pas des intentions politiques. Nous voulons renforcer notre solidarit\u00e9, coh\u00e9sion\u00a0 et l&#8217;exp\u00e9rience de nos douaniers perdus, pratiques et traditions. Pour des questions ou des suggestions s&#8217;il vous pla\u00eet n&#8217;h\u00e9sitez pas \u00e0 nous contacter.<\/p>\n<p>Cordialement<br \/>\nAu nom de notre association<br \/>\nLe chef de la direction<\/p>\n","protected":false},"excerpt":{"rendered":"<p>Chers compatriotes et villageois, nous, les villageois de la r\u00e9gion G\u00f6m\u00fcrgen de Kayseri, forme un total de 109 familles en Allemagne. Notre association se compose actuellement de 41 membres. Notre association n&#8217;a pas des intentions politiques. Nous voulons renforcer notre solidarit\u00e9, coh\u00e9sion\u00a0 et l&#8217;exp\u00e9rience de nos douaniers perdus, pratiques et traditions. Pour des questions ou [&hellip;]<\/p>\n","protected":false},"author":1,"featured_media":0,"parent":0,"menu_order":13,"comment_status":"closed","ping_status":"open","template":"","meta":{"ngg_post_thumbnail":0,"footnotes":""},"class_list":["post-2458","page","type-page","status-publish","hentry"],"_links":{"self":[{"href":"https:\/\/www.goemuergen.de\/index.php?rest_route=\/wp\/v2\/pages\/2458","targetHints":{"allow":["GET"]}}],"collection":[{"href":"https:\/\/www.goemuergen.de\/index.php?rest_route=\/wp\/v2\/pages"}],"about":[{"href":"https:\/\/www.goemuergen.de\/index.php?rest_route=\/wp\/v2\/types\/page"}],"author":[{"embeddable":true,"href":"https:\/\/www.goemuergen.de\/index.php?rest_route=\/wp\/v2\/users\/1"}],"replies":[{"embeddable":true,"href":"https:\/\/www.goemuergen.de\/index.php?rest_route=%2Fwp%2Fv2%2Fcomments&post=2458"}],"version-history":[{"count":0,"href":"https:\/\/www.goemuergen.de\/index.php?rest_route=\/wp\/v2\/pages\/2458\/revisions"}],"wp:attachment":[{"href":"https:\/\/www.goemuergen.de\/index.php?rest_route=%2Fwp%2Fv2%2Fmedia&parent=2458"}],"curies":[{"name":"wp","href":"https:\/\/api.w.org\/{rel}","templated":true}]}}