{"id":2386,"date":"2014-02-14T00:32:02","date_gmt":"2014-02-13T23:32:02","guid":{"rendered":"http:\/\/www.goemuergen.de\/?page_id=2386"},"modified":"2014-12-15T13:13:34","modified_gmt":"2014-12-15T12:13:34","slug":"informacoes-doacao","status":"publish","type":"page","link":"https:\/\/www.goemuergen.de\/?page_id=2386&lang=pt-pt","title":{"rendered":"Informa\u00e7\u00f5es Doa\u00e7\u00e3o"},"content":{"rendered":"<p>Hilfswerk G\u00f6m\u00fcrgen e.V.<br \/>\nSt\u00e4dtische Sparkasse zu Schwelm<br \/>\nKontonummer: 15172<br \/>\nBLZ: 454 51 555<br \/>\nIBAN: DE83 4545 1555 0000 0151 72<br \/>\nBIC: WELADED1SLM<\/p>\n","protected":false},"excerpt":{"rendered":"<p>Hilfswerk G\u00f6m\u00fcrgen e.V. St\u00e4dtische Sparkasse zu Schwelm Kontonummer: 15172 BLZ: 454 51 555 IBAN: DE83 4545 1555 0000 0151 72 BIC: WELADED1SLM<\/p>\n","protected":false},"author":1,"featured_media":0,"parent":2376,"menu_order":3,"comment_status":"closed","ping_status":"open","template":"","meta":{"ngg_post_thumbnail":0,"footnotes":""},"class_list":["post-2386","page","type-page","status-publish","hentry"],"_links":{"self":[{"href":"https:\/\/www.goemuergen.de\/index.php?rest_route=\/wp\/v2\/pages\/2386","targetHints":{"allow":["GET"]}}],"collection":[{"href":"https:\/\/www.goemuergen.de\/index.php?rest_route=\/wp\/v2\/pages"}],"about":[{"href":"https:\/\/www.goemuergen.de\/index.php?rest_route=\/wp\/v2\/types\/page"}],"author":[{"embeddable":true,"href":"https:\/\/www.goemuergen.de\/index.php?rest_route=\/wp\/v2\/users\/1"}],"replies":[{"embeddable":true,"href":"https:\/\/www.goemuergen.de\/index.php?rest_route=%2Fwp%2Fv2%2Fcomments&post=2386"}],"version-history":[{"count":0,"href":"https:\/\/www.goemuergen.de\/index.php?rest_route=\/wp\/v2\/pages\/2386\/revisions"}],"up":[{"embeddable":true,"href":"https:\/\/www.goemuergen.de\/index.php?rest_route=\/wp\/v2\/pages\/2376"}],"wp:attachment":[{"href":"https:\/\/www.goemuergen.de\/index.php?rest_route=%2Fwp%2Fv2%2Fmedia&parent=2386"}],"curies":[{"name":"wp","href":"https:\/\/api.w.org\/{rel}","templated":true}]}}