{"id":2381,"date":"2014-02-14T00:24:26","date_gmt":"2014-02-13T23:24:26","guid":{"rendered":"http:\/\/www.goemuergen.de\/?page_id=2381"},"modified":"2014-12-31T14:32:24","modified_gmt":"2014-12-31T13:32:24","slug":"artigos-de-associacao","status":"publish","type":"page","link":"https:\/\/www.goemuergen.de\/?page_id=2381&lang=pt-pt","title":{"rendered":"Artigos de Associa\u00e7\u00e3o"},"content":{"rendered":"<p>G\u00f6m\u00fcrgen K\u00fclt\u00fcr ve Yard\u0131mla\u015fma Derne\u011fi&#8217;nin t\u00fcz\u00fc\u011f\u00fc i\u00e7in l\u00fctfen a\u015fa\u011f\u0131daki adrese ba\u015fvurunuz:<\/p>\n<p>Hilfswerk G\u00f6m\u00fcrgen e.V.<\/p>\n<p>c\/o \u00d6merAdig\u00fczel<\/p>\n<p>Ausblick 43<\/p>\n<p>42113 Wuppertal<\/p>\n<p>Germany<\/p>\n<p>Email: <a onclick=\"javascript:pageTracker._trackPageview('\/mailto\/info@goemuergen.de');\"  href=\"mailto:info@goemuergen.de\">info@goemuergen.de<\/a><\/p>\n","protected":false},"excerpt":{"rendered":"<p>G\u00f6m\u00fcrgen K\u00fclt\u00fcr ve Yard\u0131mla\u015fma Derne\u011fi&#8217;nin t\u00fcz\u00fc\u011f\u00fc i\u00e7in l\u00fctfen a\u015fa\u011f\u0131daki adrese ba\u015fvurunuz: Hilfswerk G\u00f6m\u00fcrgen e.V. c\/o \u00d6merAdig\u00fczel Ausblick 43 42113 Wuppertal Germany Email: info@goemuergen.de<\/p>\n","protected":false},"author":1,"featured_media":0,"parent":2376,"menu_order":1,"comment_status":"closed","ping_status":"open","template":"","meta":{"ngg_post_thumbnail":0,"footnotes":""},"class_list":["post-2381","page","type-page","status-publish","hentry"],"_links":{"self":[{"href":"https:\/\/www.goemuergen.de\/index.php?rest_route=\/wp\/v2\/pages\/2381","targetHints":{"allow":["GET"]}}],"collection":[{"href":"https:\/\/www.goemuergen.de\/index.php?rest_route=\/wp\/v2\/pages"}],"about":[{"href":"https:\/\/www.goemuergen.de\/index.php?rest_route=\/wp\/v2\/types\/page"}],"author":[{"embeddable":true,"href":"https:\/\/www.goemuergen.de\/index.php?rest_route=\/wp\/v2\/users\/1"}],"replies":[{"embeddable":true,"href":"https:\/\/www.goemuergen.de\/index.php?rest_route=%2Fwp%2Fv2%2Fcomments&post=2381"}],"version-history":[{"count":0,"href":"https:\/\/www.goemuergen.de\/index.php?rest_route=\/wp\/v2\/pages\/2381\/revisions"}],"up":[{"embeddable":true,"href":"https:\/\/www.goemuergen.de\/index.php?rest_route=\/wp\/v2\/pages\/2376"}],"wp:attachment":[{"href":"https:\/\/www.goemuergen.de\/index.php?rest_route=%2Fwp%2Fv2%2Fmedia&parent=2381"}],"curies":[{"name":"wp","href":"https:\/\/api.w.org\/{rel}","templated":true}]}}