{"id":2298,"date":"2014-02-10T23:48:39","date_gmt":"2014-02-10T22:48:39","guid":{"rendered":"http:\/\/www.goemuergen.de\/?page_id=2298"},"modified":"2014-02-13T22:10:59","modified_gmt":"2014-02-13T21:10:59","slug":"descripcion-de-la-localidad","status":"publish","type":"page","link":"https:\/\/www.goemuergen.de\/?page_id=2298&lang=es","title":{"rendered":"Descripci\u00f3n de la localidad"},"content":{"rendered":"<p><strong><span style=\"font-size: medium;\">Geograf\u00eda<\/span><\/strong><\/p>\n<p><span style=\"font-size: small;\">G\u00f6m\u00fcrgen pertenece al distrito Akk\u0131\u015fla, que a su vez pertenece a la provincia de Kayseri. Se encuentra a 6 kil\u00f3metros del Akk\u0131\u015fla y 86 kil\u00f3metros de Kayseri. Al este y sureste se encuentra la monta\u00f1a H\u0131nz\u0131r y el pueblo de Ortak\u00f6y.<\/span><\/p>\n<p><span style=\"font-size: small;\">Akk\u0131\u015fla situado al oeste de G\u00f6m\u00fcrgen. Al sur de G\u00f6m\u00fcrgen, tambi\u00e9n en el distrito la Akk\u0131\u015fla se encuentra U\u011furlu y el pueblo Gan\u0131\u015feh. <\/span><\/p>\n<p><span style=\"font-size: small;\">G\u00f6m\u00fcrgen, que es m\u00e1s de 1400-1500m sobre el nivel del mar, tiene un clima continental. La vegetaci\u00f3n es una reminiscencia de un desierto. La raz\u00f3n de esto es el exceso de pastoreo continuo y la desproporcionada Roden todo el pa\u00eds en las tierras de cultivo y pastos para convertir. Esto a su vez es la raz\u00f3n de los riesgos de erosi\u00f3n en los alrededores de G\u00f6m\u00fcrgen.<\/span><\/p>\n<p><span style=\"font-size: medium;\"><strong>Vivienda y estructura del suelo<\/strong> <\/span><\/p>\n<p><span style=\"font-size: small;\">Debido al la poblaci\u00f3n creciendo, la construcci\u00f3n libre y el hecho de que las necesidades del pueblo no se ha respectado, han crecido nuevos urbanizaciones.\u00a0 Estos urbanizaciones se han construido sin control y ocupan una amplia zona innecesario, en una manera que se pone m\u00e1s dif\u00edcil la realizaci\u00f3n de la infraestructura. Un regulaci\u00f3n del desague no existe en el pueblo. <\/span><\/p>\n<p><span style=\"font-size: small;\"><strong>Estructura social, costumbres y actividades deportivas<\/strong> <\/span><\/p>\n<p><span style=\"font-size: small;\">Una gran parte de la poblaci\u00f3n no es asegurado por la seguridad social. La vida de los ancianos, los pobres y los discapacitados es cada vez m\u00e1s dif\u00edcil. Los j\u00f3venes son a menudo sin formaci\u00f3n professional y su carrera y su futuro es incierto. Las actividades deportivas o clubes de deporte hay poca.<\/span><\/p>\n<p><strong><span style=\"font-size: medium;\">Los problemas del pueblo<\/span><\/strong><\/p>\n<p><span style=\"font-size: small;\">Ya como mencionado anteriormente, la comunidad tiene muchos problemas que se reflejan en toda Turqu\u00eda<\/span><\/p>\n<p><span style=\"font-size: small;\">Los principales problemas son los siguientes:<\/span><\/p>\n<p><span style=\"font-size: small;\">\u00a0 1.El producci\u00f3n agr\u00edcola no est\u00e1 al d\u00eda y con rendenmiento insuficiente<\/span><\/p>\n<p><span style=\"font-size: small;\">\u00a0 2.El sistema de educaci\u00f3n es de calidad regular.<\/span><\/p>\n<p><span style=\"font-size: small;\">\u00a0 3.El pueblo ha problemas de agua potable y de riego<\/span><\/p>\n<p><span style=\"font-size: small;\">\u00a0 4.El pueblo se ve afectada por la erosi\u00f3n<\/span><\/p>\n<p><span style=\"font-size: small;\">\u00a0 5 Los j\u00f3venes del pueblo son sin perspectiva y su propio futuro inseguro.<\/span><\/p>\n","protected":false},"excerpt":{"rendered":"<p>Geograf\u00eda G\u00f6m\u00fcrgen pertenece al distrito Akk\u0131\u015fla, que a su vez pertenece a la provincia de Kayseri. Se encuentra a 6 kil\u00f3metros del Akk\u0131\u015fla y 86 kil\u00f3metros de Kayseri. Al este y sureste se encuentra la monta\u00f1a H\u0131nz\u0131r y el pueblo de Ortak\u00f6y. Akk\u0131\u015fla situado al oeste de G\u00f6m\u00fcrgen. Al sur de G\u00f6m\u00fcrgen, tambi\u00e9n en el [&hellip;]<\/p>\n","protected":false},"author":1,"featured_media":0,"parent":2295,"menu_order":0,"comment_status":"closed","ping_status":"open","template":"","meta":{"ngg_post_thumbnail":0,"footnotes":""},"class_list":["post-2298","page","type-page","status-publish","hentry"],"_links":{"self":[{"href":"https:\/\/www.goemuergen.de\/index.php?rest_route=\/wp\/v2\/pages\/2298","targetHints":{"allow":["GET"]}}],"collection":[{"href":"https:\/\/www.goemuergen.de\/index.php?rest_route=\/wp\/v2\/pages"}],"about":[{"href":"https:\/\/www.goemuergen.de\/index.php?rest_route=\/wp\/v2\/types\/page"}],"author":[{"embeddable":true,"href":"https:\/\/www.goemuergen.de\/index.php?rest_route=\/wp\/v2\/users\/1"}],"replies":[{"embeddable":true,"href":"https:\/\/www.goemuergen.de\/index.php?rest_route=%2Fwp%2Fv2%2Fcomments&post=2298"}],"version-history":[{"count":0,"href":"https:\/\/www.goemuergen.de\/index.php?rest_route=\/wp\/v2\/pages\/2298\/revisions"}],"up":[{"embeddable":true,"href":"https:\/\/www.goemuergen.de\/index.php?rest_route=\/wp\/v2\/pages\/2295"}],"wp:attachment":[{"href":"https:\/\/www.goemuergen.de\/index.php?rest_route=%2Fwp%2Fv2%2Fmedia&parent=2298"}],"curies":[{"name":"wp","href":"https:\/\/api.w.org\/{rel}","templated":true}]}}