{"id":2276,"date":"2014-02-10T23:00:59","date_gmt":"2014-02-10T22:00:59","guid":{"rendered":"http:\/\/www.goemuergen.de\/?page_id=2276"},"modified":"2014-02-10T23:00:59","modified_gmt":"2014-02-10T22:00:59","slug":"los-proyectos-de-reforestacion","status":"publish","type":"page","link":"https:\/\/www.goemuergen.de\/?page_id=2276&lang=es","title":{"rendered":"Los proyectos de reforestaci\u00f3n"},"content":{"rendered":"<p>Project: 1 Zirebelik \n<table id=\"tablepress-17\" class=\"tablepress tablepress-id-17\">\n<thead>\n<tr class=\"row-1\">\n\t<th class=\"column-1\">Year<\/th><th class=\"column-2\">Area [Hektar]<\/th><th class=\"column-3\">Dimension<br \/>\r\n<\/th><th class=\"column-4\">Vegetable<br \/>\r\n<\/th>\n<\/tr>\n<\/thead>\n<tbody>\n<tr class=\"row-2\">\n\t<td class=\"column-1\">2009<\/td><td class=\"column-2\">2<\/td><td class=\"column-3\">50 cm \u2013 1 mt<\/td><td class=\"column-4\">walnut    : 250 numbers<br \/>\r\npine      : 800 numbers<br \/>\r\nalmond  : 350 numbers<br \/>\r\nacacia    : 300 numbers<br \/>\r\nmahaleb  : 100 numbers<br \/>\r\n<\/td>\n<\/tr>\n<tr class=\"row-3\">\n\t<td class=\"column-1\">2011<\/td><td class=\"column-2\">4<\/td><td class=\"column-3\">50 cm \u2013 1 mt<\/td><td class=\"column-4\">almond : 200 numbers<br \/>\r\nwalnut    : 200  numbers<br \/>\r\nwillow   : 100 numbers<br \/>\r\noak    : 300 numbers<br \/>\r\n<\/td>\n<\/tr>\n<\/tbody>\n<\/table>\n<!-- #tablepress-17 from cache --> <div id=\"map_d8dbd\" class=\"wpmaps\" style=\"width:600px; height:300px; overflow:hidden\"><\/div><script type=\"text\/javascript\">\/* <![CDATA[ *\/jQuery(document).ready(function($) {if (GBrowserIsCompatible()) {var map_d8dbd = new GMap2($(\"#map_d8dbd\").get(0));var lat_d8dbd = new GLatLng(39.029111, 36.231236);map_d8dbd.setCenter(lat_d8dbd, 17);map_d8dbd.setMapType(G_SATELLITE_MAP);map_d8dbd.addControl(new GLargeMapControl());map_d8dbd.addControl(new GMapTypeControl());map_d8dbd.addOverlay(new GMarker(lat_d8dbd));map_d8dbd.openInfoWindowHtml(lat_d8dbd, \"G\u00f6m\u00fcrgen <br \/>Zirebelik\");}});\/* ]]> *\/<\/script><\/p>\n<p>Project: 2 D\u00fcz Pinar \n<table id=\"tablepress-18\" class=\"tablepress tablepress-id-18\">\n<thead>\n<tr class=\"row-1\">\n\t<th class=\"column-1\">Year<\/th><th class=\"column-2\">Area [Hektar]<\/th><th class=\"column-3\">Dimension<br \/>\r\n<\/th><th class=\"column-4\">Vegetable<br \/>\r\n<\/th>\n<\/tr>\n<\/thead>\n<tbody>\n<tr class=\"row-2\">\n\t<td class=\"column-1\">2009<\/td><td class=\"column-2\">3<\/td><td class=\"column-3\">1 mt \u2013 1 mt<\/td><td class=\"column-4\">walnut      : 350 numbers<br \/>\r\nbonito  : 250 numbers<br \/>\r\nacacia  : 200 numbers<\/td>\n<\/tr>\n<tr class=\"row-3\">\n\t<td class=\"column-1\">2010<\/td><td class=\"column-2\">3,5<\/td><td class=\"column-3\">1 mt \u2013 1 mt<\/td><td class=\"column-4\">bonito        : 250 numbers<br \/>\r\nyellow pine  : 500 numbers<br \/>\r\nchestnut      : 200 numbers<br \/>\r\nwillow        : 100 numbers<br \/>\r\nblack pine   : 700 numbers<br \/>\r\n<\/td>\n<\/tr>\n<\/tbody>\n<\/table>\n<!-- #tablepress-18 from cache --> <div id=\"map_2af99\" class=\"wpmaps\" style=\"width:600px; height:300px; overflow:hidden\"><\/div><script type=\"text\/javascript\">\/* <![CDATA[ *\/jQuery(document).ready(function($) {if (GBrowserIsCompatible()) {var map_2af99 = new GMap2($(\"#map_2af99\").get(0));var lat_2af99 = new GLatLng(39.044019, 36.21436);map_2af99.setCenter(lat_2af99, 17);map_2af99.setMapType(G_SATELLITE_MAP);map_2af99.addControl(new GLargeMapControl());map_2af99.addControl(new GMapTypeControl());map_2af99.addOverlay(new GMarker(lat_2af99));map_2af99.openInfoWindowHtml(lat_2af99, \"G\u00f6m\u00fcrgen <br \/>D\u00fcz Pinar\");}});\/* ]]> *\/<\/script><\/p>\n<p>Project: 3 B\u00fcy\u00fck Tepe \n<table id=\"tablepress-19\" class=\"tablepress tablepress-id-19\">\n<thead>\n<tr class=\"row-1\">\n\t<th class=\"column-1\">Year<\/th><th class=\"column-2\">Area [Hektar]<\/th><th class=\"column-3\">Dimension<br \/>\r\n<\/th><th class=\"column-4\">Vegetable<br \/>\r\n<\/th>\n<\/tr>\n<\/thead>\n<tbody>\n<tr class=\"row-2\">\n\t<td class=\"column-1\">2011<\/td><td class=\"column-2\">3<\/td><td class=\"column-3\">1 mt \u2013 2 mt\t<\/td><td class=\"column-4\">pine  \t : 250 numbers<br \/>\r\nyelllow       : 350 numbers<br \/>\r\ncedar\t  : 250 numbers<br \/>\r\ntop acacia   : 50 numbers<br \/>\r\nmahaleb\t   : 100 numbers<\/td>\n<\/tr>\n<\/tbody>\n<\/table>\n<!-- #tablepress-19 from cache --> <div id=\"map_78e48\" class=\"wpmaps\" style=\"width:600px; height:300px; overflow:hidden\"><\/div><script type=\"text\/javascript\">\/* <![CDATA[ *\/jQuery(document).ready(function($) {if (GBrowserIsCompatible()) {var map_78e48 = new GMap2($(\"#map_78e48\").get(0));var lat_78e48 = new GLatLng(39.026535, 36.242641);map_78e48.setCenter(lat_78e48, 17);map_78e48.setMapType(G_SATELLITE_MAP);map_78e48.addControl(new GLargeMapControl());map_78e48.addControl(new GMapTypeControl());map_78e48.addOverlay(new GMarker(lat_78e48));map_78e48.openInfoWindowHtml(lat_78e48, \"G\u00f6m\u00fcrgen <br \/>B\u00fcy\u00fck Tepe\");}});\/* ]]> *\/<\/script><\/p>\n<p>Project: 4 P\u00f6rek \n<table id=\"tablepress-20\" class=\"tablepress tablepress-id-20\">\n<thead>\n<tr class=\"row-1\">\n\t<th class=\"column-1\">Year<\/th><th class=\"column-2\">Arial [Hektar]<\/th><th class=\"column-3\">Dimension<\/th><th class=\"column-4\">Vegetable<\/th>\n<\/tr>\n<\/thead>\n<tbody>\n<tr class=\"row-2\">\n\t<td class=\"column-1\">2010<\/td><td class=\"column-2\">3<\/td><td class=\"column-3\">50 cm \u2013 1 mt\t<\/td><td class=\"column-4\">yellow     : 250 numbers<br \/>\r\nmahaleb  : 150 numbers <br \/>\r\noak          : 250 numbers<br \/>\r\nacacia     : 75 numbers<br \/>\r\nwillow      : 40 numbers<\/td>\n<\/tr>\n<tr class=\"row-3\">\n\t<td class=\"column-1\">2011<\/td><td class=\"column-2\">2<\/td><td class=\"column-3\">50 cm \u2013 1 mt<\/td><td class=\"column-4\">yellow pine : 100 numbers<br \/>\r\nmahaleb     : 200 numbers<br \/>\r\noak\t : 200 numbers<\/td>\n<\/tr>\n<\/tbody>\n<\/table>\n<!-- #tablepress-20 from cache --> <div id=\"map_2afd5\" class=\"wpmaps\" style=\"width:600px; height:300px; overflow:hidden\"><\/div><script type=\"text\/javascript\">\/* <![CDATA[ *\/jQuery(document).ready(function($) {if (GBrowserIsCompatible()) {var map_2afd5 = new GMap2($(\"#map_2afd5\").get(0));var lat_2afd5 = new GLatLng(39.009751, 36.27597);map_2afd5.setCenter(lat_2afd5, 18);map_2afd5.setMapType(G_SATELLITE_MAP);map_2afd5.addControl(new GLargeMapControl());map_2afd5.addControl(new GMapTypeControl());map_2afd5.addOverlay(new GMarker(lat_2afd5));map_2afd5.openInfoWindowHtml(lat_2afd5, \"G\u00f6m\u00fcrgen <br \/>P\u00f6rek\");}});\/* ]]> *\/<\/script><\/p>\n<p>Project: 5 Cerkez yolu \n<table id=\"tablepress-25\" class=\"tablepress tablepress-id-25\">\n<thead>\n<tr class=\"row-1\">\n\t<th class=\"column-1\">Year<\/th><th class=\"column-2\">Arial [Hektar]<\/th><th class=\"column-3\">Dimension<br \/>\r\n<\/th><th class=\"column-4\">Vegetable<br \/>\r\n<\/th>\n<\/tr>\n<\/thead>\n<tbody>\n<tr class=\"row-2\">\n\t<td class=\"column-1\">2009\t<\/td><td class=\"column-2\">3<\/td><td class=\"column-3\">1mt \u2013 2 mt<\/td><td class=\"column-4\">walnut  \t : 200 numbers<br \/>\r\npine\t : 550 numbers<br \/>\r\nalmond       : 350 numbers<br \/>\r\nacacia      : 100 numbers<br \/>\r\nmahaleb       : 400 numbers<br \/>\r\nyellow pine    : 400 numbers<br \/>\r\ncedar         :   50 numbers<br \/>\r\nwillow\t  :   75 numbers<br \/>\r\n<\/td>\n<\/tr>\n<\/tbody>\n<\/table>\n<!-- #tablepress-25 from cache --> <div id=\"map_83379\" class=\"wpmaps\" style=\"width:600px; height:300px; overflow:hidden\"><\/div><script type=\"text\/javascript\">\/* <![CDATA[ *\/jQuery(document).ready(function($) {if (GBrowserIsCompatible()) {var map_83379 = new GMap2($(\"#map_83379\").get(0));var lat_83379 = new GLatLng(39.008105, 36.265504);map_83379.setCenter(lat_83379, 18);map_83379.setMapType(G_SATELLITE_MAP);map_83379.addControl(new GLargeMapControl());map_83379.addControl(new GMapTypeControl());map_83379.addOverlay(new GMarker(lat_83379));map_83379.openInfoWindowHtml(lat_83379, \"G\u00f6m\u00fcrgen <br \/>Cerkez yolu\");}});\/* ]]> *\/<\/script><\/p>\n<p>Project: 6 Yamac mevkii \n<table id=\"tablepress-26\" class=\"tablepress tablepress-id-26\">\n<thead>\n<tr class=\"row-1\">\n\t<th class=\"column-1\">Year<\/th><th class=\"column-2\">Area [Hektar]<\/th><th class=\"column-3\">Dimension<\/th><th class=\"column-4\">Vegetable<br \/>\r\n<\/th>\n<\/tr>\n<\/thead>\n<tbody>\n<tr class=\"row-2\">\n\t<td class=\"column-1\">20011<\/td><td class=\"column-2\">1<\/td><td class=\"column-3\">50 cm \u2013 1 mt<\/td><td class=\"column-4\">almond : 700 numbers<br \/>\r\nwalnut   : 250 numbers<br \/>\r\noak       : 200 numbers<br \/>\r\nwillow   : 25 numbers     <br \/>\r\n<\/td>\n<\/tr>\n<\/tbody>\n<\/table>\n<!-- #tablepress-26 from cache --> <div id=\"map_98677\" class=\"wpmaps\" style=\"width:600px; height:300px; overflow:hidden\"><\/div><script type=\"text\/javascript\">\/* <![CDATA[ *\/jQuery(document).ready(function($) {if (GBrowserIsCompatible()) {var map_98677 = new GMap2($(\"#map_98677\").get(0));var lat_98677 = new GLatLng(39.033686, 36.208642);map_98677.setCenter(lat_98677, 18);map_98677.setMapType(G_SATELLITE_MAP);map_98677.addControl(new GLargeMapControl());map_98677.addControl(new GMapTypeControl());map_98677.addOverlay(new GMarker(lat_98677));map_98677.openInfoWindowHtml(lat_98677, \"G\u00f6m\u00fcrgen <br \/>Yamac mevkii\");}});\/* ]]> *\/<\/script><\/p>\n<p>Project: 7 Mezarl\u0131k \n<table id=\"tablepress-27\" class=\"tablepress tablepress-id-27\">\n<thead>\n<tr class=\"row-1\">\n\t<th class=\"column-1\">Year<\/th><th class=\"column-2\">Arial [Hektar]<\/th><th class=\"column-3\">Dimension<br \/>\r\n<\/th><th class=\"column-4\">Vegetable<br \/>\r\n<\/th>\n<\/tr>\n<\/thead>\n<tbody>\n<tr class=\"row-2\">\n\t<td class=\"column-1\"><\/td><td class=\"column-2\"><\/td><td class=\"column-3\"><\/td><td class=\"column-4\">ashen  : 150 numbers<br \/>\r\nwillow    : 20 numbers<br \/>\r\nmaple    : 75 numbers<br \/>\r\nacacia   : 20 numbers     <br \/>\r\n<\/td>\n<\/tr>\n<\/tbody>\n<\/table>\n<!-- #tablepress-27 from cache --> <div id=\"map_d4332\" class=\"wpmaps\" style=\"width:600px; height:300px; overflow:hidden\"><\/div><script type=\"text\/javascript\">\/* <![CDATA[ *\/jQuery(document).ready(function($) {if (GBrowserIsCompatible()) {var map_d4332 = new GMap2($(\"#map_d4332\").get(0));var lat_d4332 = new GLatLng(39.03519, 36.217149);map_d4332.setCenter(lat_d4332, 18);map_d4332.setMapType(G_SATELLITE_MAP);map_d4332.addControl(new GLargeMapControl());map_d4332.addControl(new GMapTypeControl());map_d4332.addOverlay(new GMarker(lat_d4332));map_d4332.openInfoWindowHtml(lat_d4332, \"G\u00f6m\u00fcrgen <br \/>Mezarl\u0131k\");}});\/* ]]> *\/<\/script><\/p>\n<p>Project: 8 Kasaba \u0130\u00e7i Sanayi D\u00fckkanlar\u0131 \n<table id=\"tablepress-44\" class=\"tablepress tablepress-id-44\">\n<thead>\n<tr class=\"row-1\">\n\t<th class=\"column-1\">Year<\/th><th class=\"column-2\">Arial [Hektar]<\/th><th class=\"column-3\">Dimension<\/th><th class=\"column-4\">Vegetable<\/th>\n<\/tr>\n<\/thead>\n<tbody>\n<tr class=\"row-2\">\n\t<td class=\"column-1\"><\/td><td class=\"column-2\"><\/td><td class=\"column-3\">1 mt \u2013 1 mt\t<\/td><td class=\"column-4\">yellow pine : 500 numbers<br \/>\r\nbonito : 20 numbers<\/td>\n<\/tr>\n<\/tbody>\n<\/table>\n<!-- #tablepress-44 from cache --> <div id=\"map_666ab\" class=\"wpmaps\" style=\"width:600px; height:300px; overflow:hidden\"><\/div><script type=\"text\/javascript\">\/* <![CDATA[ *\/jQuery(document).ready(function($) {if (GBrowserIsCompatible()) {var map_666ab = new GMap2($(\"#map_666ab\").get(0));var lat_666ab = new GLatLng(39.029965, 36.212453);map_666ab.setCenter(lat_666ab, 18);map_666ab.setMapType(G_SATELLITE_MAP);map_666ab.addControl(new GLargeMapControl());map_666ab.addControl(new GMapTypeControl());map_666ab.addOverlay(new GMarker(lat_666ab));map_666ab.openInfoWindowHtml(lat_666ab, \"G\u00f6m\u00fcrgen <br \/>Kasaba \u0130\u00e7i Sanayi D\u00fckkanlar\u0131\");}});\/* ]]> *\/<\/script><\/p>\n<p>Project: 9 \u00c7in\u00e7iklerin Harman\u0131<strong><\/strong> \n<table id=\"tablepress-45\" class=\"tablepress tablepress-id-45\">\n<thead>\n<tr class=\"row-1\">\n\t<th class=\"column-1\">Year<\/th><th class=\"column-2\">Area [Hektar]<\/th><th class=\"column-3\">Dimension<\/th><th class=\"column-4\">Vegetable<\/th>\n<\/tr>\n<\/thead>\n<tbody>\n<tr class=\"row-2\">\n\t<td class=\"column-1\"><\/td><td class=\"column-2\"><\/td><td class=\"column-3\">1 mt \u2013 2 mt<\/td><td class=\"column-4\">yellow pine  : 300 numbers cedar        : 250 numbers<br \/>\r\nblack pine : 200 numbers<\/td>\n<\/tr>\n<\/tbody>\n<\/table>\n<!-- #tablepress-45 from cache --> <div id=\"map_50232\" class=\"wpmaps\" style=\"width:600px; height:300px; overflow:hidden\"><\/div><script type=\"text\/javascript\">\/* <![CDATA[ *\/jQuery(document).ready(function($) {if (GBrowserIsCompatible()) {var map_50232 = new GMap2($(\"#map_50232\").get(0));var lat_50232 = new GLatLng(39.028221, 36.212279);map_50232.setCenter(lat_50232, 18);map_50232.setMapType(G_SATELLITE_MAP);map_50232.addControl(new GLargeMapControl());map_50232.addControl(new GMapTypeControl());map_50232.addOverlay(new GMarker(lat_50232));map_50232.openInfoWindowHtml(lat_50232, \"G\u00f6m\u00fcrgen <br \/>\u00c7in\u00e7iklerin Harman\u0131\");}});\/* ]]> *\/<\/script><\/p>\n<p>Project: 10 Harman\u0131ndere ve Park Yeri \n<table id=\"tablepress-46\" class=\"tablepress tablepress-id-46\">\n<thead>\n<tr class=\"row-1\">\n\t<th class=\"column-1\">Year<\/th><th class=\"column-2\">Area [Hektar]<\/th><th class=\"column-3\">Dimension<\/th><th class=\"column-4\">Vegetable<\/th>\n<\/tr>\n<\/thead>\n<tbody>\n<tr class=\"row-2\">\n\t<td class=\"column-1\"><\/td><td class=\"column-2\"><\/td><td class=\"column-3\">50 cm \u2013 1 mt\t<\/td><td class=\"column-4\">pine:1000 numbers<\/td>\n<\/tr>\n<\/tbody>\n<\/table>\n<!-- #tablepress-46 from cache --> <div id=\"map_efc10\" class=\"wpmaps\" style=\"width:600px; height:300px; overflow:hidden\"><\/div><script type=\"text\/javascript\">\/* <![CDATA[ *\/jQuery(document).ready(function($) {if (GBrowserIsCompatible()) {var map_efc10 = new GMap2($(\"#map_efc10\").get(0));var lat_efc10 = new GLatLng(39.033686, 36.208642);map_efc10.setCenter(lat_efc10, 18);map_efc10.setMapType(G_SATELLITE_MAP);map_efc10.addControl(new GLargeMapControl());map_efc10.addControl(new GMapTypeControl());map_efc10.addOverlay(new GMarker(lat_efc10));map_efc10.openInfoWindowHtml(lat_efc10, \"G\u00f6m\u00fcrgen <br \/>Harman\u0131ndere ve Park Yeri\");}});\/* ]]> *\/<\/script><\/p>\n<p>Project: 11 Sa\u011fl\u0131k Oca\u011f\u0131 Ve \u00c7evresi<strong><\/strong> \n<table id=\"tablepress-47\" class=\"tablepress tablepress-id-47\">\n<thead>\n<tr class=\"row-1\">\n\t<th class=\"column-1\">Year<\/th><th class=\"column-2\">Area [Hektar]<\/th><th class=\"column-3\">Dimension<\/th><th class=\"column-4\">Vegetable<\/th>\n<\/tr>\n<\/thead>\n<tbody>\n<tr class=\"row-2\">\n\t<td class=\"column-1\"><\/td><td class=\"column-2\"><\/td><td class=\"column-3\">1 mt \u2013 2 mt\t<\/td><td class=\"column-4\">pine: 1200 numbers<\/td>\n<\/tr>\n<\/tbody>\n<\/table>\n<!-- #tablepress-47 from cache --> <div id=\"map_cb60e\" class=\"wpmaps\" style=\"width:600px; height:300px; overflow:hidden\"><\/div><script type=\"text\/javascript\">\/* <![CDATA[ *\/jQuery(document).ready(function($) {if (GBrowserIsCompatible()) {var map_cb60e = new GMap2($(\"#map_cb60e\").get(0));var lat_cb60e = new GLatLng(39.033686, 36.208642);map_cb60e.setCenter(lat_cb60e, 18);map_cb60e.setMapType(G_SATELLITE_MAP);map_cb60e.addControl(new GLargeMapControl());map_cb60e.addControl(new GMapTypeControl());map_cb60e.addOverlay(new GMarker(lat_cb60e));map_cb60e.openInfoWindowHtml(lat_cb60e, \"G\u00f6m\u00fcrgen <br \/>Sa\u011fl\u0131k Oca\u011f\u0131 Ve \u00c7evresi\");}});\/* ]]> *\/<\/script><\/p>\n<p>Project: 12 Su Deposu \n<table id=\"tablepress-48\" class=\"tablepress tablepress-id-48\">\n<thead>\n<tr class=\"row-1\">\n\t<th class=\"column-1\">Year<\/th><th class=\"column-2\">Area [Hektar]<\/th><th class=\"column-3\">Dimension<\/th><th class=\"column-4\">Vegetable<\/th>\n<\/tr>\n<\/thead>\n<tbody>\n<tr class=\"row-2\">\n\t<td class=\"column-1\"><\/td><td class=\"column-2\"><\/td><td class=\"column-3\">50 cm \u2013 1 mt<\/td><td class=\"column-4\">yellow pine: 1000 numbers<\/td>\n<\/tr>\n<\/tbody>\n<\/table>\n<!-- #tablepress-48 from cache --> <div id=\"map_97fef\" class=\"wpmaps\" style=\"width:600px; height:300px; overflow:hidden\"><\/div><script type=\"text\/javascript\">\/* <![CDATA[ *\/jQuery(document).ready(function($) {if (GBrowserIsCompatible()) {var map_97fef = new GMap2($(\"#map_97fef\").get(0));var lat_97fef = new GLatLng(39.034503, 36.238950);map_97fef.setCenter(lat_97fef, 18);map_97fef.setMapType(G_SATELLITE_MAP);map_97fef.addControl(new GLargeMapControl());map_97fef.addControl(new GMapTypeControl());map_97fef.addOverlay(new GMarker(lat_97fef));map_97fef.openInfoWindowHtml(lat_97fef, \"G\u00f6m\u00fcrgen <br \/>Su Deposu\");}});\/* ]]> *\/<\/script><\/p>\n<p>Project: 13 Tatar Deresi<strong><\/strong> \n<table id=\"tablepress-49\" class=\"tablepress tablepress-id-49\">\n<thead>\n<tr class=\"row-1\">\n\t<th class=\"column-1\">Year<\/th><th class=\"column-2\">Area [Hektar]<\/th><th class=\"column-3\">Dimension<\/th><th class=\"column-4\">Vegetable<\/th>\n<\/tr>\n<\/thead>\n<tbody>\n<tr class=\"row-2\">\n\t<td class=\"column-1\"><\/td><td class=\"column-2\"><\/td><td class=\"column-3\">1 mt \u2013 2 mt\t<\/td><td class=\"column-4\">pine: 1200 numbers<\/td>\n<\/tr>\n<\/tbody>\n<\/table>\n<!-- #tablepress-49 from cache --> <div id=\"map_d3d0c\" class=\"wpmaps\" style=\"width:600px; height:300px; overflow:hidden\"><\/div><script type=\"text\/javascript\">\/* <![CDATA[ *\/jQuery(document).ready(function($) {if (GBrowserIsCompatible()) {var map_d3d0c = new GMap2($(\"#map_d3d0c\").get(0));var lat_d3d0c = new GLatLng(39.033686, 36.208642);map_d3d0c.setCenter(lat_d3d0c, 18);map_d3d0c.setMapType(G_SATELLITE_MAP);map_d3d0c.addControl(new GLargeMapControl());map_d3d0c.addControl(new GMapTypeControl());map_d3d0c.addOverlay(new GMarker(lat_d3d0c));map_d3d0c.openInfoWindowHtml(lat_d3d0c, \"G\u00f6m\u00fcrgen <br \/>Tatar Deresi<strong> <\/strong>\");}});\/* ]]> *\/<\/script><\/p>\n<p>Project: 14 \u00c7erkez Yolu Yol Kenar\u0131 (P\u00f6hrek Taraf\u0131) \n<table id=\"tablepress-50\" class=\"tablepress tablepress-id-50\">\n<thead>\n<tr class=\"row-1\">\n\t<th class=\"column-1\">Year<\/th><th class=\"column-2\">Area [Hektar]<\/th><th class=\"column-3\">Dimension<\/th><th class=\"column-4\">Vegetable<\/th>\n<\/tr>\n<\/thead>\n<tbody>\n<tr class=\"row-2\">\n\t<td class=\"column-1\"><\/td><td class=\"column-2\"><\/td><td class=\"column-3\">50 cm \u2013 1 mt<\/td><td class=\"column-4\">pine      : 50 numbers<br \/>\r\nwillow    : 50 numbers<br \/>\r\n<\/td>\n<\/tr>\n<\/tbody>\n<\/table>\n<!-- #tablepress-50 from cache --> <div id=\"map_15aee\" class=\"wpmaps\" style=\"width:600px; height:300px; overflow:hidden\"><\/div><script type=\"text\/javascript\">\/* <![CDATA[ *\/jQuery(document).ready(function($) {if (GBrowserIsCompatible()) {var map_15aee = new GMap2($(\"#map_15aee\").get(0));var lat_15aee = new GLatLng(39.033686, 36.208642);map_15aee.setCenter(lat_15aee, 18);map_15aee.setMapType(G_SATELLITE_MAP);map_15aee.addControl(new GLargeMapControl());map_15aee.addControl(new GMapTypeControl());map_15aee.addOverlay(new GMarker(lat_15aee));map_15aee.openInfoWindowHtml(lat_15aee, \"G\u00f6m\u00fcrgen <br \/>\u00c7erkez Yolu Yol Kenar\u0131 (P\u00f6hrek Taraf\u0131)\");}});\/* ]]> *\/<\/script><\/p>\n","protected":false},"excerpt":{"rendered":"<p>Project: 1 Zirebelik Project: 2 D\u00fcz Pinar Project: 3 B\u00fcy\u00fck Tepe Project: 4 P\u00f6rek Project: 5 Cerkez yolu Project: 6 Yamac mevkii Project: 7 Mezarl\u0131k Project: 8 Kasaba \u0130\u00e7i Sanayi D\u00fckkanlar\u0131 Project: 9 \u00c7in\u00e7iklerin Harman\u0131 Project: 10 Harman\u0131ndere ve Park Yeri Project: 11 Sa\u011fl\u0131k Oca\u011f\u0131 Ve \u00c7evresi Project: 12 Su Deposu Project: 13 Tatar Deresi [&hellip;]<\/p>\n","protected":false},"author":1,"featured_media":0,"parent":2249,"menu_order":11,"comment_status":"closed","ping_status":"open","template":"","meta":{"ngg_post_thumbnail":0,"footnotes":""},"class_list":["post-2276","page","type-page","status-publish","hentry"],"_links":{"self":[{"href":"https:\/\/www.goemuergen.de\/index.php?rest_route=\/wp\/v2\/pages\/2276","targetHints":{"allow":["GET"]}}],"collection":[{"href":"https:\/\/www.goemuergen.de\/index.php?rest_route=\/wp\/v2\/pages"}],"about":[{"href":"https:\/\/www.goemuergen.de\/index.php?rest_route=\/wp\/v2\/types\/page"}],"author":[{"embeddable":true,"href":"https:\/\/www.goemuergen.de\/index.php?rest_route=\/wp\/v2\/users\/1"}],"replies":[{"embeddable":true,"href":"https:\/\/www.goemuergen.de\/index.php?rest_route=%2Fwp%2Fv2%2Fcomments&post=2276"}],"version-history":[{"count":0,"href":"https:\/\/www.goemuergen.de\/index.php?rest_route=\/wp\/v2\/pages\/2276\/revisions"}],"up":[{"embeddable":true,"href":"https:\/\/www.goemuergen.de\/index.php?rest_route=\/wp\/v2\/pages\/2249"}],"wp:attachment":[{"href":"https:\/\/www.goemuergen.de\/index.php?rest_route=%2Fwp%2Fv2%2Fmedia&parent=2276"}],"curies":[{"name":"wp","href":"https:\/\/api.w.org\/{rel}","templated":true}]}}