{"id":2247,"date":"2014-02-05T22:20:53","date_gmt":"2014-02-05T21:20:53","guid":{"rendered":"http:\/\/www.goemuergen.de\/?page_id=2247"},"modified":"2014-12-16T01:20:48","modified_gmt":"2014-12-16T00:20:48","slug":"asociacion","status":"publish","type":"page","link":"https:\/\/www.goemuergen.de\/?page_id=2247&lang=es","title":{"rendered":"Asociaci\u00f3n"},"content":{"rendered":"<p>Estimados Habitantes, queridos Compatriotas, nosotros, los habitantes de la zona G\u00f6m\u00fcrgen de Kayseri, formando un total de 109 familias en Alemania. Nuestra asociaci\u00f3n se compone actualmente de 41 miembros. Nuestra asociaci\u00f3n no tiene intenciones pol\u00edticas. Queremos fortalecer la solidaridad y la cohesi\u00f3n, conservar costumbres, pr\u00e1cticas y tradiciones ya olvidadas. Si tiene <span style=\"font-size: small;\">preguntas o sugerencias, por favor no dude en contactar con nosotros.<\/span><\/p>\n<p>Atentamente<br \/>\nEn nombre de nuestra asociaci\u00f3n<br \/>\nEl Consejero Delegado<\/p>\n","protected":false},"excerpt":{"rendered":"<p>Estimados Habitantes, queridos Compatriotas, nosotros, los habitantes de la zona G\u00f6m\u00fcrgen de Kayseri, formando un total de 109 familias en Alemania. Nuestra asociaci\u00f3n se compone actualmente de 41 miembros. Nuestra asociaci\u00f3n no tiene intenciones pol\u00edticas. Queremos fortalecer la solidaridad y la cohesi\u00f3n, conservar costumbres, pr\u00e1cticas y tradiciones ya olvidadas. Si tiene preguntas o sugerencias, por [&hellip;]<\/p>\n","protected":false},"author":1,"featured_media":0,"parent":0,"menu_order":13,"comment_status":"closed","ping_status":"open","template":"","meta":{"ngg_post_thumbnail":0,"footnotes":""},"class_list":["post-2247","page","type-page","status-publish","hentry"],"_links":{"self":[{"href":"https:\/\/www.goemuergen.de\/index.php?rest_route=\/wp\/v2\/pages\/2247","targetHints":{"allow":["GET"]}}],"collection":[{"href":"https:\/\/www.goemuergen.de\/index.php?rest_route=\/wp\/v2\/pages"}],"about":[{"href":"https:\/\/www.goemuergen.de\/index.php?rest_route=\/wp\/v2\/types\/page"}],"author":[{"embeddable":true,"href":"https:\/\/www.goemuergen.de\/index.php?rest_route=\/wp\/v2\/users\/1"}],"replies":[{"embeddable":true,"href":"https:\/\/www.goemuergen.de\/index.php?rest_route=%2Fwp%2Fv2%2Fcomments&post=2247"}],"version-history":[{"count":0,"href":"https:\/\/www.goemuergen.de\/index.php?rest_route=\/wp\/v2\/pages\/2247\/revisions"}],"wp:attachment":[{"href":"https:\/\/www.goemuergen.de\/index.php?rest_route=%2Fwp%2Fv2%2Fmedia&parent=2247"}],"curies":[{"name":"wp","href":"https:\/\/api.w.org\/{rel}","templated":true}]}}