{"id":2178,"date":"2014-02-03T21:40:16","date_gmt":"2014-02-03T20:40:16","guid":{"rendered":"http:\/\/www.goemuergen.de\/?page_id=2178"},"modified":"2014-12-31T14:33:47","modified_gmt":"2014-12-31T13:33:47","slug":"statut","status":"publish","type":"page","link":"https:\/\/www.goemuergen.de\/?page_id=2178&lang=pl","title":{"rendered":"Statut"},"content":{"rendered":"<p>G\u00f6m\u00fcrgen K\u00fclt\u00fcr ve Yard\u0131mla\u015fma Derne\u011fi&#8217;nin t\u00fcz\u00fc\u011f\u00fc i\u00e7in l\u00fctfen a\u015fa\u011f\u0131daki adrese ba\u015fvurunuz:<\/p>\n<p>Hilfswerk G\u00f6m\u00fcrgen e.V.<br \/>\nc\/o\u00a0\u00d6mer\u00a0Adig\u00fczel<br \/>\nAusblick 43<br \/>\n42113 Wuppertal<br \/>\nDeutschland<\/p>\n<p>Email: <a onclick=\"javascript:pageTracker._trackPageview('\/mailto\/info@goemuergen.de');\"  href=\"mailto:info@goemuergen.de\">info@goemuergen.de<\/a><\/p>\n","protected":false},"excerpt":{"rendered":"<p>G\u00f6m\u00fcrgen K\u00fclt\u00fcr ve Yard\u0131mla\u015fma Derne\u011fi&#8217;nin t\u00fcz\u00fc\u011f\u00fc i\u00e7in l\u00fctfen a\u015fa\u011f\u0131daki adrese ba\u015fvurunuz: Hilfswerk G\u00f6m\u00fcrgen e.V. c\/o\u00a0\u00d6mer\u00a0Adig\u00fczel Ausblick 43 42113 Wuppertal Deutschland Email: info@goemuergen.de<\/p>\n","protected":false},"author":1,"featured_media":0,"parent":2174,"menu_order":1,"comment_status":"closed","ping_status":"open","template":"","meta":{"ngg_post_thumbnail":0,"footnotes":""},"class_list":["post-2178","page","type-page","status-publish","hentry"],"_links":{"self":[{"href":"https:\/\/www.goemuergen.de\/index.php?rest_route=\/wp\/v2\/pages\/2178","targetHints":{"allow":["GET"]}}],"collection":[{"href":"https:\/\/www.goemuergen.de\/index.php?rest_route=\/wp\/v2\/pages"}],"about":[{"href":"https:\/\/www.goemuergen.de\/index.php?rest_route=\/wp\/v2\/types\/page"}],"author":[{"embeddable":true,"href":"https:\/\/www.goemuergen.de\/index.php?rest_route=\/wp\/v2\/users\/1"}],"replies":[{"embeddable":true,"href":"https:\/\/www.goemuergen.de\/index.php?rest_route=%2Fwp%2Fv2%2Fcomments&post=2178"}],"version-history":[{"count":0,"href":"https:\/\/www.goemuergen.de\/index.php?rest_route=\/wp\/v2\/pages\/2178\/revisions"}],"up":[{"embeddable":true,"href":"https:\/\/www.goemuergen.de\/index.php?rest_route=\/wp\/v2\/pages\/2174"}],"wp:attachment":[{"href":"https:\/\/www.goemuergen.de\/index.php?rest_route=%2Fwp%2Fv2%2Fmedia&parent=2178"}],"curies":[{"name":"wp","href":"https:\/\/api.w.org\/{rel}","templated":true}]}}