{"id":2106,"date":"2014-01-26T23:13:10","date_gmt":"2014-01-26T22:13:10","guid":{"rendered":"http:\/\/www.goemuergen.de\/?page_id=2106"},"modified":"2014-01-26T23:13:10","modified_gmt":"2014-01-26T22:13:10","slug":"video-archivum","status":"publish","type":"page","link":"https:\/\/www.goemuergen.de\/?page_id=2106&lang=hu","title":{"rendered":"Vide\u00f3 Arch\u00edvum"},"content":{"rendered":"<p>G\u00f6m\u00fcrgen&#8217;de Yabanc\u0131 \u00d6\u011frenciler A\u011fa\u00e7 Dikip \u00c7apa Yap\u0131yorlar<\/p>\n<p><iframe src=\"http:\/\/www.dailymotion.com\/embed\/video\/xe404o\" height=\"360\" width=\"480\" frameborder=\"0\"><\/iframe><\/p>\n<p>Akk\u0131\u015fla \u0130l\u00e7esi G\u00f6m\u00fcrgen Beldesi -haberci38 fark\u0131yla<\/p>\n<p>[youtube]http:\/\/www.youtube.com\/watch?v=1bumBejTKtc&amp;feature=player_detailpage[\/youtube]<\/p>\n<p>G\u00f6m\u00fcrgen&#8217;de D\u00fcnya Gen\u00e7li\u011fin&#8217;nden G\u00f6n\u00fcll\u00fc \u00c7al\u0131\u015fma<\/p>\n<p>[youtube]http:\/\/www.youtube.com\/watch?v=r2o58ecTp7o&amp;feature=player_detailpage[\/youtube]\u00a0<\/p>\n<p>Akk\u0131\u015fla \u0130l\u00e7esi G\u00f6m\u00fcrgen Beldesi &#8211; 08-haberci38 fark\u0131yla<\/p>\n<p>[youtube]http:\/\/www.youtube.com\/watch?v=I1i6m_ksdTc&amp;feature=player_detailpage[\/youtube]<\/p>\n<p>G\u00f6m\u00fcrgen&#8217;de D\u00fcnya Gen\u00e7li\u011fin&#8217;nden G\u00f6n\u00fcll\u00fc \u00c7al\u0131\u015fma<\/p>\n<p>[youtube]http:\/\/www.youtube.com\/watch?v=qU7_056GfSQ&amp;feature=player_detailpage[\/youtube]<\/p>\n<p>Akk\u0131\u015fla \u0130l\u00e7esi G\u00f6m\u00fcrgen Beldesi &#8211; 05-haberci38 fark\u0131yla<\/p>\n<p>[youtube]http:\/\/www.youtube.com\/watch?v=V8OUFftyF9Q&amp;feature=player_detailpage[\/youtube]\u00a0<\/p>\n<p>Akk\u0131\u015fla \u0130l\u00e7esi G\u00f6m\u00fcrgen Beldesi &#8211; 10-haberci38 fark\u0131yla<\/p>\n<p>[youtube]http:\/\/www.youtube.com\/watch?v=MOK9ywyAQgE&amp;feature=player_detailpage[\/youtube]<\/p>\n<p>\u00a0G\u00f6m\u00fcrgen&#8217;de D\u00fcnya Gen\u00e7li\u011fin&#8217;nden G\u00f6n\u00fcll\u00fc \u00c7al\u0131\u015fma<\/p>\n<p>[youtube]http:\/\/www.youtube.com\/watch?v=sMu0KIjoCMU&amp;feature=player_detailpage[\/youtube]\u00a0<\/p>\n<p>G\u00f6m\u00fcrgen&#8217;de D\u00fcnya Gen\u00e7li\u011fin&#8217;nden G\u00f6n\u00fcll\u00fc \u00c7al\u0131\u015fma<\/p>\n<p>[youtube]http:\/\/www.youtube.com\/watch?v=D816k4Y99tg&amp;feature=player_detailpage[\/youtube]<\/p>\n<p>KayseAkk\u0131\u015fla \u0130l\u00e7esi G\u00f6m\u00fcrgen Beldesi &#8211; 02-haberci38 fark\u0131yla<\/p>\n<p>[youtube]http:\/\/www.youtube.com\/watch?v=mhd_TkCoc-w&amp;feature=player_detailpage[\/youtube]<\/p>\n","protected":false},"excerpt":{"rendered":"<p>G\u00f6m\u00fcrgen&#8217;de Yabanc\u0131 \u00d6\u011frenciler A\u011fa\u00e7 Dikip \u00c7apa Yap\u0131yorlar Akk\u0131\u015fla \u0130l\u00e7esi G\u00f6m\u00fcrgen Beldesi -haberci38 fark\u0131yla [youtube]http:\/\/www.youtube.com\/watch?v=1bumBejTKtc&amp;feature=player_detailpage[\/youtube] G\u00f6m\u00fcrgen&#8217;de D\u00fcnya Gen\u00e7li\u011fin&#8217;nden G\u00f6n\u00fcll\u00fc \u00c7al\u0131\u015fma [youtube]http:\/\/www.youtube.com\/watch?v=r2o58ecTp7o&amp;feature=player_detailpage[\/youtube]\u00a0 Akk\u0131\u015fla \u0130l\u00e7esi G\u00f6m\u00fcrgen Beldesi &#8211; 08-haberci38 fark\u0131yla [youtube]http:\/\/www.youtube.com\/watch?v=I1i6m_ksdTc&amp;feature=player_detailpage[\/youtube] G\u00f6m\u00fcrgen&#8217;de D\u00fcnya Gen\u00e7li\u011fin&#8217;nden G\u00f6n\u00fcll\u00fc \u00c7al\u0131\u015fma [youtube]http:\/\/www.youtube.com\/watch?v=qU7_056GfSQ&amp;feature=player_detailpage[\/youtube] Akk\u0131\u015fla \u0130l\u00e7esi G\u00f6m\u00fcrgen Beldesi &#8211; 05-haberci38 fark\u0131yla [youtube]http:\/\/www.youtube.com\/watch?v=V8OUFftyF9Q&amp;feature=player_detailpage[\/youtube]\u00a0 Akk\u0131\u015fla \u0130l\u00e7esi G\u00f6m\u00fcrgen Beldesi &#8211; 10-haberci38 fark\u0131yla [youtube]http:\/\/www.youtube.com\/watch?v=MOK9ywyAQgE&amp;feature=player_detailpage[\/youtube] \u00a0G\u00f6m\u00fcrgen&#8217;de D\u00fcnya Gen\u00e7li\u011fin&#8217;nden G\u00f6n\u00fcll\u00fc \u00c7al\u0131\u015fma [&hellip;]<\/p>\n","protected":false},"author":1,"featured_media":0,"parent":2102,"menu_order":1,"comment_status":"closed","ping_status":"open","template":"","meta":{"ngg_post_thumbnail":0,"footnotes":""},"class_list":["post-2106","page","type-page","status-publish","hentry"],"_links":{"self":[{"href":"https:\/\/www.goemuergen.de\/index.php?rest_route=\/wp\/v2\/pages\/2106","targetHints":{"allow":["GET"]}}],"collection":[{"href":"https:\/\/www.goemuergen.de\/index.php?rest_route=\/wp\/v2\/pages"}],"about":[{"href":"https:\/\/www.goemuergen.de\/index.php?rest_route=\/wp\/v2\/types\/page"}],"author":[{"embeddable":true,"href":"https:\/\/www.goemuergen.de\/index.php?rest_route=\/wp\/v2\/users\/1"}],"replies":[{"embeddable":true,"href":"https:\/\/www.goemuergen.de\/index.php?rest_route=%2Fwp%2Fv2%2Fcomments&post=2106"}],"version-history":[{"count":0,"href":"https:\/\/www.goemuergen.de\/index.php?rest_route=\/wp\/v2\/pages\/2106\/revisions"}],"up":[{"embeddable":true,"href":"https:\/\/www.goemuergen.de\/index.php?rest_route=\/wp\/v2\/pages\/2102"}],"wp:attachment":[{"href":"https:\/\/www.goemuergen.de\/index.php?rest_route=%2Fwp%2Fv2%2Fmedia&parent=2106"}],"curies":[{"name":"wp","href":"https:\/\/api.w.org\/{rel}","templated":true}]}}