{"id":157,"date":"2011-10-20T14:40:47","date_gmt":"2011-10-20T12:40:47","guid":{"rendered":"http:\/\/www.goemuergen.de\/wordpress\/?page_id=157"},"modified":"2025-10-12T17:06:21","modified_gmt":"2025-10-12T15:06:21","slug":"foto-video-archiv","status":"publish","type":"page","link":"https:\/\/www.goemuergen.de\/?page_id=157","title":{"rendered":"Video-Archive"},"content":{"rendered":"<p>G\u00f6m\u00fcrgen&#8217;de Yabanc\u0131 \u00d6\u011frenciler A\u011fa\u00e7 Dikip \u00c7apa Yap\u0131yorlar<\/p>\n<p><iframe src=\"http:\/\/www.dailymotion.com\/embed\/video\/xe404o\" width=\"480\" height=\"360\" frameborder=\"0\"><\/iframe><\/p>\n<p>Akk\u0131\u015fla \u0130l\u00e7esi G\u00f6m\u00fcrgen Beldesi -haberci38 fark\u0131yla<\/p>\n<p><iframe title=\"Akk\u0131\u015fla \u0130l\u00e7esi G\u00f6m\u00fcrgen Beldesi -haberci38 fark\u0131yla\" width=\"500\" height=\"375\" src=\"https:\/\/www.youtube.com\/embed\/1bumBejTKtc?feature=oembed\" frameborder=\"0\" allow=\"accelerometer; autoplay; clipboard-write; encrypted-media; gyroscope; picture-in-picture; web-share\" referrerpolicy=\"strict-origin-when-cross-origin\" allowfullscreen><\/iframe><\/p>\n<p>&nbsp;<\/p>\n<p>G\u00f6m\u00fcrgen&#8217;de D\u00fcnya Gen\u00e7li\u011fin&#8217;nden G\u00f6n\u00fcll\u00fc \u00c7al\u0131\u015fma<\/p>\n<p><iframe title=\"G\u00f6m\u00fcrgen&#039;de D\u00fcnya Gen\u00e7li\u011fin&#039;nden G\u00f6n\u00fcll\u00fc \u00c7al\u0131\u015fma\" width=\"500\" height=\"375\" src=\"https:\/\/www.youtube.com\/embed\/r2o58ecTp7o?feature=oembed\" frameborder=\"0\" allow=\"accelerometer; autoplay; clipboard-write; encrypted-media; gyroscope; picture-in-picture; web-share\" referrerpolicy=\"strict-origin-when-cross-origin\" allowfullscreen><\/iframe><\/p>\n<p>&nbsp;<\/p>\n<p>Akk\u0131\u015fla \u0130l\u00e7esi G\u00f6m\u00fcrgen Beldesi &#8211; 08-haberci38 fark\u0131yla<\/p>\n<p><iframe title=\"Akk\u0131\u015fla \u0130l\u00e7esi G\u00f6m\u00fcrgen Beldesi - 08-haberci38 fark\u0131yla\" width=\"500\" height=\"375\" src=\"https:\/\/www.youtube.com\/embed\/I1i6m_ksdTc?feature=oembed\" frameborder=\"0\" allow=\"accelerometer; autoplay; clipboard-write; encrypted-media; gyroscope; picture-in-picture; web-share\" referrerpolicy=\"strict-origin-when-cross-origin\" allowfullscreen><\/iframe><\/p>\n<p>G\u00f6m\u00fcrgen&#8217;de D\u00fcnya Gen\u00e7li\u011fin&#8217;nden G\u00f6n\u00fcll\u00fc \u00c7al\u0131\u015fma<\/p>\n<p><iframe title=\"G\u00f6m\u00fcrgen&#039;de D\u00fcnya Gen\u00e7li\u011fin&#039;nden G\u00f6n\u00fcll\u00fc \u00c7al\u0131\u015fma\" width=\"500\" height=\"375\" src=\"https:\/\/www.youtube.com\/embed\/qU7_056GfSQ?feature=oembed\" frameborder=\"0\" allow=\"accelerometer; autoplay; clipboard-write; encrypted-media; gyroscope; picture-in-picture; web-share\" referrerpolicy=\"strict-origin-when-cross-origin\" allowfullscreen><\/iframe><\/p>\n<p>Akk\u0131\u015fla \u0130l\u00e7esi G\u00f6m\u00fcrgen Beldesi &#8211; 05-haberci38 fark\u0131yla<\/p>\n<p><iframe title=\"Akk\u0131\u015fla \u0130l\u00e7esi G\u00f6m\u00fcrgen Beldesi - 05-haberci38 fark\u0131yla\" width=\"500\" height=\"375\" src=\"https:\/\/www.youtube.com\/embed\/V8OUFftyF9Q?feature=oembed\" frameborder=\"0\" allow=\"accelerometer; autoplay; clipboard-write; encrypted-media; gyroscope; picture-in-picture; web-share\" referrerpolicy=\"strict-origin-when-cross-origin\" allowfullscreen><\/iframe><\/p>\n<p>Akk\u0131\u015fla \u0130l\u00e7esi G\u00f6m\u00fcrgen Beldesi &#8211; 10-haberci38 fark\u0131yla<\/p>\n<p><iframe title=\"Akk\u0131\u015fla \u0130l\u00e7esi G\u00f6m\u00fcrgen Beldesi - 10-haberci38 fark\u0131yla\" width=\"500\" height=\"375\" src=\"https:\/\/www.youtube.com\/embed\/MOK9ywyAQgE?feature=oembed\" frameborder=\"0\" allow=\"accelerometer; autoplay; clipboard-write; encrypted-media; gyroscope; picture-in-picture; web-share\" referrerpolicy=\"strict-origin-when-cross-origin\" allowfullscreen><\/iframe><\/p>\n<p>G\u00f6m\u00fcrgen&#8217;de D\u00fcnya Gen\u00e7li\u011fin&#8217;nden G\u00f6n\u00fcll\u00fc \u00c7al\u0131\u015fma<\/p>\n<p><iframe title=\"G\u00f6m\u00fcrgen&#039;de D\u00fcnya Gen\u00e7li\u011fin&#039;nden G\u00f6n\u00fcll\u00fc \u00c7al\u0131\u015fma\" width=\"500\" height=\"375\" src=\"https:\/\/www.youtube.com\/embed\/sMu0KIjoCMU?feature=oembed\" frameborder=\"0\" allow=\"accelerometer; autoplay; clipboard-write; encrypted-media; gyroscope; picture-in-picture; web-share\" referrerpolicy=\"strict-origin-when-cross-origin\" allowfullscreen><\/iframe><\/p>\n<p>G\u00f6m\u00fcrgen&#8217;de D\u00fcnya Gen\u00e7li\u011fin&#8217;nden G\u00f6n\u00fcll\u00fc \u00c7al\u0131\u015fma<\/p>\n<p><iframe title=\"G\u00f6m\u00fcrgen&#039;de D\u00fcnya Gen\u00e7li\u011fin&#039;nden G\u00f6n\u00fcll\u00fc \u00c7al\u0131\u015fma\" width=\"500\" height=\"375\" src=\"https:\/\/www.youtube.com\/embed\/r2o58ecTp7o?feature=oembed\" frameborder=\"0\" allow=\"accelerometer; autoplay; clipboard-write; encrypted-media; gyroscope; picture-in-picture; web-share\" referrerpolicy=\"strict-origin-when-cross-origin\" allowfullscreen><\/iframe><\/p>\n<p>KayseAkk\u0131\u015fla \u0130l\u00e7esi G\u00f6m\u00fcrgen Beldesi &#8211; 02-haberci38 fark\u0131yla<\/p>\n<p><iframe title=\"KayseAkk\u0131\u015fla \u0130l\u00e7esi G\u00f6m\u00fcrgen Beldesi - 02-haberci38 fark\u0131yla\" width=\"500\" height=\"375\" src=\"https:\/\/www.youtube.com\/embed\/mhd_TkCoc-w?feature=oembed\" frameborder=\"0\" allow=\"accelerometer; autoplay; clipboard-write; encrypted-media; gyroscope; picture-in-picture; web-share\" referrerpolicy=\"strict-origin-when-cross-origin\" allowfullscreen><\/iframe><\/p>\n","protected":false},"excerpt":{"rendered":"<p>G\u00f6m\u00fcrgen&#8217;de Yabanc\u0131 \u00d6\u011frenciler A\u011fa\u00e7 Dikip \u00c7apa Yap\u0131yorlar Akk\u0131\u015fla \u0130l\u00e7esi G\u00f6m\u00fcrgen Beldesi -haberci38 fark\u0131yla &nbsp; G\u00f6m\u00fcrgen&#8217;de D\u00fcnya Gen\u00e7li\u011fin&#8217;nden G\u00f6n\u00fcll\u00fc \u00c7al\u0131\u015fma &nbsp; Akk\u0131\u015fla \u0130l\u00e7esi G\u00f6m\u00fcrgen Beldesi &#8211; 08-haberci38 fark\u0131yla G\u00f6m\u00fcrgen&#8217;de D\u00fcnya Gen\u00e7li\u011fin&#8217;nden G\u00f6n\u00fcll\u00fc \u00c7al\u0131\u015fma Akk\u0131\u015fla \u0130l\u00e7esi G\u00f6m\u00fcrgen Beldesi &#8211; 05-haberci38 fark\u0131yla Akk\u0131\u015fla \u0130l\u00e7esi G\u00f6m\u00fcrgen Beldesi &#8211; 10-haberci38 fark\u0131yla G\u00f6m\u00fcrgen&#8217;de D\u00fcnya Gen\u00e7li\u011fin&#8217;nden G\u00f6n\u00fcll\u00fc \u00c7al\u0131\u015fma G\u00f6m\u00fcrgen&#8217;de D\u00fcnya Gen\u00e7li\u011fin&#8217;nden G\u00f6n\u00fcll\u00fc [&hellip;]<\/p>\n","protected":false},"author":1,"featured_media":0,"parent":154,"menu_order":1,"comment_status":"closed","ping_status":"closed","template":"","meta":{"ngg_post_thumbnail":0,"footnotes":""},"class_list":["post-157","page","type-page","status-publish","hentry"],"_links":{"self":[{"href":"https:\/\/www.goemuergen.de\/index.php?rest_route=\/wp\/v2\/pages\/157","targetHints":{"allow":["GET"]}}],"collection":[{"href":"https:\/\/www.goemuergen.de\/index.php?rest_route=\/wp\/v2\/pages"}],"about":[{"href":"https:\/\/www.goemuergen.de\/index.php?rest_route=\/wp\/v2\/types\/page"}],"author":[{"embeddable":true,"href":"https:\/\/www.goemuergen.de\/index.php?rest_route=\/wp\/v2\/users\/1"}],"replies":[{"embeddable":true,"href":"https:\/\/www.goemuergen.de\/index.php?rest_route=%2Fwp%2Fv2%2Fcomments&post=157"}],"version-history":[{"count":13,"href":"https:\/\/www.goemuergen.de\/index.php?rest_route=\/wp\/v2\/pages\/157\/revisions"}],"predecessor-version":[{"id":31524,"href":"https:\/\/www.goemuergen.de\/index.php?rest_route=\/wp\/v2\/pages\/157\/revisions\/31524"}],"up":[{"embeddable":true,"href":"https:\/\/www.goemuergen.de\/index.php?rest_route=\/wp\/v2\/pages\/154"}],"wp:attachment":[{"href":"https:\/\/www.goemuergen.de\/index.php?rest_route=%2Fwp%2Fv2%2Fmedia&parent=157"}],"curies":[{"name":"wp","href":"https:\/\/api.w.org\/{rel}","templated":true}]}}