{"id":1432,"date":"2013-08-03T16:03:17","date_gmt":"2013-08-03T14:03:17","guid":{"rendered":"http:\/\/www.goemuergen.de\/?page_id=1432"},"modified":"2013-12-20T00:04:47","modified_gmt":"2013-12-19T23:04:47","slug":"1432-2","status":"publish","type":"page","link":"https:\/\/www.goemuergen.de\/?page_id=1432&lang=ru","title":{"rendered":"\u0414\u0435\u0440\u0435\u0432\u0435\u043d\u0441\u043a\u0438\u0435 \u043d\u0430\u0447\u0430\u043b\u044c\u043d\u0438\u043a\u0438 \u0438 \u0431\u0443\u0440\u0433\u043e\u043c\u0438\u0441\u0442\u0440\u0430"},"content":{"rendered":"<p><span style=\"font-size: large;\">\u0414\u0435\u0440\u0435\u0432\u0435\u043d\u0441\u043a\u0438\u0435 \u043d\u0430\u0447\u0430\u043b\u044c\u043d\u0438\u043a\u0438<\/span><\/p>\n<p style=\"text-align: center;\"><strong><strong><h2 id=\"tablepress-3-name\" class=\"tablepress-table-name tablepress-table-name-id-3\">Dorfvorsteher<\/h2>\n\n<table id=\"tablepress-3\" class=\"tablepress tablepress-id-3\" aria-labelledby=\"tablepress-3-name\">\n<thead>\n<tr class=\"row-1\">\n\t<th class=\"column-1\">Nr.:<\/th><th class=\"column-2\">Jahr<\/th><th class=\"column-3\">Jahr<\/th><th class=\"column-4\"> Vorname<\/th><th class=\"column-5\">Nachname<\/th>\n<\/tr>\n<\/thead>\n<tbody class=\"row-striping\">\n<tr class=\"row-2\">\n\t<td class=\"column-1\">1<\/td><td class=\"column-2\"><\/td><td class=\"column-3\"><\/td><td class=\"column-4\">Muslu<\/td><td class=\"column-5\">Mutlu<\/td>\n<\/tr>\n<tr class=\"row-3\">\n\t<td class=\"column-1\">2<\/td><td class=\"column-2\"><\/td><td class=\"column-3\"><\/td><td class=\"column-4\">Mahmut<\/td><td class=\"column-5\">\u00d6zer<\/td>\n<\/tr>\n<tr class=\"row-4\">\n\t<td class=\"column-1\">3<\/td><td class=\"column-2\"><\/td><td class=\"column-3\"><\/td><td class=\"column-4\">Abdullah<\/td><td class=\"column-5\">Y\u0131ld\u0131r\u0131m<\/td>\n<\/tr>\n<tr class=\"row-5\">\n\t<td class=\"column-1\">4<\/td><td class=\"column-2\"><\/td><td class=\"column-3\"><\/td><td class=\"column-4\">H. Mehmet<\/td><td class=\"column-5\">Turhal<\/td>\n<\/tr>\n<tr class=\"row-6\">\n\t<td class=\"column-1\">5<\/td><td class=\"column-2\"><\/td><td class=\"column-3\"><\/td><td class=\"column-4\">\u00d6mer Osman<\/td><td class=\"column-5\">Aydo\u011fan<\/td>\n<\/tr>\n<tr class=\"row-7\">\n\t<td class=\"column-1\">6<\/td><td class=\"column-2\"><\/td><td class=\"column-3\"><\/td><td class=\"column-4\">H. \u00d6mer<\/td><td class=\"column-5\">Caner<\/td>\n<\/tr>\n<tr class=\"row-8\">\n\t<td class=\"column-1\">7<\/td><td class=\"column-2\"><\/td><td class=\"column-3\"><\/td><td class=\"column-4\">Mehmet<\/td><td class=\"column-5\">K\u0131l\u0131\u00e7<\/td>\n<\/tr>\n<tr class=\"row-9\">\n\t<td class=\"column-1\">8<\/td><td class=\"column-2\"><\/td><td class=\"column-3\"><\/td><td class=\"column-4\">Osman<\/td><td class=\"column-5\">T\u00fcrkay<\/td>\n<\/tr>\n<tr class=\"row-10\">\n\t<td class=\"column-1\">9<\/td><td class=\"column-2\"><\/td><td class=\"column-3\"><\/td><td class=\"column-4\">Haydar<\/td><td class=\"column-5\">Bayram<\/td>\n<\/tr>\n<tr class=\"row-11\">\n\t<td class=\"column-1\">10<\/td><td class=\"column-2\"><\/td><td class=\"column-3\"><\/td><td class=\"column-4\">Mustafa<\/td><td class=\"column-5\">Ko\u00e7ak<\/td>\n<\/tr>\n<tr class=\"row-12\">\n\t<td class=\"column-1\">11<\/td><td class=\"column-2\"><\/td><td class=\"column-3\"><\/td><td class=\"column-4\"> Haf\u0131z<\/td><td class=\"column-5\">Ko\u00e7yi\u011fit<\/td>\n<\/tr>\n<tr class=\"row-13\">\n\t<td class=\"column-1\">12<\/td><td class=\"column-2\"><\/td><td class=\"column-3\"><\/td><td class=\"column-4\">Abdurrahman<\/td><td class=\"column-5\">Ko\u00e7y\u0131lmaz<\/td>\n<\/tr>\n<tr class=\"row-14\">\n\t<td class=\"column-1\">13<\/td><td class=\"column-2\"><\/td><td class=\"column-3\"><\/td><td class=\"column-4\">Kadir<\/td><td class=\"column-5\">Ko\u00e7yi\u011fit<\/td>\n<\/tr>\n<tr class=\"row-15\">\n\t<td class=\"column-1\">14<\/td><td class=\"column-2\"><\/td><td class=\"column-3\"><\/td><td class=\"column-4\">Ahmet<\/td><td class=\"column-5\">Eraslan<\/td>\n<\/tr>\n<tr class=\"row-16\">\n\t<td class=\"column-1\">15<\/td><td class=\"column-2\"><\/td><td class=\"column-3\"><\/td><td class=\"column-4\">Mustafa<\/td><td class=\"column-5\">Ko\u00e7er<\/td>\n<\/tr>\n<tr class=\"row-17\">\n\t<td class=\"column-1\">16<\/td><td class=\"column-2\"><\/td><td class=\"column-3\"><\/td><td class=\"column-4\">Hac\u0131<\/td><td class=\"column-5\">Efe<\/td>\n<\/tr>\n<tr class=\"row-18\">\n\t<td class=\"column-1\">17<\/td><td class=\"column-2\"><\/td><td class=\"column-3\"><\/td><td class=\"column-4\">Mehmet<\/td><td class=\"column-5\">Ko\u00e7er<\/td>\n<\/tr>\n<tr class=\"row-19\">\n\t<td class=\"column-1\">18<\/td><td class=\"column-2\"><\/td><td class=\"column-3\"><\/td><td class=\"column-4\">Dervi\u015f<\/td><td class=\"column-5\">E\u015fiyok<\/td>\n<\/tr>\n<tr class=\"row-20\">\n\t<td class=\"column-1\">19<\/td><td class=\"column-2\"><\/td><td class=\"column-3\"><\/td><td class=\"column-4\">Selahattin<\/td><td class=\"column-5\">Baydan<\/td>\n<\/tr>\n<\/tbody>\n<\/table>\n<!-- #tablepress-3 from cache --><\/strong> <\/strong><\/p>\n<p><span style=\"font-size: large;\">\u0411\u0443\u0440\u0433\u043e\u043c\u0438\u0441\u0442\u0440\u0430<\/span><\/p>\n<p style=\"text-align: center;\"><strong><\/strong>\u00a0<strong><strong><h2 id=\"tablepress-4-name\" class=\"tablepress-table-name tablepress-table-name-id-4\">B\u00fcrgermeister<\/h2>\n\n<table id=\"tablepress-4\" class=\"tablepress tablepress-id-4\" aria-labelledby=\"tablepress-4-name\">\n<thead>\n<tr class=\"row-1\">\n\t<th class=\"column-1\">Nr.:<\/th><th class=\"column-2\">Jahr<\/th><th class=\"column-3\">Jahr<\/th><th class=\"column-4\"> Vorname<\/th><th class=\"column-5\">Nachname<\/th>\n<\/tr>\n<\/thead>\n<tbody class=\"row-striping\">\n<tr class=\"row-2\">\n\t<td class=\"column-1\">1<\/td><td class=\"column-2\">1992<\/td><td class=\"column-3\">1994<\/td><td class=\"column-4\">Selahattin<\/td><td class=\"column-5\">Baydan<\/td>\n<\/tr>\n<tr class=\"row-3\">\n\t<td class=\"column-1\">2<\/td><td class=\"column-2\">1994<\/td><td class=\"column-3\">1999<\/td><td class=\"column-4\">\u0130smet<\/td><td class=\"column-5\">Demirkol<\/td>\n<\/tr>\n<tr class=\"row-4\">\n\t<td class=\"column-1\">3<\/td><td class=\"column-2\">1999<\/td><td class=\"column-3\"><\/td><td class=\"column-4\">Selahattin<\/td><td class=\"column-5\">Baydan<\/td>\n<\/tr>\n<\/tbody>\n<\/table>\n<!-- #tablepress-4 from cache --><\/strong> <\/strong><\/p>\n","protected":false},"excerpt":{"rendered":"<p>\u0414\u0435\u0440\u0435\u0432\u0435\u043d\u0441\u043a\u0438\u0435 \u043d\u0430\u0447\u0430\u043b\u044c\u043d\u0438\u043a\u0438 \u0411\u0443\u0440\u0433\u043e\u043c\u0438\u0441\u0442\u0440\u0430 \u00a0<\/p>\n","protected":false},"author":1,"featured_media":0,"parent":1395,"menu_order":1,"comment_status":"closed","ping_status":"closed","template":"","meta":{"ngg_post_thumbnail":0,"footnotes":""},"class_list":["post-1432","page","type-page","status-publish","hentry"],"_links":{"self":[{"href":"https:\/\/www.goemuergen.de\/index.php?rest_route=\/wp\/v2\/pages\/1432","targetHints":{"allow":["GET"]}}],"collection":[{"href":"https:\/\/www.goemuergen.de\/index.php?rest_route=\/wp\/v2\/pages"}],"about":[{"href":"https:\/\/www.goemuergen.de\/index.php?rest_route=\/wp\/v2\/types\/page"}],"author":[{"embeddable":true,"href":"https:\/\/www.goemuergen.de\/index.php?rest_route=\/wp\/v2\/users\/1"}],"replies":[{"embeddable":true,"href":"https:\/\/www.goemuergen.de\/index.php?rest_route=%2Fwp%2Fv2%2Fcomments&post=1432"}],"version-history":[{"count":0,"href":"https:\/\/www.goemuergen.de\/index.php?rest_route=\/wp\/v2\/pages\/1432\/revisions"}],"up":[{"embeddable":true,"href":"https:\/\/www.goemuergen.de\/index.php?rest_route=\/wp\/v2\/pages\/1395"}],"wp:attachment":[{"href":"https:\/\/www.goemuergen.de\/index.php?rest_route=%2Fwp%2Fv2%2Fmedia&parent=1432"}],"curies":[{"name":"wp","href":"https:\/\/api.w.org\/{rel}","templated":true}]}}