{"id":1393,"date":"2013-08-03T15:25:22","date_gmt":"2013-08-03T13:25:22","guid":{"rendered":"http:\/\/www.goemuergen.de\/?page_id=1393"},"modified":"2013-12-24T14:35:18","modified_gmt":"2013-12-24T13:35:18","slug":"%d0%bf%d1%80%d0%be%d0%b5%d0%ba%d1%82%d1%8b-%d0%bb%d0%b5%d1%81%d0%be%d1%80%d0%b0%d0%b7%d0%b2%d0%b5%d0%b4%d0%b5%d0%bd%d0%b8%d1%8f","status":"publish","type":"page","link":"https:\/\/www.goemuergen.de\/?page_id=1393&lang=ru","title":{"rendered":"\u041f\u0440\u043e\u0435\u043a\u0442\u044b \u043b\u0435\u0441\u043e\u0440\u0430\u0437\u0432\u0435\u0434\u0435\u043d\u0438\u044f"},"content":{"rendered":"<p>Projekt 1: Zirebelik<br \/>\n\n<table id=\"tablepress-9\" class=\"tablepress tablepress-id-9\">\n<thead>\n<tr class=\"row-1\">\n\t<th class=\"column-1\">Jahr<\/th><th class=\"column-2\">Arial [Hektar]<\/th><th class=\"column-3\">Setzling Gr\u00f6\u00dfe<\/th><th class=\"column-4\">Setzlinge<\/th>\n<\/tr>\n<\/thead>\n<tbody>\n<tr class=\"row-2\">\n\t<td class=\"column-1\">2009\t<\/td><td class=\"column-2\">2<\/td><td class=\"column-3\">50 cm \u2013 1 mt<\/td><td class=\"column-4\">Walnuss : 250 St\u00fcck<br \/>\r\nKiefer : 800 St\u00fcck<br \/>\r\nMandel  : 350 St\u00fcck<br \/>\r\nAkazie : 300 St\u00fcck<br \/>\r\nFelsenkirsche (Mahlab)  : 100 St\u00fcck <br \/>\r\n<\/td>\n<\/tr>\n<tr class=\"row-3\">\n\t<td class=\"column-1\">2011<\/td><td class=\"column-2\">4<\/td><td class=\"column-3\">50 cm \u2013 1 mt\t<\/td><td class=\"column-4\">Mandeln : 200 St\u00fcck<br \/>\r\nWalnus    : 200 St\u00fcck<br \/>\r\nWeide    : 100 St\u00fcck<br \/>\r\nEiche     : 300 St\u00fcck<br \/>\r\n<\/td>\n<\/tr>\n<\/tbody>\n<\/table>\n<!-- #tablepress-9 from cache --><br \/>\n<div id=\"map_656a6\" class=\"wpmaps\" style=\"width:600px; height:300px; overflow:hidden\"><\/div><script type=\"text\/javascript\">\/* <![CDATA[ *\/jQuery(document).ready(function($) {if (GBrowserIsCompatible()) {var map_656a6 = new GMap2($(\"#map_656a6\").get(0));var lat_656a6 = new GLatLng(39.029111, 36.231236);map_656a6.setCenter(lat_656a6, 17);map_656a6.setMapType(G_SATELLITE_MAP);map_656a6.addControl(new GLargeMapControl());map_656a6.addControl(new GMapTypeControl());map_656a6.addOverlay(new GMarker(lat_656a6));map_656a6.openInfoWindowHtml(lat_656a6, \"G\u00f6m\u00fcrgen <br \/>Zirebelik\");}});\/* ]]> *\/<\/script><\/p>\n<p>Projekt:\u00a02 D\u00fcz Pinar<br \/>\n\n<table id=\"tablepress-10\" class=\"tablepress tablepress-id-10\">\n<thead>\n<tr class=\"row-1\">\n\t<th class=\"column-1\">Jahr<\/th><th class=\"column-2\">Arial [Hektar]<\/th><th class=\"column-3\">Setzling Gr\u00f6sse<\/th><th class=\"column-4\">Setzlinge<\/th>\n<\/tr>\n<\/thead>\n<tbody>\n<tr class=\"row-2\">\n\t<td class=\"column-1\">2009<\/td><td class=\"column-2\">3<\/td><td class=\"column-3\">1 mt \u2013 1 mt<\/td><td class=\"column-4\">Walnuss     : 350 St\u00fcck<br \/>\r\nKorkeiche : 250 St\u00fcck<br \/>\r\nAkazie  : 200 St\u00fcck<\/td>\n<\/tr>\n<tr class=\"row-3\">\n\t<td class=\"column-1\">2010<\/td><td class=\"column-2\">3,5<\/td><td class=\"column-3\">1 mt \u2013 1 mt<\/td><td class=\"column-4\">Palamut        : 250 St\u00fcck<br \/>\r\nWaldkiefer        : 500 St\u00fcck<br \/>\r\nRosskastanie  : 200 St\u00fcck<br \/>\r\nWeide             : 100 St\u00fcck<br \/>\r\nSchwarzkiefer  : 700 St\u00fcck<\/td>\n<\/tr>\n<\/tbody>\n<\/table>\n<!-- #tablepress-10 from cache --><br \/>\n<div id=\"map_f70cf\" class=\"wpmaps\" style=\"width:600px; height:300px; overflow:hidden\"><\/div><script type=\"text\/javascript\">\/* <![CDATA[ *\/jQuery(document).ready(function($) {if (GBrowserIsCompatible()) {var map_f70cf = new GMap2($(\"#map_f70cf\").get(0));var lat_f70cf = new GLatLng(39.044019, 36.21436);map_f70cf.setCenter(lat_f70cf, 17);map_f70cf.setMapType(G_SATELLITE_MAP);map_f70cf.addControl(new GLargeMapControl());map_f70cf.addControl(new GMapTypeControl());map_f70cf.addOverlay(new GMarker(lat_f70cf));map_f70cf.openInfoWindowHtml(lat_f70cf, \"G\u00f6m\u00fcrgen <br \/>D\u00fcz Pinar\");}});\/* ]]> *\/<\/script><\/p>\n<p>Projekt: 3 B\u00fcy\u00fck Tepe<br \/>\n\n<table id=\"tablepress-11\" class=\"tablepress tablepress-id-11\">\n<thead>\n<tr class=\"row-1\">\n\t<th class=\"column-1\">Jahr<\/th><th class=\"column-2\">Arial [Hektar]<\/th><th class=\"column-3\">Setzling Gr\u00f6sse<\/th><th class=\"column-4\">Setzlinge<\/th>\n<\/tr>\n<\/thead>\n<tbody>\n<tr class=\"row-2\">\n\t<td class=\"column-1\">2011<\/td><td class=\"column-2\">3<\/td><td class=\"column-3\">1 mt \u2013 2 mt<\/td><td class=\"column-4\">Kiefer \t : 250 St\u00fcck<br \/>\r\nGelb-Kiefer : 350 St\u00fcck<br \/>\r\nZeder         : 250 St\u00fcck<br \/>\r\nKugelakazie :  50 St\u00fcck<br \/>\r\nFelsenkirsche (mahlep): 100 St\u00fcck<br \/>\r\n<\/td>\n<\/tr>\n<\/tbody>\n<\/table>\n<!-- #tablepress-11 from cache --><br \/>\n<div id=\"map_d45fc\" class=\"wpmaps\" style=\"width:600px; height:300px; overflow:hidden\"><\/div><script type=\"text\/javascript\">\/* <![CDATA[ *\/jQuery(document).ready(function($) {if (GBrowserIsCompatible()) {var map_d45fc = new GMap2($(\"#map_d45fc\").get(0));var lat_d45fc = new GLatLng(39.026535, 36.242641);map_d45fc.setCenter(lat_d45fc, 17);map_d45fc.setMapType(G_SATELLITE_MAP);map_d45fc.addControl(new GLargeMapControl());map_d45fc.addControl(new GMapTypeControl());map_d45fc.addOverlay(new GMarker(lat_d45fc));map_d45fc.openInfoWindowHtml(lat_d45fc, \"G\u00f6m\u00fcrgen <br \/>K\u00fcl\u00fc Tepe\");}});\/* ]]> *\/<\/script><\/p>\n<p>Projekt: 4 P\u00f6rek<br \/>\n\n<table id=\"tablepress-12\" class=\"tablepress tablepress-id-12\">\n<thead>\n<tr class=\"row-1\">\n\t<th class=\"column-1\">Jahr<\/th><th class=\"column-2\">Arial [Hektar]<\/th><th class=\"column-3\">Setzling Gr\u00f6sse<\/th><th class=\"column-4\">Setzlinge<\/th>\n<\/tr>\n<\/thead>\n<tbody>\n<tr class=\"row-2\">\n\t<td class=\"column-1\">2010<\/td><td class=\"column-2\">3<\/td><td class=\"column-3\">50 cm \u2013 1 mt<\/td><td class=\"column-4\">Waldkiefer: 250 St\u00fcck<br \/>\r\nFelsenkirsche (Mahlep) : 150 St\u00fcck<br \/>\r\nEiche       : 250 St\u00fcck<br \/>\r\nAkazie   : 75 St\u00fcck<br \/>\r\nWeide      : 40 St\u00fcck<\/td>\n<\/tr>\n<tr class=\"row-3\">\n\t<td class=\"column-1\">2011<\/td><td class=\"column-2\">2<\/td><td class=\"column-3\">50 cm \u2013 1 mt<\/td><td class=\"column-4\">Gelb-Kiefer  : 100 St\u00fcck<br \/>\r\nFelsenkirsche (Mahlep)      : 200 St\u00fcck<br \/>\r\nEiche       : 200 St\u00fcck<br \/>\r\n<\/td>\n<\/tr>\n<\/tbody>\n<\/table>\n<!-- #tablepress-12 from cache --><br \/>\n<div id=\"map_7b08c\" class=\"wpmaps\" style=\"width:600px; height:300px; overflow:hidden\"><\/div><script type=\"text\/javascript\">\/* <![CDATA[ *\/jQuery(document).ready(function($) {if (GBrowserIsCompatible()) {var map_7b08c = new GMap2($(\"#map_7b08c\").get(0));var lat_7b08c = new GLatLng(39.009751, 36.27597);map_7b08c.setCenter(lat_7b08c, 18);map_7b08c.setMapType(G_SATELLITE_MAP);map_7b08c.addControl(new GLargeMapControl());map_7b08c.addControl(new GMapTypeControl());map_7b08c.addOverlay(new GMarker(lat_7b08c));map_7b08c.openInfoWindowHtml(lat_7b08c, \"G\u00f6m\u00fcrgen <br \/>P\u00f6rek\");}});\/* ]]> *\/<\/script><\/p>\n<p>Projekt:\u00a05 Cerkez yolu<br \/>\n\n<table id=\"tablepress-21\" class=\"tablepress tablepress-id-21\">\n<thead>\n<tr class=\"row-1\">\n\t<th class=\"column-1\">Jahr<\/th><th class=\"column-2\">Arial [Hektar]<\/th><th class=\"column-3\">Setzling Gr\u00f6\u00dfe<\/th><th class=\"column-4\">Setzlinge<\/th>\n<\/tr>\n<\/thead>\n<tbody>\n<tr class=\"row-2\">\n\t<td class=\"column-1\">2009\t<\/td><td class=\"column-2\">3<\/td><td class=\"column-3\">1mt \u2013 2 mt<\/td><td class=\"column-4\">Walnuss  \t : 200 St\u00fcck<br \/>\r\nKiefer \t : 550 St\u00fcck<br \/>\r\nMandel       : 350 St\u00fcck<br \/>\r\nAkazie     : 100 St\u00fcck<br \/>\r\nFelsenkirsche (mahlep) : 400 St\u00fcck<br \/>\r\nGelb-Kiefer    : 400 St\u00fcck<br \/>\r\nZeder          :   50 St\u00fcck<br \/>\r\nWeide\t  :   75 St\u00fcck<\/td>\n<\/tr>\n<\/tbody>\n<\/table>\n<!-- #tablepress-21 from cache --><br \/>\n<div id=\"map_ce915\" class=\"wpmaps\" style=\"width:600px; height:300px; overflow:hidden\"><\/div><script type=\"text\/javascript\">\/* <![CDATA[ *\/jQuery(document).ready(function($) {if (GBrowserIsCompatible()) {var map_ce915 = new GMap2($(\"#map_ce915\").get(0));var lat_ce915 = new GLatLng(39.008105, 36.265504);map_ce915.setCenter(lat_ce915, 18);map_ce915.setMapType(G_SATELLITE_MAP);map_ce915.addControl(new GLargeMapControl());map_ce915.addControl(new GMapTypeControl());map_ce915.addOverlay(new GMarker(lat_ce915));map_ce915.openInfoWindowHtml(lat_ce915, \"G\u00f6m\u00fcrgen <br \/>Cerkezyolu\");}});\/* ]]> *\/<\/script><\/p>\n<p>Projekt:\u00a06 Yamac mevkii<br \/>\n\n<table id=\"tablepress-22\" class=\"tablepress tablepress-id-22\">\n<thead>\n<tr class=\"row-1\">\n\t<th class=\"column-1\">Jahr<\/th><th class=\"column-2\">Arial [Hektar]<\/th><th class=\"column-3\">Setzling Gr\u00f6\u00dfe<\/th><th class=\"column-4\">Setzlinge<\/th>\n<\/tr>\n<\/thead>\n<tbody>\n<tr class=\"row-2\">\n\t<td class=\"column-1\">20011<\/td><td class=\"column-2\">1<\/td><td class=\"column-3\">50 cm \u2013 1 mt<\/td><td class=\"column-4\">Mandel : 700 St\u00fcck<br \/>\r\nWalnuss   : 250 St\u00fcck<br \/>\r\nEiche : 200 St\u00fcck<br \/>\r\nWeide  : 25 St\u00fcck<\/td>\n<\/tr>\n<\/tbody>\n<\/table>\n<!-- #tablepress-22 from cache --><br \/>\n<div id=\"map_f2ce9\" class=\"wpmaps\" style=\"width:600px; height:300px; overflow:hidden\"><\/div><script type=\"text\/javascript\">\/* <![CDATA[ *\/jQuery(document).ready(function($) {if (GBrowserIsCompatible()) {var map_f2ce9 = new GMap2($(\"#map_f2ce9\").get(0));var lat_f2ce9 = new GLatLng(39.033686, 36.208642);map_f2ce9.setCenter(lat_f2ce9, 18);map_f2ce9.setMapType(G_SATELLITE_MAP);map_f2ce9.addControl(new GLargeMapControl());map_f2ce9.addControl(new GMapTypeControl());map_f2ce9.addOverlay(new GMarker(lat_f2ce9));map_f2ce9.openInfoWindowHtml(lat_f2ce9, \"G\u00f6m\u00fcrgen <br \/>Yamac mevkii\");}});\/* ]]> *\/<\/script><\/p>\n<p>Projekt:\u00a07 Mezarl\u0131k<br \/>\n\n<table id=\"tablepress-28\" class=\"tablepress tablepress-id-28\">\n<thead>\n<tr class=\"row-1\">\n\t<th class=\"column-1\">Jahr<\/th><th class=\"column-2\">Arial [Hektar]<\/th><th class=\"column-3\">Setzling Gr\u00f6\u00dfe<\/th><th class=\"column-4\">Setzlinge<\/th>\n<\/tr>\n<\/thead>\n<tbody>\n<tr class=\"row-2\">\n\t<td class=\"column-1\">\t<\/td><td class=\"column-2\"><\/td><td class=\"column-3\">50 cm \u2013 1 mt\t<\/td><td class=\"column-4\">\u00d6lbaum  :150 St\u00fcck<br \/>\r\nWeide\t     : 20 St\u00fcck<br \/>\r\nRosskastanie : 75 St\u00fcck<br \/>\r\nAkazie          : 20 St\u00fcck <br \/>\r\n<\/td>\n<\/tr>\n<\/tbody>\n<\/table>\n<!-- #tablepress-28 from cache --><br \/>\n<div id=\"map_c358b\" class=\"wpmaps\" style=\"width:600px; height:300px; overflow:hidden\"><\/div><script type=\"text\/javascript\">\/* <![CDATA[ *\/jQuery(document).ready(function($) {if (GBrowserIsCompatible()) {var map_c358b = new GMap2($(\"#map_c358b\").get(0));var lat_c358b = new GLatLng(39.03519, 36.217149);map_c358b.setCenter(lat_c358b, 18);map_c358b.setMapType(G_SATELLITE_MAP);map_c358b.addControl(new GLargeMapControl());map_c358b.addControl(new GMapTypeControl());map_c358b.addOverlay(new GMarker(lat_c358b));map_c358b.openInfoWindowHtml(lat_c358b, \"G\u00f6m\u00fcrgen <br \/>Mezarl\u0131k\");}});\/* ]]> *\/<\/script><\/p>\n<p>Projekt:\u00a08 Kasaba \u0130\u00e7i Sanayi D\u00fckkanlar\u0131<br \/>\n\n<table id=\"tablepress-29\" class=\"tablepress tablepress-id-29\">\n<thead>\n<tr class=\"row-1\">\n\t<th class=\"column-1\">Jahr<\/th><th class=\"column-2\">Arial [Hektar]<\/th><th class=\"column-3\">Setzling Gr\u00f6\u00dfe<\/th><th class=\"column-4\">Setzlinge<\/th>\n<\/tr>\n<\/thead>\n<tbody>\n<tr class=\"row-2\">\n\t<td class=\"column-1\"><\/td><td class=\"column-2\"><\/td><td class=\"column-3\">1 mt \u2013 1 mt\t<\/td><td class=\"column-4\">Gelb-Kiefer : 500 St\u00fcck<br \/>\r\nEiche : 20 St\u00fcck<\/td>\n<\/tr>\n<\/tbody>\n<\/table>\n<!-- #tablepress-29 from cache --><br \/>\n<div id=\"map_aafed\" class=\"wpmaps\" style=\"width:600px; height:300px; overflow:hidden\"><\/div><script type=\"text\/javascript\">\/* <![CDATA[ *\/jQuery(document).ready(function($) {if (GBrowserIsCompatible()) {var map_aafed = new GMap2($(\"#map_aafed\").get(0));var lat_aafed = new GLatLng( 39.029965,  36.212453);map_aafed.setCenter(lat_aafed, 18);map_aafed.setMapType(G_SATELLITE_MAP);map_aafed.addControl(new GLargeMapControl());map_aafed.addControl(new GMapTypeControl());map_aafed.addOverlay(new GMarker(lat_aafed));map_aafed.openInfoWindowHtml(lat_aafed, \"G\u00f6m\u00fcrgen <br \/>Kasaba \u0130\u00e7i Sanayi D\u00fckkanlar\u0131\");}});\/* ]]> *\/<\/script><\/p>\n<p>Projekt:\u00a09 \u00c7in\u00e7iklerin Harman\u0131<strong><\/strong><br \/>\n\n<table id=\"tablepress-30\" class=\"tablepress tablepress-id-30\">\n<thead>\n<tr class=\"row-1\">\n\t<th class=\"column-1\">Jahr<\/th><th class=\"column-2\">Arial [Hektar]<\/th><th class=\"column-3\">Setzling Gr\u00f6\u00dfe<\/th><th class=\"column-4\">Setzlinge<\/th>\n<\/tr>\n<\/thead>\n<tbody>\n<tr class=\"row-2\">\n\t<td class=\"column-1\"><\/td><td class=\"column-2\"><\/td><td class=\"column-3\">1 mt \u2013 2 mt<\/td><td class=\"column-4\">Gelb-Kiefer   : 300 St\u00fcck<br \/>\r\nZeder     : 250 St\u00fcck<br \/>\r\nSchwarzkiefer : 200 St\u00fcck<\/td>\n<\/tr>\n<\/tbody>\n<\/table>\n<!-- #tablepress-30 from cache --><br \/>\n<div id=\"map_b1404\" class=\"wpmaps\" style=\"width:600px; height:300px; overflow:hidden\"><\/div><script type=\"text\/javascript\">\/* <![CDATA[ *\/jQuery(document).ready(function($) {if (GBrowserIsCompatible()) {var map_b1404 = new GMap2($(\"#map_b1404\").get(0));var lat_b1404 = new GLatLng(39.028221, 36.212279);map_b1404.setCenter(lat_b1404, 18);map_b1404.setMapType(G_SATELLITE_MAP);map_b1404.addControl(new GLargeMapControl());map_b1404.addControl(new GMapTypeControl());map_b1404.addOverlay(new GMarker(lat_b1404));map_b1404.openInfoWindowHtml(lat_b1404, \"G\u00f6m\u00fcrgen <br \/>\u00c7in\u00e7iklerin Harman\u0131\");}});\/* ]]> *\/<\/script><\/p>\n<p>Projekt:\u00a010 Harman\u0131ndere ve Park Yeri<br \/>\n\n<table id=\"tablepress-31\" class=\"tablepress tablepress-id-31\">\n<thead>\n<tr class=\"row-1\">\n\t<th class=\"column-1\">Jahr<\/th><th class=\"column-2\">Arial [Hektar]<\/th><th class=\"column-3\">Setzling Gr\u00f6\u00dfe<\/th><th class=\"column-4\">Setzlinge<\/th>\n<\/tr>\n<\/thead>\n<tbody>\n<tr class=\"row-2\">\n\t<td class=\"column-1\"><\/td><td class=\"column-2\"><\/td><td class=\"column-3\">50 cm \u2013 1 mt\t<\/td><td class=\"column-4\">Kiefer: 1000 St\u00fcck<\/td>\n<\/tr>\n<\/tbody>\n<\/table>\n<!-- #tablepress-31 from cache --><br \/>\n<div id=\"map_0735e\" class=\"wpmaps\" style=\"width:600px; height:300px; overflow:hidden\"><\/div><script type=\"text\/javascript\">\/* <![CDATA[ *\/jQuery(document).ready(function($) {if (GBrowserIsCompatible()) {var map_0735e = new GMap2($(\"#map_0735e\").get(0));var lat_0735e = new GLatLng(39.033686, 36.208642);map_0735e.setCenter(lat_0735e, 18);map_0735e.setMapType(G_SATELLITE_MAP);map_0735e.addControl(new GLargeMapControl());map_0735e.addControl(new GMapTypeControl());map_0735e.addOverlay(new GMarker(lat_0735e));map_0735e.openInfoWindowHtml(lat_0735e, \"G\u00f6m\u00fcrgen <br \/>Harman\u0131ndere ve Park Yeri\");}});\/* ]]> *\/<\/script><\/p>\n<p>Projekt:\u00a011 Sa\u011fl\u0131k Oca\u011f\u0131 Ve \u00c7evresi<strong><\/strong><br \/>\n\n<table id=\"tablepress-32\" class=\"tablepress tablepress-id-32\">\n<thead>\n<tr class=\"row-1\">\n\t<th class=\"column-1\">Jahr<\/th><th class=\"column-2\">Arial [Hektar]<\/th><th class=\"column-3\">Setzling Gr\u00f6\u00dfe<\/th><th class=\"column-4\">Setzlinge<\/th>\n<\/tr>\n<\/thead>\n<tbody>\n<tr class=\"row-2\">\n\t<td class=\"column-1\"><\/td><td class=\"column-2\"><\/td><td class=\"column-3\">1 mt \u2013 2 mt\t<\/td><td class=\"column-4\">Kiefer: 1200 Adet <\/td>\n<\/tr>\n<\/tbody>\n<\/table>\n<!-- #tablepress-32 from cache --><br \/>\n<div id=\"map_6b6d0\" class=\"wpmaps\" style=\"width:600px; height:300px; overflow:hidden\"><\/div><script type=\"text\/javascript\">\/* <![CDATA[ *\/jQuery(document).ready(function($) {if (GBrowserIsCompatible()) {var map_6b6d0 = new GMap2($(\"#map_6b6d0\").get(0));var lat_6b6d0 = new GLatLng(39.03647, 36.231902);map_6b6d0.setCenter(lat_6b6d0, 18);map_6b6d0.setMapType(G_SATELLITE_MAP);map_6b6d0.addControl(new GLargeMapControl());map_6b6d0.addControl(new GMapTypeControl());map_6b6d0.addOverlay(new GMarker(lat_6b6d0));map_6b6d0.openInfoWindowHtml(lat_6b6d0, \"G\u00f6m\u00fcrgen <br \/>Sa\u011fl\u0131k Oca\u011f\u0131 Ve \u00c7evresi\");}});\/* ]]> *\/<\/script><\/p>\n<p>Projekt:\u00a012 Su Deposu<br \/>\n\n<table id=\"tablepress-33\" class=\"tablepress tablepress-id-33\">\n<thead>\n<tr class=\"row-1\">\n\t<th class=\"column-1\">Jahr<\/th><th class=\"column-2\">Arial [Hektar]<\/th><th class=\"column-3\">Setzling Gr\u00f6\u00dfe<\/th><th class=\"column-4\">Setzlinge<\/th>\n<\/tr>\n<\/thead>\n<tbody>\n<tr class=\"row-2\">\n\t<td class=\"column-1\"><\/td><td class=\"column-2\"><\/td><td class=\"column-3\">50 cm \u2013 1 mt<\/td><td class=\"column-4\">Gelb-Kiefer: 1000 St\u00fcck<\/td>\n<\/tr>\n<\/tbody>\n<\/table>\n<!-- #tablepress-33 from cache --><br \/>\n<div id=\"map_1b9eb\" class=\"wpmaps\" style=\"width:600px; height:300px; overflow:hidden\"><\/div><script type=\"text\/javascript\">\/* <![CDATA[ *\/jQuery(document).ready(function($) {if (GBrowserIsCompatible()) {var map_1b9eb = new GMap2($(\"#map_1b9eb\").get(0));var lat_1b9eb = new GLatLng(39.034503, 36.238950);map_1b9eb.setCenter(lat_1b9eb, 18);map_1b9eb.setMapType(G_SATELLITE_MAP);map_1b9eb.addControl(new GLargeMapControl());map_1b9eb.addControl(new GMapTypeControl());map_1b9eb.addOverlay(new GMarker(lat_1b9eb));map_1b9eb.openInfoWindowHtml(lat_1b9eb, \"G\u00f6m\u00fcrgen <br \/>Su Deposu\");}});\/* ]]> *\/<\/script><\/p>\n<p>Projekt:\u00a013 Tatar Deresi<strong><\/strong><br \/>\n\n<table id=\"tablepress-34\" class=\"tablepress tablepress-id-34\">\n<thead>\n<tr class=\"row-1\">\n\t<th class=\"column-1\">Jahr<\/th><th class=\"column-2\">Arial [Hektar]<\/th><th class=\"column-3\">Setzling Gr\u00f6\u00dfe<\/th><th class=\"column-4\">Setzlinge<\/th>\n<\/tr>\n<\/thead>\n<tbody>\n<tr class=\"row-2\">\n\t<td class=\"column-1\"><\/td><td class=\"column-2\"><\/td><td class=\"column-3\">50 cm \u2013 1 mt<\/td><td class=\"column-4\">Kiefer     : 200 St\u00fcck<br \/>\r\nFelsenkirsche (Mahlab) : 50 St\u00fcck<br \/>\r\nWeide     : 200 St\u00fcck<br \/>\r\nAkazie  : 150 St\u00fcck<\/td>\n<\/tr>\n<\/tbody>\n<\/table>\n<!-- #tablepress-34 from cache --><br \/>\n<div id=\"map_1e66c\" class=\"wpmaps\" style=\"width:600px; height:300px; overflow:hidden\"><\/div><script type=\"text\/javascript\">\/* <![CDATA[ *\/jQuery(document).ready(function($) {if (GBrowserIsCompatible()) {var map_1e66c = new GMap2($(\"#map_1e66c\").get(0));var lat_1e66c = new GLatLng(39.033686, 36.208642);map_1e66c.setCenter(lat_1e66c, 18);map_1e66c.setMapType(G_SATELLITE_MAP);map_1e66c.addControl(new GLargeMapControl());map_1e66c.addControl(new GMapTypeControl());map_1e66c.addOverlay(new GMarker(lat_1e66c));map_1e66c.openInfoWindowHtml(lat_1e66c, \"G\u00f6m\u00fcrgen <br \/>Tatar Deresi<strong> <\/strong>\");}});\/* ]]> *\/<\/script><\/p>\n<p>Projekt:\u00a014 \u00c7erkez Yolu Yol Kenar\u0131 (P\u00f6hrek Taraf\u0131)<br \/>\n\n<table id=\"tablepress-35\" class=\"tablepress tablepress-id-35\">\n<thead>\n<tr class=\"row-1\">\n\t<th class=\"column-1\">Jahr<\/th><th class=\"column-2\">Arial [Hektar]<\/th><th class=\"column-3\">Setzling Gr\u00f6\u00dfe<\/th><th class=\"column-4\">Setzlinge<\/th>\n<\/tr>\n<\/thead>\n<tbody>\n<tr class=\"row-2\">\n\t<td class=\"column-1\"><\/td><td class=\"column-2\"><\/td><td class=\"column-3\">50 cm \u2013 1 mt<\/td><td class=\"column-4\">Kiefer    : 50 St\u00fcck<br \/>\r\nWeide    : 50 St\u00fcck<\/td>\n<\/tr>\n<\/tbody>\n<\/table>\n<!-- #tablepress-35 from cache --><br \/>\n<div id=\"map_c005e\" class=\"wpmaps\" style=\"width:600px; height:300px; overflow:hidden\"><\/div><script type=\"text\/javascript\">\/* <![CDATA[ *\/jQuery(document).ready(function($) {if (GBrowserIsCompatible()) {var map_c005e = new GMap2($(\"#map_c005e\").get(0));var lat_c005e = new GLatLng(39.033686, 36.208642);map_c005e.setCenter(lat_c005e, 18);map_c005e.setMapType(G_SATELLITE_MAP);map_c005e.addControl(new GLargeMapControl());map_c005e.addControl(new GMapTypeControl());map_c005e.addOverlay(new GMarker(lat_c005e));map_c005e.openInfoWindowHtml(lat_c005e, \"G\u00f6m\u00fcrgen <br \/>\u00c7erkez Yolu Yol Kenar\u0131 (P\u00f6hrek Taraf\u0131)\");}});\/* ]]> *\/<\/script><\/p>\n<p>&nbsp;<\/p>\n","protected":false},"excerpt":{"rendered":"<p>Projekt 1: Zirebelik Projekt:\u00a02 D\u00fcz Pinar Projekt: 3 B\u00fcy\u00fck Tepe Projekt: 4 P\u00f6rek Projekt:\u00a05 Cerkez yolu Projekt:\u00a06 Yamac mevkii Projekt:\u00a07 Mezarl\u0131k Projekt:\u00a08 Kasaba \u0130\u00e7i Sanayi D\u00fckkanlar\u0131 Projekt:\u00a09 \u00c7in\u00e7iklerin Harman\u0131 Projekt:\u00a010 Harman\u0131ndere ve Park Yeri Projekt:\u00a011 Sa\u011fl\u0131k Oca\u011f\u0131 Ve \u00c7evresi Projekt:\u00a012 Su Deposu Projekt:\u00a013 Tatar Deresi Projekt:\u00a014 \u00c7erkez Yolu Yol Kenar\u0131 (P\u00f6hrek Taraf\u0131) &nbsp;<\/p>\n","protected":false},"author":1,"featured_media":0,"parent":2063,"menu_order":11,"comment_status":"closed","ping_status":"closed","template":"","meta":{"ngg_post_thumbnail":0,"footnotes":""},"class_list":["post-1393","page","type-page","status-publish","hentry"],"_links":{"self":[{"href":"https:\/\/www.goemuergen.de\/index.php?rest_route=\/wp\/v2\/pages\/1393","targetHints":{"allow":["GET"]}}],"collection":[{"href":"https:\/\/www.goemuergen.de\/index.php?rest_route=\/wp\/v2\/pages"}],"about":[{"href":"https:\/\/www.goemuergen.de\/index.php?rest_route=\/wp\/v2\/types\/page"}],"author":[{"embeddable":true,"href":"https:\/\/www.goemuergen.de\/index.php?rest_route=\/wp\/v2\/users\/1"}],"replies":[{"embeddable":true,"href":"https:\/\/www.goemuergen.de\/index.php?rest_route=%2Fwp%2Fv2%2Fcomments&post=1393"}],"version-history":[{"count":0,"href":"https:\/\/www.goemuergen.de\/index.php?rest_route=\/wp\/v2\/pages\/1393\/revisions"}],"up":[{"embeddable":true,"href":"https:\/\/www.goemuergen.de\/index.php?rest_route=\/wp\/v2\/pages\/2063"}],"wp:attachment":[{"href":"https:\/\/www.goemuergen.de\/index.php?rest_route=%2Fwp%2Fv2%2Fmedia&parent=1393"}],"curies":[{"name":"wp","href":"https:\/\/api.w.org\/{rel}","templated":true}]}}