{"id":1241,"date":"2011-11-16T12:59:21","date_gmt":"2011-11-16T12:59:21","guid":{"rendered":"http:\/\/www.goemuergen.de\/?page_id=1241"},"modified":"2011-11-16T12:59:21","modified_gmt":"2011-11-16T12:59:21","slug":"agaclandirma-projeleri","status":"publish","type":"page","link":"https:\/\/www.goemuergen.de\/?page_id=1241&lang=tr","title":{"rendered":"A\u011fa\u00e7land\u0131rma Projeleri"},"content":{"rendered":"<p>Proje: 1 Zirebelik<br \/>\n\n<table id=\"tablepress-13\" class=\"tablepress tablepress-id-13\">\n<thead>\n<tr class=\"row-1\">\n\t<th class=\"column-1\">Sene<\/th><th class=\"column-2\">Alan [Hektar]<\/th><th class=\"column-3\">Boyut <\/th><th class=\"column-4\">Bitki<\/th>\n<\/tr>\n<\/thead>\n<tbody>\n<tr class=\"row-2\">\n\t<td class=\"column-1\">2009<\/td><td class=\"column-2\">2<\/td><td class=\"column-3\">50 cm \u2013 1 mt\t<\/td><td class=\"column-4\">Ceviz  \t : 250 adet <br \/>\r\n\u00c7am \t : 800 Adet<br \/>\r\nBadem       : 350 Adet<br \/>\r\nAkasya       : 300 Adet<br \/>\r\nMahlep       : 100 adet <br \/>\r\n<\/td>\n<\/tr>\n<tr class=\"row-3\">\n\t<td class=\"column-1\">2011<\/td><td class=\"column-2\">4<\/td><td class=\"column-3\">50 cm \u2013 1 mt<\/td><td class=\"column-4\">Badem : 200 adet <br \/>\r\nCeviz    : 200 Adet<br \/>\r\nS\u00f6\u011f\u00fct    : 100 adet <br \/>\r\nMe\u015fe     : 300 Adet<br \/>\r\n<\/td>\n<\/tr>\n<\/tbody>\n<\/table>\n<br \/>\n<div id=\"map_385f3\" class=\"wpmaps\" style=\"width:600px; height:300px; overflow:hidden\"><\/div><script type=\"text\/javascript\">\/* <![CDATA[ *\/jQuery(document).ready(function($) {if (GBrowserIsCompatible()) {var map_385f3 = new GMap2($(\"#map_385f3\").get(0));var lat_385f3 = new GLatLng(39.029111, 36.231236);map_385f3.setCenter(lat_385f3, 17);map_385f3.setMapType(G_SATELLITE_MAP);map_385f3.addControl(new GLargeMapControl());map_385f3.addControl(new GMapTypeControl());map_385f3.addOverlay(new GMarker(lat_385f3));map_385f3.openInfoWindowHtml(lat_385f3, \"G\u00f6m\u00fcrgen <br \/>Zirebelik\");}});\/* ]]> *\/<\/script><\/p>\n<p>Proje: 1 D\u00fcz Pinar<br \/>\n\n<table id=\"tablepress-14\" class=\"tablepress tablepress-id-14\">\n<thead>\n<tr class=\"row-1\">\n\t<th class=\"column-1\">Sene<\/th><th class=\"column-2\">Alan [Hektar]<\/th><th class=\"column-3\">Boyut<\/th><th class=\"column-4\">Bitki<\/th>\n<\/tr>\n<\/thead>\n<tbody>\n<tr class=\"row-2\">\n\t<td class=\"column-1\">2009<\/td><td class=\"column-2\">3<\/td><td class=\"column-3\">1 mt \u2013 1 mt\t<\/td><td class=\"column-4\">Ceviz       : 350 adet <br \/>\r\nPalamut  : 250 Adet<br \/>\r\nAkasya   : 200 Adet<br \/>\r\n<\/td>\n<\/tr>\n<tr class=\"row-3\">\n\t<td class=\"column-1\">2011<\/td><td class=\"column-2\">3,5<\/td><td class=\"column-3\">1 mt \u2013 1 mt<\/td><td class=\"column-4\">Palamut       : 250 adet <br \/>\r\nSar\u0131 \u00c7am      : 500 Adet<br \/>\r\nAt kestanesi  : 200 Adet<br \/>\r\nS\u00f6\u011f\u00fct            : 100 adet <br \/>\r\nKara \u00e7am       : 700 Adet<br \/>\r\n<\/td>\n<\/tr>\n<\/tbody>\n<\/table>\n<br \/>\n<div id=\"map_7e990\" class=\"wpmaps\" style=\"width:600px; height:300px; overflow:hidden\"><\/div><script type=\"text\/javascript\">\/* <![CDATA[ *\/jQuery(document).ready(function($) {if (GBrowserIsCompatible()) {var map_7e990 = new GMap2($(\"#map_7e990\").get(0));var lat_7e990 = new GLatLng(39.044019, 36.21436);map_7e990.setCenter(lat_7e990, 17);map_7e990.setMapType(G_SATELLITE_MAP);map_7e990.addControl(new GLargeMapControl());map_7e990.addControl(new GMapTypeControl());map_7e990.addOverlay(new GMarker(lat_7e990));map_7e990.openInfoWindowHtml(lat_7e990, \"G\u00f6m\u00fcrgen <br \/>D\u00fcz Pinar\");}});\/* ]]> *\/<\/script><\/p>\n<p>Proje: 3 B\u00fcy\u00fck Tepe<br \/>\n\n<table id=\"tablepress-15\" class=\"tablepress tablepress-id-15\">\n<thead>\n<tr class=\"row-1\">\n\t<th class=\"column-1\">Sene<\/th><th class=\"column-2\">Alan [Hektar]<\/th><th class=\"column-3\">Boyut<\/th><th class=\"column-4\">Bitki<\/th>\n<\/tr>\n<\/thead>\n<tbody>\n<tr class=\"row-2\">\n\t<td class=\"column-1\">2011<\/td><td class=\"column-2\">3<\/td><td class=\"column-3\">1 mt \u2013 2 mt<\/td><td class=\"column-4\">\u00c7am  \t    : 250 adet <br \/>\r\nSar\u0131 \u00e7am \t    : 350 Adet<br \/>\r\nSedir\t     : 250 Adet<br \/>\r\nTop Akasya   :   50 Adet<br \/>\r\nMahlep\t     : 100 adet <br \/>\r\n<\/td>\n<\/tr>\n<\/tbody>\n<\/table>\n<br \/>\n<div id=\"map_d1c30\" class=\"wpmaps\" style=\"width:600px; height:300px; overflow:hidden\"><\/div><script type=\"text\/javascript\">\/* <![CDATA[ *\/jQuery(document).ready(function($) {if (GBrowserIsCompatible()) {var map_d1c30 = new GMap2($(\"#map_d1c30\").get(0));var lat_d1c30 = new GLatLng(39.026535, 36.242641);map_d1c30.setCenter(lat_d1c30, 17);map_d1c30.setMapType(G_SATELLITE_MAP);map_d1c30.addControl(new GLargeMapControl());map_d1c30.addControl(new GMapTypeControl());map_d1c30.addOverlay(new GMarker(lat_d1c30));map_d1c30.openInfoWindowHtml(lat_d1c30, \"G\u00f6m\u00fcrgen <br \/> B\u00fcy\u00fck Tepe\");}});\/* ]]> *\/<\/script><\/p>\n<p>Proje: 4 P\u00f6rek<br \/>\n\n<table id=\"tablepress-16\" class=\"tablepress tablepress-id-16\">\n<thead>\n<tr class=\"row-1\">\n\t<th class=\"column-1\">Sene<\/th><th class=\"column-2\">Alan [Hektar]<\/th><th class=\"column-3\">Boyut<\/th><th class=\"column-4\">Bitki<\/th>\n<\/tr>\n<\/thead>\n<tbody>\n<tr class=\"row-2\">\n\t<td class=\"column-1\">2010<\/td><td class=\"column-2\">3<\/td><td class=\"column-3\">50 cm \u2013 1 mt\t<\/td><td class=\"column-4\">Sar\u0131 \u00c7am : 250 Adet<br \/>\r\nMahlep     : 150 Adet <br \/>\r\nMe\u015fe        : 250 Adet<br \/>\r\nAkasya     : 75 adet<br \/>\r\nS\u00f6\u011f\u00fct        : 40 adet <br \/>\r\n<\/td>\n<\/tr>\n<tr class=\"row-3\">\n\t<td class=\"column-1\">2011<\/td><td class=\"column-2\">2<\/td><td class=\"column-3\">50 cm \u2013 1 mt<\/td><td class=\"column-4\">Sar\u0131 \u00c7am : 100 Adet<br \/>\r\nMahlep     : 200 Adet <br \/>\r\nMe\u015fe        : 200 Adet<br \/>\r\n<\/td>\n<\/tr>\n<\/tbody>\n<\/table>\n<br \/>\n<div id=\"map_d2877\" class=\"wpmaps\" style=\"width:600px; height:300px; overflow:hidden\"><\/div><script type=\"text\/javascript\">\/* <![CDATA[ *\/jQuery(document).ready(function($) {if (GBrowserIsCompatible()) {var map_d2877 = new GMap2($(\"#map_d2877\").get(0));var lat_d2877 = new GLatLng(39.009751, 36.27597);map_d2877.setCenter(lat_d2877, 18);map_d2877.setMapType(G_SATELLITE_MAP);map_d2877.addControl(new GLargeMapControl());map_d2877.addControl(new GMapTypeControl());map_d2877.addOverlay(new GMarker(lat_d2877));map_d2877.openInfoWindowHtml(lat_d2877, \"G\u00f6m\u00fcrgen <br \/>P\u00f6rek\");}});\/* ]]> *\/<\/script><\/p>\n<p>Proje:\u00a05 Cerkez yolu<br \/>\n\n<table id=\"tablepress-23\" class=\"tablepress tablepress-id-23\">\n<thead>\n<tr class=\"row-1\">\n\t<th class=\"column-1\">Sene<\/th><th class=\"column-2\">Alan [Hektar]<\/th><th class=\"column-3\">Boyut<\/th><th class=\"column-4\">Bitki<\/th>\n<\/tr>\n<\/thead>\n<tbody>\n<tr class=\"row-2\">\n\t<td class=\"column-1\">2009<\/td><td class=\"column-2\">4<\/td><td class=\"column-3\">1 mt \u2013 2 mt\t<\/td><td class=\"column-4\">Ceviz    : 200 Adet <br \/>\r\n\u00c7am     : 550 Adet<br \/>\r\nBadem  : 350 Adet<br \/>\r\nAkasya   : 100 Adet<br \/>\r\nMahlep    : 400 Adet<br \/>\r\nSar\u0131 \u00c7am : 400 Adet <br \/>\r\nSedir       : 50 Adet<br \/>\r\nS\u00f6\u011f\u00fct      : 75 adet<br \/>\r\n<\/td>\n<\/tr>\n<\/tbody>\n<\/table>\n<br \/>\n<div id=\"map_a8155\" class=\"wpmaps\" style=\"width:600px; height:300px; overflow:hidden\"><\/div><script type=\"text\/javascript\">\/* <![CDATA[ *\/jQuery(document).ready(function($) {if (GBrowserIsCompatible()) {var map_a8155 = new GMap2($(\"#map_a8155\").get(0));var lat_a8155 = new GLatLng(39.008105, 36.265504);map_a8155.setCenter(lat_a8155, 18);map_a8155.setMapType(G_SATELLITE_MAP);map_a8155.addControl(new GLargeMapControl());map_a8155.addControl(new GMapTypeControl());map_a8155.addOverlay(new GMarker(lat_a8155));map_a8155.openInfoWindowHtml(lat_a8155, \"G\u00f6m\u00fcrgen <br \/>Cerkez yolu\");}});\/* ]]> *\/<\/script><\/p>\n<p>Proje:\u00a06\u00a0\u00a0Yamac mevkii<br \/>\n\n<table id=\"tablepress-24\" class=\"tablepress tablepress-id-24\">\n<thead>\n<tr class=\"row-1\">\n\t<th class=\"column-1\">Sene<\/th><th class=\"column-2\">Alan [Hektar]<\/th><th class=\"column-3\">Boyut<\/th><th class=\"column-4\">Bitki<\/th>\n<\/tr>\n<\/thead>\n<tbody>\n<tr class=\"row-2\">\n\t<td class=\"column-1\">20011<\/td><td class=\"column-2\">1<\/td><td class=\"column-3\">50 cm \u2013 1 mt<\/td><td class=\"column-4\">Badem : 700 adet <br \/>\r\nCeviz   : 250 Adet<br \/>\r\nMe\u015fe   : 200 Adet<br \/>\r\nS\u00f6\u011f\u00fct   : 25 Adet     <br \/>\r\n<\/td>\n<\/tr>\n<\/tbody>\n<\/table>\n<br \/>\n<div id=\"map_88686\" class=\"wpmaps\" style=\"width:600px; height:300px; overflow:hidden\"><\/div><script type=\"text\/javascript\">\/* <![CDATA[ *\/jQuery(document).ready(function($) {if (GBrowserIsCompatible()) {var map_88686 = new GMap2($(\"#map_88686\").get(0));var lat_88686 = new GLatLng(39.033686, 36.208642);map_88686.setCenter(lat_88686, 18);map_88686.setMapType(G_SATELLITE_MAP);map_88686.addControl(new GLargeMapControl());map_88686.addControl(new GMapTypeControl());map_88686.addOverlay(new GMarker(lat_88686));map_88686.openInfoWindowHtml(lat_88686, \"G\u00f6m\u00fcrgen <br \/>Yamac mevkii\");}});\/* ]]> *\/<\/script><\/p>\n<p>Proje:\u00a07 Mezarl\u0131k<br \/>\n\n<table id=\"tablepress-36\" class=\"tablepress tablepress-id-36\">\n<thead>\n<tr class=\"row-1\">\n\t<th class=\"column-1\">Sene<\/th><th class=\"column-2\">Alan [Hektar]<\/th><th class=\"column-3\">Boyut<\/th><th class=\"column-4\">Bitki<\/th>\n<\/tr>\n<\/thead>\n<tbody>\n<tr class=\"row-2\">\n\t<td class=\"column-1\"><\/td><td class=\"column-2\"><\/td><td class=\"column-3\">50 cm \u2013 1 mt<\/td><td class=\"column-4\">Di\u015fbudak    : 150 Adet <br \/>\r\nS\u00f6\u011f\u00fct\t : 20 Adet<br \/>\r\nAk\u00e7a a\u011fa\u00e7 : 75 Adet<br \/>\r\nAkasya      : 20 Adet     <br \/>\r\n<\/td>\n<\/tr>\n<\/tbody>\n<\/table>\n<br \/>\n<div id=\"map_e3aea\" class=\"wpmaps\" style=\"width:600px; height:300px; overflow:hidden\"><\/div><script type=\"text\/javascript\">\/* <![CDATA[ *\/jQuery(document).ready(function($) {if (GBrowserIsCompatible()) {var map_e3aea = new GMap2($(\"#map_e3aea\").get(0));var lat_e3aea = new GLatLng(39.03519, 36.217149);map_e3aea.setCenter(lat_e3aea, 18);map_e3aea.setMapType(G_SATELLITE_MAP);map_e3aea.addControl(new GLargeMapControl());map_e3aea.addControl(new GMapTypeControl());map_e3aea.addOverlay(new GMarker(lat_e3aea));map_e3aea.openInfoWindowHtml(lat_e3aea, \"G\u00f6m\u00fcrgen <br \/>Mezarl\u0131k\");}});\/* ]]> *\/<\/script><\/p>\n<p>Proje:\u00a08 Kasaba \u0130\u00e7i Sanayi D\u00fckkanlar\u0131<br \/>\n\n<table id=\"tablepress-37\" class=\"tablepress tablepress-id-37\">\n<thead>\n<tr class=\"row-1\">\n\t<th class=\"column-1\">Sene<\/th><th class=\"column-2\">Alan [Hektar]<\/th><th class=\"column-3\">Boyut<\/th><th class=\"column-4\">Bitki<\/th>\n<\/tr>\n<\/thead>\n<tbody>\n<tr class=\"row-2\">\n\t<td class=\"column-1\"><\/td><td class=\"column-2\"><\/td><td class=\"column-3\">1 mt \u2013 1 mt\t<\/td><td class=\"column-4\">Sar\u0131\u00e7am : 500 adet <br \/>\r\nPalamut : 20 Adet<br \/>\r\n<\/td>\n<\/tr>\n<\/tbody>\n<\/table>\n<br \/>\n<div id=\"map_e53e1\" class=\"wpmaps\" style=\"width:600px; height:300px; overflow:hidden\"><\/div><script type=\"text\/javascript\">\/* <![CDATA[ *\/jQuery(document).ready(function($) {if (GBrowserIsCompatible()) {var map_e53e1 = new GMap2($(\"#map_e53e1\").get(0));var lat_e53e1 = new GLatLng(39.029965, 36.212453);map_e53e1.setCenter(lat_e53e1, 18);map_e53e1.setMapType(G_SATELLITE_MAP);map_e53e1.addControl(new GLargeMapControl());map_e53e1.addControl(new GMapTypeControl());map_e53e1.addOverlay(new GMarker(lat_e53e1));map_e53e1.openInfoWindowHtml(lat_e53e1, \"G\u00f6m\u00fcrgen <br \/>Kasaba \u0130\u00e7i Sanayi D\u00fckkanlar\u0131\");}});\/* ]]> *\/<\/script><\/p>\n<p>Proje:\u00a09 \u00c7in\u00e7iklerin Harman\u0131<strong><\/strong><br \/>\n\n<table id=\"tablepress-38\" class=\"tablepress tablepress-id-38\">\n<thead>\n<tr class=\"row-1\">\n\t<th class=\"column-1\">Sene<\/th><th class=\"column-2\">Alan [Hektar]<\/th><th class=\"column-3\">Boyut<\/th><th class=\"column-4\">Bitki<\/th>\n<\/tr>\n<\/thead>\n<tbody>\n<tr class=\"row-2\">\n\t<td class=\"column-1\"><\/td><td class=\"column-2\"><\/td><td class=\"column-3\">1 mt \u2013 2 mt<\/td><td class=\"column-4\">Sar\u0131 \u00e7am  : 300 adet <br \/>\r\nSedir        : 250 Adet<br \/>\r\nKara \u00e7am : 200 Adet<br \/>\r\n<\/td>\n<\/tr>\n<\/tbody>\n<\/table>\n<br \/>\n<div id=\"map_8c79e\" class=\"wpmaps\" style=\"width:600px; height:300px; overflow:hidden\"><\/div><script type=\"text\/javascript\">\/* <![CDATA[ *\/jQuery(document).ready(function($) {if (GBrowserIsCompatible()) {var map_8c79e = new GMap2($(\"#map_8c79e\").get(0));var lat_8c79e = new GLatLng(39.028221, 36.212279);map_8c79e.setCenter(lat_8c79e, 18);map_8c79e.setMapType(G_SATELLITE_MAP);map_8c79e.addControl(new GLargeMapControl());map_8c79e.addControl(new GMapTypeControl());map_8c79e.addOverlay(new GMarker(lat_8c79e));map_8c79e.openInfoWindowHtml(lat_8c79e, \"G\u00f6m\u00fcrgen <br \/>\u00c7in\u00e7iklerin Harman\u0131\");}});\/* ]]> *\/<\/script><\/p>\n<p>Proje:\u00a010 Harman\u0131ndere ve Park Yeri<br \/>\n\n<table id=\"tablepress-39\" class=\"tablepress tablepress-id-39\">\n<thead>\n<tr class=\"row-1\">\n\t<th class=\"column-1\">Sene<\/th><th class=\"column-2\">Alan [Hektar]<\/th><th class=\"column-3\">Boyut<\/th><th class=\"column-4\">Bitki<\/th>\n<\/tr>\n<\/thead>\n<tbody>\n<tr class=\"row-2\">\n\t<td class=\"column-1\"><\/td><td class=\"column-2\"><\/td><td class=\"column-3\">50 cm \u2013 1 mt\t<\/td><td class=\"column-4\">\u00c7am: 1000 adet <\/td>\n<\/tr>\n<\/tbody>\n<\/table>\n<br \/>\n<div id=\"map_45a9a\" class=\"wpmaps\" style=\"width:600px; height:300px; overflow:hidden\"><\/div><script type=\"text\/javascript\">\/* <![CDATA[ *\/jQuery(document).ready(function($) {if (GBrowserIsCompatible()) {var map_45a9a = new GMap2($(\"#map_45a9a\").get(0));var lat_45a9a = new GLatLng(39.033686, 36.208642);map_45a9a.setCenter(lat_45a9a, 18);map_45a9a.setMapType(G_SATELLITE_MAP);map_45a9a.addControl(new GLargeMapControl());map_45a9a.addControl(new GMapTypeControl());map_45a9a.addOverlay(new GMarker(lat_45a9a));map_45a9a.openInfoWindowHtml(lat_45a9a, \"G\u00f6m\u00fcrgen <br \/>Kasaba \u0130\u00e7i Sanayi D\u00fckkanlar\u0131\");}});\/* ]]> *\/<\/script><\/p>\n<p>Proje:\u00a011 Sa\u011fl\u0131k Oca\u011f\u0131 Ve \u00c7evresi<strong><\/strong><br \/>\n\n<table id=\"tablepress-40\" class=\"tablepress tablepress-id-40\">\n<thead>\n<tr class=\"row-1\">\n\t<th class=\"column-1\">Sene<\/th><th class=\"column-2\">Alan [Hektar]<\/th><th class=\"column-3\">Boyut<\/th><th class=\"column-4\">Bitki<\/th>\n<\/tr>\n<\/thead>\n<tbody>\n<tr class=\"row-2\">\n\t<td class=\"column-1\"><\/td><td class=\"column-2\"><\/td><td class=\"column-3\">1 mt \u2013 2 mt\t<\/td><td class=\"column-4\">\u00c7am: 1200 St\u00fcck<\/td>\n<\/tr>\n<\/tbody>\n<\/table>\n<br \/>\n<div id=\"map_060b6\" class=\"wpmaps\" style=\"width:600px; height:300px; overflow:hidden\"><\/div><script type=\"text\/javascript\">\/* <![CDATA[ *\/jQuery(document).ready(function($) {if (GBrowserIsCompatible()) {var map_060b6 = new GMap2($(\"#map_060b6\").get(0));var lat_060b6 = new GLatLng(39.03647, 36.231902);map_060b6.setCenter(lat_060b6, 18);map_060b6.setMapType(G_SATELLITE_MAP);map_060b6.addControl(new GLargeMapControl());map_060b6.addControl(new GMapTypeControl());map_060b6.addOverlay(new GMarker(lat_060b6));map_060b6.openInfoWindowHtml(lat_060b6, \"G\u00f6m\u00fcrgen <br \/>Sa\u011fl\u0131k Oca\u011f\u0131 Ve \u00c7evresi\");}});\/* ]]> *\/<\/script><\/p>\n<p>Proje:\u00a012 Su Deposu<br \/>\n\n<table id=\"tablepress-41\" class=\"tablepress tablepress-id-41\">\n<thead>\n<tr class=\"row-1\">\n\t<th class=\"column-1\">Sene<\/th><th class=\"column-2\">Alan [Hektar]<\/th><th class=\"column-3\">Boyut<\/th><th class=\"column-4\">Bitki<\/th>\n<\/tr>\n<\/thead>\n<tbody>\n<tr class=\"row-2\">\n\t<td class=\"column-1\"><\/td><td class=\"column-2\"><\/td><td class=\"column-3\">50 cm \u2013 1 mt<\/td><td class=\"column-4\">Sar\u0131 \u00c7am : 1000 Adet<\/td>\n<\/tr>\n<\/tbody>\n<\/table>\n<br \/>\n<div id=\"map_5675f\" class=\"wpmaps\" style=\"width:600px; height:300px; overflow:hidden\"><\/div><script type=\"text\/javascript\">\/* <![CDATA[ *\/jQuery(document).ready(function($) {if (GBrowserIsCompatible()) {var map_5675f = new GMap2($(\"#map_5675f\").get(0));var lat_5675f = new GLatLng(39.034503, 36.238950);map_5675f.setCenter(lat_5675f, 18);map_5675f.setMapType(G_SATELLITE_MAP);map_5675f.addControl(new GLargeMapControl());map_5675f.addControl(new GMapTypeControl());map_5675f.addOverlay(new GMarker(lat_5675f));map_5675f.openInfoWindowHtml(lat_5675f, \"G\u00f6m\u00fcrgen <br \/>Su Deposu\");}});\/* ]]> *\/<\/script><\/p>\n<p>Proje:\u00a013 Tatar Deresi<strong><\/strong><br \/>\n\n<table id=\"tablepress-42\" class=\"tablepress tablepress-id-42\">\n<thead>\n<tr class=\"row-1\">\n\t<th class=\"column-1\">Sene<\/th><th class=\"column-2\">Alan [Hektar]<\/th><th class=\"column-3\">Boyut<\/th><th class=\"column-4\">Bitki<\/th>\n<\/tr>\n<\/thead>\n<tbody>\n<tr class=\"row-2\">\n\t<td class=\"column-1\"><\/td><td class=\"column-2\"><\/td><td class=\"column-3\">50 cm \u2013 1 mt<\/td><td class=\"column-4\">\u00c7am      : 200 Adet<br \/>\r\nMahlep  : 50 Adet <br \/>\r\nS\u00f6\u011f\u00fct     : 200 Adet<br \/>\r\nAkasya  : 150 Adet<br \/>\r\n<\/td>\n<\/tr>\n<\/tbody>\n<\/table>\n<br \/>\n<div id=\"map_d6ccd\" class=\"wpmaps\" style=\"width:600px; height:300px; overflow:hidden\"><\/div><script type=\"text\/javascript\">\/* <![CDATA[ *\/jQuery(document).ready(function($) {if (GBrowserIsCompatible()) {var map_d6ccd = new GMap2($(\"#map_d6ccd\").get(0));var lat_d6ccd = new GLatLng(39.033686, 36.208642);map_d6ccd.setCenter(lat_d6ccd, 18);map_d6ccd.setMapType(G_SATELLITE_MAP);map_d6ccd.addControl(new GLargeMapControl());map_d6ccd.addControl(new GMapTypeControl());map_d6ccd.addOverlay(new GMarker(lat_d6ccd));map_d6ccd.openInfoWindowHtml(lat_d6ccd, \"G\u00f6m\u00fcrgen <br \/>Tatar Deresi<strong> <\/strong>\");}});\/* ]]> *\/<\/script><\/p>\n<p>Proje:\u00a014 \u00c7erkez Yolu Yol Kenar\u0131 (P\u00f6hrek Taraf\u0131)<br \/>\n\n<table id=\"tablepress-43\" class=\"tablepress tablepress-id-43\">\n<thead>\n<tr class=\"row-1\">\n\t<th class=\"column-1\">Sene<\/th><th class=\"column-2\">Alan [Hektar]<\/th><th class=\"column-3\">Boyut<\/th><th class=\"column-4\">Bitki<\/th>\n<\/tr>\n<\/thead>\n<tbody>\n<tr class=\"row-2\">\n\t<td class=\"column-1\"><\/td><td class=\"column-2\"><\/td><td class=\"column-3\">50 cm \u2013 1 mt<\/td><td class=\"column-4\">\u00c7am      : 50 Adet<br \/>\r\nS\u00f6\u011f\u00fct     : 50 Adet<br \/>\r\n<\/td>\n<\/tr>\n<\/tbody>\n<\/table>\n<br \/>\n<div id=\"map_13a96\" class=\"wpmaps\" style=\"width:600px; height:300px; overflow:hidden\"><\/div><script type=\"text\/javascript\">\/* <![CDATA[ *\/jQuery(document).ready(function($) {if (GBrowserIsCompatible()) {var map_13a96 = new GMap2($(\"#map_13a96\").get(0));var lat_13a96 = new GLatLng(39.033686, 36.208642);map_13a96.setCenter(lat_13a96, 18);map_13a96.setMapType(G_SATELLITE_MAP);map_13a96.addControl(new GLargeMapControl());map_13a96.addControl(new GMapTypeControl());map_13a96.addOverlay(new GMarker(lat_13a96));map_13a96.openInfoWindowHtml(lat_13a96, \"G\u00f6m\u00fcrgen <br \/>\u00c7erkez Yolu Yol Kenar\u0131 (P\u00f6hrek Taraf\u0131)\");}});\/* ]]> *\/<\/script><\/p>\n","protected":false},"excerpt":{"rendered":"<p>Proje: 1 Zirebelik Proje: 1 D\u00fcz Pinar Proje: 3 B\u00fcy\u00fck Tepe Proje: 4 P\u00f6rek Proje:\u00a05 Cerkez yolu Proje:\u00a06\u00a0\u00a0Yamac mevkii Proje:\u00a07 Mezarl\u0131k Proje:\u00a08 Kasaba \u0130\u00e7i Sanayi D\u00fckkanlar\u0131 Proje:\u00a09 \u00c7in\u00e7iklerin Harman\u0131 Proje:\u00a010 Harman\u0131ndere ve Park Yeri Proje:\u00a011 Sa\u011fl\u0131k Oca\u011f\u0131 Ve \u00c7evresi Proje:\u00a012 Su Deposu Proje:\u00a013 Tatar Deresi Proje:\u00a014 \u00c7erkez Yolu Yol Kenar\u0131 (P\u00f6hrek Taraf\u0131)<\/p>\n","protected":false},"author":1,"featured_media":0,"parent":2067,"menu_order":11,"comment_status":"closed","ping_status":"closed","template":"","meta":{"ngg_post_thumbnail":0,"footnotes":""},"class_list":["post-1241","page","type-page","status-publish","hentry"],"_links":{"self":[{"href":"https:\/\/www.goemuergen.de\/index.php?rest_route=\/wp\/v2\/pages\/1241","targetHints":{"allow":["GET"]}}],"collection":[{"href":"https:\/\/www.goemuergen.de\/index.php?rest_route=\/wp\/v2\/pages"}],"about":[{"href":"https:\/\/www.goemuergen.de\/index.php?rest_route=\/wp\/v2\/types\/page"}],"author":[{"embeddable":true,"href":"https:\/\/www.goemuergen.de\/index.php?rest_route=\/wp\/v2\/users\/1"}],"replies":[{"embeddable":true,"href":"https:\/\/www.goemuergen.de\/index.php?rest_route=%2Fwp%2Fv2%2Fcomments&post=1241"}],"version-history":[{"count":0,"href":"https:\/\/www.goemuergen.de\/index.php?rest_route=\/wp\/v2\/pages\/1241\/revisions"}],"up":[{"embeddable":true,"href":"https:\/\/www.goemuergen.de\/index.php?rest_route=\/wp\/v2\/pages\/2067"}],"wp:attachment":[{"href":"https:\/\/www.goemuergen.de\/index.php?rest_route=%2Fwp%2Fv2%2Fmedia&parent=1241"}],"curies":[{"name":"wp","href":"https:\/\/api.w.org\/{rel}","templated":true}]}}