{"id":1223,"date":"2011-10-27T13:58:23","date_gmt":"2011-10-27T13:58:23","guid":{"rendered":"http:\/\/www.goemuergen.de\/?page_id=1223"},"modified":"2014-05-22T20:58:53","modified_gmt":"2014-05-22T18:58:53","slug":"kunye","status":"publish","type":"page","link":"https:\/\/www.goemuergen.de\/?page_id=1223&lang=tr","title":{"rendered":"K\u00fcnye"},"content":{"rendered":"<p>Almanya Federal Veri Koruma Kanunu\u00b4nun 28. paragrafina istinaden, kisisel bilgilerimin ticari veya baska herhangi bir amacla kullanilmasini yada kullanilmak uzere devredilmesini kabul etmiyorum.<\/p>\n<p>&nbsp;<\/p>\n<p>Sorumluluk alani<\/p>\n<p>K\u00fcnye sekmesi sadece <a href=\"http:\/\/www.goemuergen.de\/\">www.goemuergen.de<\/a> url adresinde sitenin internet sunumu icin gecerlidir.<\/p>\n<p>&nbsp;<\/p>\n<p>Sorumlu\/Yetkili Kisi:<\/p>\n<p>\u00d6mer Adig\u00fczel<\/p>\n<p>Adres:<\/p>\n<p>Kaiserstr. 19, 58332 Schwelm<\/p>\n<p>E-posta Adresi:oemer.adiguezel [at] goemuergen [nokta] de<\/p>\n<p>&nbsp;<\/p>\n<p>Web projesinin amaci:<\/p>\n<p>G\u00f6m\u00fcrgen Dernegi ile ilgili hert\u00fcrl\u00fc bilgilendirme<\/p>\n<p>&nbsp;<\/p>\n<p>Telif Haklari ve Kullanim<\/p>\n<p>Kisisel\u00a0 kullanicilar sahsi kullanimlari icin sitedeki iceriklerden faydalanma hakkina sahiptir.<\/p>\n<p>Ancak site tarafindan sunulan icerigin degistirilmesi, dagitilmasi, yayinlanmasi ve\/veya ticari amacla kullanimi yasaktir.<\/p>\n<p>Aksi yazili olarak belirtilmedikce, icerik haklari G\u00f6m\u00fcrgen e.V Dernegine aittir.<\/p>\n<p>&nbsp;<\/p>\n<p>Veri Koruma<\/p>\n<p>Kisisel bilgileriniz sadece bilginiz ve isteginiz dogrultusunda kullanilacaktir.<\/p>\n<p>Basvuru talebiniz akabininde hakkinizdaki kayitli bilgilerle alakali \u00fccretsiz bilgi alabilirsiniz.<\/p>\n<p>Bilgi almak icin oemer.adiguezel [at] goemuergen [nokta] de e-posta adresi araciligiyla, \u00d6mer Adiguzel ile irtibata geciniz.<\/p>\n<p>&nbsp;<\/p>\n<p>Y\u00fck\u00fcml\u00fcl\u00fck Kosullari<\/p>\n<p>Bu Web sitesinin icerigi dikkatlice kontrol edilip, en dogru sekilde hazirlanmaya calisilmistir.Ancak icerigin dogrulugu, b\u00fct\u00fcnl\u00fcg\u00fc, g\u00fcncelligi ve niteligi ile ilgili hic bir sorumluluk ve y\u00fck\u00fcml\u00fcl\u00fck kabul edilmemektedir.\u00a0 Bu sebeple kullan\u0131c\u0131lar bu internet sitesinde yer alan i\u00e7eri\u011fe g\u00fcvenerek hareket etmemelidir. Aksine davran\u0131\u015flar nedeniyle olu\u015fan sonu\u00e7lardan hi\u00e7bir sorumluluk kabul edilmez.<\/p>\n<p>Ihlaller<\/p>\n<p>Bu web sitesinin kisisel haklarinizi ihlal ettigini d\u00fcs\u00fcn\u00fcyorsaniz; bunun en kisa zamanda \u00f6nlenmesi icin l\u00fctfen hemen e-posta yoluyla irtibata geciniz.<\/p>\n<p>Bilginize: Uzun s\u00fcreci ile \u00a0maddi k\u00fclfet olusturacak sekilde avukat tayin etmek yerine hemen bizi bilgilendirmeniz, hem sorunun c\u00f6z\u00fcm\u00fcn\u00fc hizlandiracak hem de dernek bilinciyle uyum icinde olacaktir.<\/p>\n<p>Askimet<\/p>\n<p>Bu web sitesinde, olasi istenmeyen yorum ve\u00a0 iceriklerden korunmak icin Askimet Anti Spam Filtresi kullanilmaktadir. Bu filtre yazilan icerigi Amerika Birlesik Devletleri ndeki server a g\u00f6nderir, orada icerik asagida listelenen yasakli kelime\/IP adresi\/e-posta adresleri\/Domain lerle karsilastirilarak kontrol edilir.<\/p>\n<p>\u2022Yazanin yorumu (comment_author)<\/p>\n<p>\u2022Yazanin e-mail adresi (comment_author_email)<\/p>\n<p>\u2022varsa yazanin Homepage adresi(comment_author_url)<\/p>\n<p>\u2022Kullanicilarin kullanici kimligi (user_ID)<\/p>\n<p>\u2022Yazanin IP adresi (user_ip)<\/p>\n<p>\u2022Yazanin web browser bilgileri (user_agent)<\/p>\n<p>\u2022Ziyaret edilen siteler (referrer)<\/p>\n<p>Yorumlariniz bu karsilastirma sonucunda Spam olarak nitelendirilirse, Askimet Anti Spam Filtresi geri bildirimde bulunur. Filtrenin calisabilmesi icin bu veriler Amerika Birlesik Devletlerindeki server da kaydedilir. Sitemizin orada kayitli verilerlere ulasimi yada herhangi bir etkisi m\u00fcmk\u00fcn degildir.<\/p>\n<p>Bu siteye yorum yazdiginizda bu kosullari kabul etmis sayilirsiniz. Kabul etmiyorsaniz yorum yazmaniz yasaktir.<\/p>\n","protected":false},"excerpt":{"rendered":"<p>Almanya Federal Veri Koruma Kanunu\u00b4nun 28. paragrafina istinaden, kisisel bilgilerimin ticari veya baska herhangi bir amacla kullanilmasini yada kullanilmak uzere devredilmesini kabul etmiyorum. &nbsp; Sorumluluk alani K\u00fcnye sekmesi sadece www.goemuergen.de url adresinde sitenin internet sunumu icin gecerlidir. &nbsp; Sorumlu\/Yetkili Kisi: \u00d6mer Adig\u00fczel Adres: Kaiserstr. 19, 58332 Schwelm E-posta Adresi:oemer.adiguezel [at] goemuergen [nokta] de &nbsp; Web [&hellip;]<\/p>\n","protected":false},"author":1,"featured_media":0,"parent":0,"menu_order":68,"comment_status":"closed","ping_status":"closed","template":"","meta":{"ngg_post_thumbnail":0,"footnotes":""},"class_list":["post-1223","page","type-page","status-publish","hentry"],"_links":{"self":[{"href":"https:\/\/www.goemuergen.de\/index.php?rest_route=\/wp\/v2\/pages\/1223","targetHints":{"allow":["GET"]}}],"collection":[{"href":"https:\/\/www.goemuergen.de\/index.php?rest_route=\/wp\/v2\/pages"}],"about":[{"href":"https:\/\/www.goemuergen.de\/index.php?rest_route=\/wp\/v2\/types\/page"}],"author":[{"embeddable":true,"href":"https:\/\/www.goemuergen.de\/index.php?rest_route=\/wp\/v2\/users\/1"}],"replies":[{"embeddable":true,"href":"https:\/\/www.goemuergen.de\/index.php?rest_route=%2Fwp%2Fv2%2Fcomments&post=1223"}],"version-history":[{"count":0,"href":"https:\/\/www.goemuergen.de\/index.php?rest_route=\/wp\/v2\/pages\/1223\/revisions"}],"wp:attachment":[{"href":"https:\/\/www.goemuergen.de\/index.php?rest_route=%2Fwp%2Fv2%2Fmedia&parent=1223"}],"curies":[{"name":"wp","href":"https:\/\/api.w.org\/{rel}","templated":true}]}}